{"id":104,"date":"2024-01-16T08:52:11","date_gmt":"2024-01-16T08:52:11","guid":{"rendered":"https:\/\/snitz.se\/grundskola\/?page_id=104"},"modified":"2024-11-11T17:32:42","modified_gmt":"2024-11-11T17:32:42","slug":"vart-kvalitetsarbete","status":"publish","type":"page","link":"https:\/\/snitz.se\/grundskola\/vart-kvalitetsarbete\/","title":{"rendered":"V\u00e5rt kvalitetsarbete"},"content":{"rendered":"\n\t\n\t\n\t\n\n\t\n\t\n\t\t\n<section  class=\"c-block l-stacked  \" data-color-scheme=\"white\">\n\t<div class=\"ams-fifty ams-fifty--container ams-fifty--right ams-fifty--bottom l-container u-pt-fluid-3xl-6xl u-pb-fluid-3xl-6xl\">\n\t\t<div class=\"ams-fifty__content l-stack l-stack-xl is-left is-left@lg\">\n\t\t\t<div class=\"ams-fifty__text l-stack l-stack-lg\">\n\t\t\t\t\t\n\t<h1\n\tclass=\"c-heading u-font-title-1 \"\n\tstyle=\"\">\n\t\t\n\t\t\t\t\tV\u00e5rt kvalitetsarbete\n\t\t\t\t\n\t<\/h1>\n\n\t\t\t\t\t\t\t\t\t<div class=\"text l-stack u-font-body\">\n\t\t\t\t\t\t<p><span data-sheets-root=\"1\" data-sheets-value=\"{&quot;1&quot;:2,&quot;2&quot;:&quot;P\u00e5 Snitz Grundskola \u00e4r vi m\u00e5na om att ge alla elever goda f\u00f6ruts\u00e4ttningar att l\u00e4ra sig och utvecklas. Alla v\u00e5ra elever ska uppleva att de f\u00e5r en bra utbildning genom god undervisning av duktiga och engagerade l\u00e4rare. F\u00f6r oss \u00e4r det viktigt att varje elev kommer n\u00e4rmare sina framtidsm\u00e5l och dr\u00f6mmar.\\n\\nV\u00e5r kvalitetsrapport\\nSom en del av det systematiska kvalitetsarbetet sammanfattar huvudman samt rektor \u00e5rligen det g\u00e5ngna verksamhets\u00e5ret avseende m\u00e5l, resultat, analyser och strategier i skolans kvalitetsrapport. Den ger en \u00f6versikt av hur vi arbetar med kvalitet p\u00e5 b\u00e5de skolniv\u00e5 och huvudmannaniv\u00e5. Du kan l\u00e4sa kvalitetsrapporten nedan.&quot;}\" data-sheets-userformat=\"{&quot;2&quot;:5025,&quot;3&quot;:{&quot;1&quot;:0},&quot;8&quot;:{&quot;1&quot;:[{&quot;1&quot;:2,&quot;2&quot;:0,&quot;5&quot;:{&quot;1&quot;:2,&quot;2&quot;:0}},{&quot;1&quot;:0,&quot;2&quot;:0,&quot;3&quot;:3},{&quot;1&quot;:1,&quot;2&quot;:0,&quot;4&quot;:1}]},&quot;10&quot;:0,&quot;11&quot;:4,&quot;12&quot;:0,&quot;15&quot;:&quot;Helvetica Neue&quot;}\">P\u00e5 Snitz Grundskola \u00e4r vi m\u00e5na om att ge alla elever goda f\u00f6ruts\u00e4ttningar att l\u00e4ra sig och utvecklas. Alla v\u00e5ra elever ska uppleva att de f\u00e5r en bra utbildning genom god undervisning av duktiga och engagerade l\u00e4rare. F\u00f6r oss \u00e4r det viktigt att varje elev kommer n\u00e4rmare sina framtidsm\u00e5l och dr\u00f6mmar.<\/p>\n<p><strong>V\u00e5r kvalitetsrapport<\/strong><br \/>\nSom en del av det systematiska kvalitetsarbetet sammanfattar huvudman samt rektor \u00e5rligen det g\u00e5ngna verksamhets\u00e5ret avseende m\u00e5l, resultat, analyser och strategier i skolans kvalitetsrapport. Den ger en \u00f6versikt av hur vi arbetar med kvalitet p\u00e5 b\u00e5de skolniv\u00e5 och huvudmannaniv\u00e5. Du kan l\u00e4sa kvalitetsrapporten nedan.<\/span><\/p>\n\n\t\t\t\t\t<\/div>\n\t\t\t\t\t\t\t<\/div>\n\n\t\t\t\t<div class=\"ams-fifty__action u-inline-items\">\n\t\t\t\t\t\t\t\n\n\n<a href=\"https:\/\/snitz.se\/wp-content\/uploads\/sites\/4\/2024\/11\/snitz-grundskola-kr-2023-2024-1.pdf\"\n\t\n\tclass=\"c-btn \"\n\tdata-style=\"rounded\"\n\tdata-size=\"md\"\n\tdata-width=\"full-mobile\"\n\tdata-variant=\"default\"\n\ttarget=\"_blank\">\n\t\t\t<span class=\"label\"> Kvalitetsrapport 23\/24<\/span>\n\t\t\t<\/a>\n\t\t\t<\/div>\n\t\t<\/div>\n\n\t\t <div class=\"ams-fifty__media u-ratio-square\">\n\t\t \t\t\t\t\t<img loading=\"lazy\" decoding=\"async\" width=\"600\" height=\"400\" src=\"https:\/\/snitz.se\/wp-content\/uploads\/sites\/4\/2024\/01\/snitz-grundskola-kvalitetsarbete-stockholm-202309-scaled-600x400.jpg\" class=\"attachment-md size-md\" alt=\"En l\u00e4rare hj\u00e4lper en elev under en lektion p\u00e5 Snitz Grundskola.\" sizes=\"(min-width: 64em) 600px, calc(100vw - 160px)\" srcset=\"https:\/\/snitz.se\/wp-content\/uploads\/sites\/4\/2024\/01\/snitz-grundskola-kvalitetsarbete-stockholm-202309-scaled-600x400.jpg 600w, https:\/\/snitz.se\/wp-content\/uploads\/sites\/4\/2024\/01\/snitz-grundskola-kvalitetsarbete-stockholm-202309-scaled-300x200.jpg 300w, https:\/\/snitz.se\/wp-content\/uploads\/sites\/4\/2024\/01\/snitz-grundskola-kvalitetsarbete-stockholm-202309-scaled-400x267.jpg 400w, https:\/\/snitz.se\/wp-content\/uploads\/sites\/4\/2024\/01\/snitz-grundskola-kvalitetsarbete-stockholm-202309-scaled-800x533.jpg 800w, https:\/\/snitz.se\/wp-content\/uploads\/sites\/4\/2024\/01\/snitz-grundskola-kvalitetsarbete-stockholm-202309-scaled-1024x683.jpg 1024w, https:\/\/snitz.se\/wp-content\/uploads\/sites\/4\/2024\/01\/snitz-grundskola-kvalitetsarbete-stockholm-202309-scaled-1200x800.jpg 1200w\" \/>\n\t\t\t\n\t\t\t\n\t\t\t\t\t<\/div>\n\t<\/div>\n\n\t\t\n\n<\/section>\n\n\n\n\t\n\t\n\t\n\n\t\n\t\n\t\t\n<section  class=\"c-block l-stacked  \" data-color-scheme=\"white\">\n\t<div class=\"ams-fifty ams-fifty--container ams-fifty--left ams-fifty--bottom l-container u-pt-fluid-3xl-6xl u-pb-fluid-3xl-6xl\">\n\t\t<div class=\"ams-fifty__content l-stack l-stack-xl is-left is-left@lg\">\n\t\t\t<div class=\"ams-fifty__text l-stack l-stack-lg\">\n\t\t\t\t\t\n\t<h2\n\tclass=\"c-heading u-font-title-1 \"\n\tstyle=\"\">\n\t\t\n\t\t\t\t\tTrygghet och kvalitet\n\t\t\t\t\n\t<\/h2>\n\n\t\t\t\t\t\t\t\t\t<div class=\"text l-stack u-font-body\">\n\t\t\t\t\t\t<p><span data-sheets-root=\"1\" data-sheets-value=\"{&quot;1&quot;:2,&quot;2&quot;:&quot;Det \u00e4r viktigt f\u00f6r oss att det g\u00e5r bra f\u00f6r v\u00e5ra elever. Vi \u00e4r \u00f6vertygade om att n\u00e4r skolan \u00e4r trygg och studierna hanterbara, n\u00e4r vi har goda relationer mellan klasskamrater och l\u00e4rare samt k\u00e4nner ett engagemang, s\u00e5 har vi nycklarna till v\u00e5ra elevers framg\u00e5ng och v\u00e4lm\u00e5ende. Vi arbetar aktivt med inkludering, s\u00e5 att alla elever blir sedda och respekterade f\u00f6r sin identitet. Hos oss \u00e4r olika bra!&quot;}\" data-sheets-userformat=\"{&quot;2&quot;:801,&quot;3&quot;:{&quot;1&quot;:0},&quot;8&quot;:{&quot;1&quot;:[{&quot;1&quot;:2,&quot;2&quot;:0,&quot;5&quot;:{&quot;1&quot;:2,&quot;2&quot;:0}},{&quot;1&quot;:0,&quot;2&quot;:0,&quot;3&quot;:3},{&quot;1&quot;:1,&quot;2&quot;:0,&quot;4&quot;:1}]},&quot;11&quot;:4,&quot;12&quot;:0}\">Det \u00e4r viktigt f\u00f6r oss att det g\u00e5r bra f\u00f6r v\u00e5ra elever. Vi \u00e4r \u00f6vertygade om att n\u00e4r skolan \u00e4r trygg och studierna hanterbara, n\u00e4r vi har goda relationer mellan klasskamrater och l\u00e4rare samt k\u00e4nner ett engagemang, s\u00e5 har vi nycklarna till v\u00e5ra elevers framg\u00e5ng och v\u00e4lm\u00e5ende. Vi arbetar aktivt med inkludering, s\u00e5 att alla elever blir sedda och respekterade f\u00f6r sin identitet. Hos oss \u00e4r olika bra!<\/span><\/p>\n\n\t\t\t\t\t<\/div>\n\t\t\t\t\t\t\t<\/div>\n\n\t\t\t\t\t<\/div>\n\n\t\t <div class=\"ams-fifty__media u-ratio-square\">\n\t\t \t\t\t\t\t<img loading=\"lazy\" decoding=\"async\" width=\"600\" height=\"400\" src=\"https:\/\/snitz.se\/wp-content\/uploads\/sites\/4\/2024\/01\/snitz-grundskola-kvalitetsarbete-stockholm-2-202309-scaled-600x400.jpg\" class=\"attachment-md size-md\" alt=\"En elev p\u00e5 Snitz Grundskola st\u00e5r framf\u00f6r klassen och presenterar, bredvid st\u00e5r en glad l\u00e4rare.\" sizes=\"(min-width: 64em) 600px, calc(100vw - 160px)\" srcset=\"https:\/\/snitz.se\/wp-content\/uploads\/sites\/4\/2024\/01\/snitz-grundskola-kvalitetsarbete-stockholm-2-202309-scaled-600x400.jpg 600w, https:\/\/snitz.se\/wp-content\/uploads\/sites\/4\/2024\/01\/snitz-grundskola-kvalitetsarbete-stockholm-2-202309-scaled-300x200.jpg 300w, https:\/\/snitz.se\/wp-content\/uploads\/sites\/4\/2024\/01\/snitz-grundskola-kvalitetsarbete-stockholm-2-202309-scaled-400x267.jpg 400w, https:\/\/snitz.se\/wp-content\/uploads\/sites\/4\/2024\/01\/snitz-grundskola-kvalitetsarbete-stockholm-2-202309-scaled-800x533.jpg 800w, https:\/\/snitz.se\/wp-content\/uploads\/sites\/4\/2024\/01\/snitz-grundskola-kvalitetsarbete-stockholm-2-202309-scaled-1024x683.jpg 1024w, https:\/\/snitz.se\/wp-content\/uploads\/sites\/4\/2024\/01\/snitz-grundskola-kvalitetsarbete-stockholm-2-202309-scaled-1200x800.jpg 1200w\" \/>\n\t\t\t\n\t\t\t\n\t\t\t\t\t<\/div>\n\t<\/div>\n\n\t\t\n\n<\/section>\n\n\n\n<section \n\t\t class=\"\n\t\t ams-contact\n\t\t \n\t\t c-block l-stacked\n\t\t \n\t\t \n\t\t js-load-more\n\t\t \"\n\t\t data-color-scheme=\"gray\"\n\t\t\t\t\tdata-count=\"3\"\n\t\t\t\t\t\t\tdata-count-mobile=\"2\"\n\t\t\t\t>\n\t<div\n\t\t class=\"\n\t\t l-container\n\t\t l-stack l-stack-fluid-2xl\n\t\t u-pt-fluid-3xl-6xl\n\t\t u-pb-fluid-3xl-6xl\n\t\t is-center\n\t\t is-center@md\n\t\t \">\n\t\t\t\t\t<div class=\"ams-contact__intro l-stack l-stack-lg\">\n\t\t\t\t\t\n\t<h2\n\tclass=\"c-heading u-font-title-1 \"\n\tstyle=\"\">\n\t\t\n\t\t\t\t\tHar du fr\u00e5gor?\n\t\t\t\t\n\t<\/h2>\n\n\t\t\t\t\t\t\t\t\t<div class=\"c-text l-stack u-cs-xl u-font-body\">\n\t\t\t\t\t\t<p><span data-sheets-root=\"1\" data-sheets-value=\"{&quot;1&quot;:2,&quot;2&quot;:&quot;Om du undrar n\u00e5got om kvalitetsarbetet p\u00e5 Snitz Grundskola \u00e4r du v\u00e4lkommen att kontakta v\u00e5r rektor.&quot;}\" data-sheets-userformat=\"{&quot;2&quot;:5025,&quot;3&quot;:{&quot;1&quot;:0},&quot;8&quot;:{&quot;1&quot;:[{&quot;1&quot;:2,&quot;2&quot;:0,&quot;5&quot;:{&quot;1&quot;:2,&quot;2&quot;:0}},{&quot;1&quot;:0,&quot;2&quot;:0,&quot;3&quot;:3},{&quot;1&quot;:1,&quot;2&quot;:0,&quot;4&quot;:1}]},&quot;10&quot;:0,&quot;11&quot;:4,&quot;12&quot;:0,&quot;15&quot;:&quot;Helvetica Neue&quot;}\">Om du undrar n\u00e5got om kvalitetsarbetet p\u00e5 Snitz Grundskola \u00e4r du v\u00e4lkommen att kontakta v\u00e5r rektor.<\/span><\/p>\n\n\t\t\t\t\t<\/div>\n\t\t\t\t\t\t\t<\/div>\n\t\t\n\t\t\n\t\t    \t\n\t\t\n\t\t<ul\n\t\t\tid=\"contact-grid-69e4cd3ddacb2\"\n\t\t\tclass=\"ams-contact__list l-grid u-gap-fluid-2xl-4xl u-justify-center js-results \"\n\t\t\taria-label=\"Kontakter\"\n\t\t\tdata-filter-animation=\"off\"\n\t\t\t>\n\t\t\t\t\t\t\t\t\t\t\t\n\t\t\t\t\n\t\t\t\t<li class=\"l-col-12 \" data-filter=\"elevhalsa skolledning\">\n\t\t\t\t\t<article class=\"c-card u-justify-center\" data-variant=\"inline\">\n\t\t\t\t\t\t<div class=\"c-card__content u-flex-basis-auto u-flex-grow-0 u-text-center@mobile\">\n\t\t\t\t\t\t\t\t\t\t\t\t\t\t\t<h3 class=\"c-card__title u-font-title-3\">\n\t\t\t\t\t\t\t\t\tAnnSofi Rydholm\n\t\t\t\t\t\t\t\t<\/h3>\n\t\t\t\t\t\t\t\n\t\t\t\t\t\t\t\t\t\t\t\t\t\t\t<p class=\"position u-font-body\">Rektor<\/p>\n\t\t\t\t\t\t\t\n\t\t\t\t\t\t\t\t\t\t\t\t\t\t\t<div class=\"contact-info u-font-body\">\n\t\t\t\t\t\t\t\t\t\t\t\t\t\t\t\t\t\t\t\t\t\t\t\t\t\t\t\t\t\t<p class=\"phone\"><a\n\t\t\t\t\t\t\t\t\t\t\t\t\thref=\"tel:0705562624\"\n\t\t\t\t\t\t\t\t\t\t\t\t\tclass=\"u-text-link\">070-556 26 24<\/a>\n\t\t\t\t\t\t\t\t\t\t\t<\/p>\n\t\t\t\t\t\t\t\t\t\t\t\t\t\t\t\t\t\t\t\n\t\t\t\t\t\t\t\t\t\t\t\t\t\t\t\t\t\t\t\t\t\t\t\t\t\t\t\t\t\t<p class=\"email\"><a\n\t\t\t\t\t\t\t\t\t\t\t\t\thref=\"&#109;&#097;ilto&#058;&#097;&#110;&#110;sof&#105;.&#114;&#121;&#100;&#104;&#111;lm&#064;v&#105;&#116;&#116;&#114;a.&#115;&#101;\"\n\t\t\t\t\t\t\t\t\t\t\t\t\tclass=\"u-text-link\">a&#110;n&#115;of&#105;.&#114;&#121;dh&#111;lm&#064;vi&#116;&#116;&#114;a.&#115;e<\/a>\n\t\t\t\t\t\t\t\t\t\t\t<\/p>\n\t\t\t\t\t\t\t\t\t\t\t\t\t\t\t\t\t\t\t\t\t\t\t\t\t\t\t<\/div>\n\t\t\t\t\t\t\t\n\t\t\t\t\t\t\t\t\t\t\t\t\t<\/div>\n\t\t\t\t\t\t<div class=\"c-card__media\">\n\t\t\t\t\t\t\t\t\t\t\t\t\t\t\t\t\t\t\t\t\t\t\t\t\t\t\t\t\t\t\t\t\t\t\t\t\t\t\t\t\t\t\t\t\t\t\t\t\t<img loading=\"lazy\" decoding=\"async\" width=\"177\" height=\"203\" src=\"https:\/\/snitz.se\/wp-content\/uploads\/sites\/4\/2024\/01\/snitz-grundskola-rektor.png\" class=\"u-radius-round u-ratio-landscape  \" alt=\"Personportr\u00e4tt.\" sizes=\"(max-width: 300px) 100vw, 300px\" \/>\n\t\t\t\t\t\t<\/div>\n\t\t\t\t\t<\/article>\n\t\t\t\t<\/li>\n\t\t\t\t\t<\/ul>\n\n\t\t\n\t\t    <div class=\"ams-contact__more u-inline-items js-load-more-btn\">\n        <button href=\"#\"\n                class=\"c-btn\"\n                data-style=\"rounded\"\n                data-size=\"md\"\n                data-width=\"full-mobile\"\n                data-variant=\"outline\">\n        \tVisa mer\n        <\/button>\n    <\/div>\n\n\t\t\t<\/div>\n\n\t\t\n\n<\/section>\n","protected":false},"excerpt":{"rendered":"","protected":false},"author":1,"featured_media":0,"parent":0,"menu_order":0,"comment_status":"closed","ping_status":"closed","template":"","meta":{"footnotes":""},"yoast_head":"<!-- This site is optimized with the Yoast SEO plugin v22.0 - https:\/\/yoast.com\/wordpress\/plugins\/seo\/ -->\n<title>Snitz Grundskola<\/title>\n<meta name=\"description\" content=\"P\u00e5 Snitz Grundskola \u00e4r vi m\u00e5na om att ge alla elever goda f\u00f6ruts\u00e4ttningar att l\u00e4ra sig och utvecklas.\" \/>\n<meta name=\"robots\" content=\"index, follow, max-snippet:-1, max-image-preview:large, max-video-preview:-1\" \/>\n<link rel=\"canonical\" href=\"https:\/\/snitz.se\/grundskola\/vart-kvalitetsarbete\/\" \/>\n<meta property=\"og:locale\" content=\"sv_SE\" \/>\n<meta property=\"og:type\" content=\"article\" \/>\n<meta property=\"og:description\" content=\"P\u00e5 Snitz Grundskola \u00e4r vi m\u00e5na om att ge alla elever goda f\u00f6ruts\u00e4ttningar att l\u00e4ra sig och utvecklas.\" \/>\n<meta property=\"og:url\" content=\"https:\/\/snitz.se\/grundskola\/vart-kvalitetsarbete\/\" \/>\n<meta property=\"og:site_name\" content=\"Snitz Grundskola\" \/>\n<meta property=\"article:modified_time\" content=\"2024-11-11T17:32:42+00:00\" \/>\n<meta name=\"twitter:card\" content=\"summary_large_image\" \/>\n<meta name=\"twitter:description\" content=\"P\u00e5 Snitz Grundskola \u00e4r vi m\u00e5na om att ge alla elever goda f\u00f6ruts\u00e4ttningar att l\u00e4ra sig och utvecklas.\" \/>\n<meta name=\"twitter:label1\" content=\"Ber\u00e4knad l\u00e4stid\" \/>\n\t<meta name=\"twitter:data1\" content=\"2 minuter\" \/>\n<script type=\"application\/ld+json\" class=\"yoast-schema-graph\">{\"@context\":\"https:\/\/schema.org\",\"@graph\":[{\"@type\":\"WebPage\",\"@id\":\"https:\/\/snitz.se\/grundskola\/vart-kvalitetsarbete\/\",\"url\":\"https:\/\/snitz.se\/grundskola\/vart-kvalitetsarbete\/\",\"name\":\"V\u00e5rt kvalitetsarbete - Snitz Grundskola\",\"isPartOf\":{\"@id\":\"https:\/\/snitz.se\/grundskola\/#website\"},\"datePublished\":\"2024-01-16T08:52:11+00:00\",\"dateModified\":\"2024-11-11T17:32:42+00:00\",\"description\":\"P\u00e5 Snitz Grundskola \u00e4r vi m\u00e5na om att ge alla elever goda f\u00f6ruts\u00e4ttningar att l\u00e4ra sig och utvecklas.\",\"breadcrumb\":{\"@id\":\"https:\/\/snitz.se\/grundskola\/vart-kvalitetsarbete\/#breadcrumb\"},\"inLanguage\":\"sv-SE\",\"potentialAction\":[{\"@type\":\"ReadAction\",\"target\":[\"https:\/\/snitz.se\/grundskola\/vart-kvalitetsarbete\/\"]}]},{\"@type\":\"BreadcrumbList\",\"@id\":\"https:\/\/snitz.se\/grundskola\/vart-kvalitetsarbete\/#breadcrumb\",\"itemListElement\":[{\"@type\":\"ListItem\",\"position\":1,\"name\":\"Hem\",\"item\":\"https:\/\/snitz.se\/grundskola\/\"},{\"@type\":\"ListItem\",\"position\":2,\"name\":\"V\u00e5rt kvalitetsarbete\"}]},{\"@type\":\"WebSite\",\"@id\":\"https:\/\/snitz.se\/grundskola\/#website\",\"url\":\"https:\/\/snitz.se\/grundskola\/\",\"name\":\"Snitz Grundskola\",\"description\":\"Just another WordPress site\",\"potentialAction\":[{\"@type\":\"SearchAction\",\"target\":{\"@type\":\"EntryPoint\",\"urlTemplate\":\"https:\/\/snitz.se\/grundskola\/?s={search_term_string}\"},\"query-input\":\"required name=search_term_string\"}],\"inLanguage\":\"sv-SE\"}]}<\/script>\n<!-- \/ Yoast SEO plugin. -->","yoast_head_json":{"title":"Snitz Grundskola","description":"P\u00e5 Snitz Grundskola \u00e4r vi m\u00e5na om att ge alla elever goda f\u00f6ruts\u00e4ttningar att l\u00e4ra sig och utvecklas.","robots":{"index":"index","follow":"follow","max-snippet":"max-snippet:-1","max-image-preview":"max-image-preview:large","max-video-preview":"max-video-preview:-1"},"canonical":"https:\/\/snitz.se\/grundskola\/vart-kvalitetsarbete\/","og_locale":"sv_SE","og_type":"article","og_description":"P\u00e5 Snitz Grundskola \u00e4r vi m\u00e5na om att ge alla elever goda f\u00f6ruts\u00e4ttningar att l\u00e4ra sig och utvecklas.","og_url":"https:\/\/snitz.se\/grundskola\/vart-kvalitetsarbete\/","og_site_name":"Snitz Grundskola","article_modified_time":"2024-11-11T17:32:42+00:00","twitter_card":"summary_large_image","twitter_description":"P\u00e5 Snitz Grundskola \u00e4r vi m\u00e5na om att ge alla elever goda f\u00f6ruts\u00e4ttningar att l\u00e4ra sig och utvecklas.","twitter_misc":{"Ber\u00e4knad l\u00e4stid":"2 minuter"},"schema":{"@context":"https:\/\/schema.org","@graph":[{"@type":"WebPage","@id":"https:\/\/snitz.se\/grundskola\/vart-kvalitetsarbete\/","url":"https:\/\/snitz.se\/grundskola\/vart-kvalitetsarbete\/","name":"V\u00e5rt kvalitetsarbete - Snitz Grundskola","isPartOf":{"@id":"https:\/\/snitz.se\/grundskola\/#website"},"datePublished":"2024-01-16T08:52:11+00:00","dateModified":"2024-11-11T17:32:42+00:00","description":"P\u00e5 Snitz Grundskola \u00e4r vi m\u00e5na om att ge alla elever goda f\u00f6ruts\u00e4ttningar att l\u00e4ra sig och utvecklas.","breadcrumb":{"@id":"https:\/\/snitz.se\/grundskola\/vart-kvalitetsarbete\/#breadcrumb"},"inLanguage":"sv-SE","potentialAction":[{"@type":"ReadAction","target":["https:\/\/snitz.se\/grundskola\/vart-kvalitetsarbete\/"]}]},{"@type":"BreadcrumbList","@id":"https:\/\/snitz.se\/grundskola\/vart-kvalitetsarbete\/#breadcrumb","itemListElement":[{"@type":"ListItem","position":1,"name":"Hem","item":"https:\/\/snitz.se\/grundskola\/"},{"@type":"ListItem","position":2,"name":"V\u00e5rt kvalitetsarbete"}]},{"@type":"WebSite","@id":"https:\/\/snitz.se\/grundskola\/#website","url":"https:\/\/snitz.se\/grundskola\/","name":"Snitz Grundskola","description":"Just another WordPress site","potentialAction":[{"@type":"SearchAction","target":{"@type":"EntryPoint","urlTemplate":"https:\/\/snitz.se\/grundskola\/?s={search_term_string}"},"query-input":"required name=search_term_string"}],"inLanguage":"sv-SE"}]}},"_links":{"self":[{"href":"https:\/\/snitz.se\/grundskola\/wp-json\/wp\/v2\/pages\/104"}],"collection":[{"href":"https:\/\/snitz.se\/grundskola\/wp-json\/wp\/v2\/pages"}],"about":[{"href":"https:\/\/snitz.se\/grundskola\/wp-json\/wp\/v2\/types\/page"}],"author":[{"embeddable":true,"href":"https:\/\/snitz.se\/grundskola\/wp-json\/wp\/v2\/users\/1"}],"replies":[{"embeddable":true,"href":"https:\/\/snitz.se\/grundskola\/wp-json\/wp\/v2\/comments?post=104"}],"version-history":[{"count":10,"href":"https:\/\/snitz.se\/grundskola\/wp-json\/wp\/v2\/pages\/104\/revisions"}],"predecessor-version":[{"id":609,"href":"https:\/\/snitz.se\/grundskola\/wp-json\/wp\/v2\/pages\/104\/revisions\/609"}],"wp:attachment":[{"href":"https:\/\/snitz.se\/grundskola\/wp-json\/wp\/v2\/media?parent=104"}],"curies":[{"name":"wp","href":"https:\/\/api.w.org\/{rel}","templated":true}]}}