{"id":35,"date":"2024-01-15T10:49:41","date_gmt":"2024-01-15T10:49:41","guid":{"rendered":"https:\/\/snitz.se\/grundskola\/?page_id=35"},"modified":"2025-11-17T14:47:43","modified_gmt":"2025-11-17T14:47:43","slug":"ansokan","status":"publish","type":"page","link":"https:\/\/snitz.se\/grundskola\/ansokan\/","title":{"rendered":"Ans\u00f6kan"},"content":{"rendered":"\n\n<section  class=\"ams-timeline c-block l-stacked\" data-color-scheme=\"timeline\">\n\t<div class=\"l-container-narrow l-stack l-stack-fluid-2xl u-pt-fluid-3xl-6xl u-pb-fluid-3xl-6xl is-center is-center@md\">\n\t\t\t\t\t<div class=\"ams-timeline__intro l-stack l-stack-lg\">\n\t\t\t\t\t\n\t<h1\n\tclass=\"c-heading u-font-title-1 \"\n\tstyle=\"\">\n\t\t\n\t\t\t\t\tAns\u00f6kan till Snitz Grundskola\n\t\t\t\t\n\t<\/h1>\n\n\t\t\t\t\t\t\t\t\t<div class=\"c-text l-stack u-cs-xl u-font-body\">\n\t\t\t\t\t\t<p><span data-sheets-root=\"1\" data-sheets-value=\"{&quot;1&quot;:2,&quot;2&quot;:&quot;Ans\u00f6kan till oss g\u00f6rs i 2 steg. L\u00e4s om hur det g\u00e5r till nedan.&quot;}\" data-sheets-userformat=\"{&quot;2&quot;:5025,&quot;3&quot;:{&quot;1&quot;:0},&quot;8&quot;:{&quot;1&quot;:[{&quot;1&quot;:2,&quot;2&quot;:0,&quot;5&quot;:{&quot;1&quot;:2,&quot;2&quot;:0}},{&quot;1&quot;:0,&quot;2&quot;:0,&quot;3&quot;:3},{&quot;1&quot;:1,&quot;2&quot;:0,&quot;4&quot;:1}]},&quot;10&quot;:0,&quot;11&quot;:4,&quot;12&quot;:0,&quot;15&quot;:&quot;Helvetica Neue&quot;}\">Ans\u00f6kan till oss g\u00f6rs i 2 steg. L\u00e4s om hur det g\u00e5r till nedan.<\/span><\/p>\n\n\t\t\t\t\t<\/div>\n\t\t\t\t\t\t\t<\/div>\n\t\t\n\t\t\t\t\t\n<ol class=\"c-steps\" data-variant=\"vertical\" data-size=\"md\" data-columns=\"1\">\n\t\t\t<li class=\"c-steps__item\"\n\t\t\t\n\t\t>\n\t\t\t<div class=\"c-steps__circle u-radius-round\">\n\t\t\t\t\t\t\t\t\t<span class=\"c-steps__number\">1<\/span>\n\t\t\t\t\t\t\t<\/div>\n\n\t\t\t\t\t\t\t<div class=\"c-steps__content l-stack-xs\">\n\t\t\t\t\t\t\t\t\t\t\t<h2 class=\"c-steps__title u-font-title-3\">\n\t\t\t\t\t\t\t\t\t\t\t\t\t\t\tSt\u00e4ll dig i v\u00e5r k\u00f6\n\t\t\t\t\t\t\t\t\t\t\t\t\t<\/h2>\n\t\t\t\t\t\n\t\t\t\t\t\t\t\t\t\t\t<div class=\"c-steps__text l-stack-sm u-font-body\">\n\t\t\t\t\t\t\t<p>F\u00f6r att kunna ans\u00f6ka till Snitz Grundskola beh\u00f6ver du st\u00e4lla dig i k\u00f6. Det g\u00f6r du i v\u00e5rt separata k\u00f6system Schoolsoft. Observera att du m\u00e5ste komplettera din ans\u00f6kan med att skicka in en kartl\u00e4ggning f\u00f6r att vi ska kunna behandla din ans\u00f6kan korrekt. Se steg 2.<\/p>\n\n\t\t\t\t\t\t<\/div>\n\t\t\t\t\t\t\t\t\t<\/div>\n\t\t\t\t\t<\/li>\n\t\t\t<li class=\"c-steps__item\"\n\t\t\t\n\t\t>\n\t\t\t<div class=\"c-steps__circle u-radius-round\">\n\t\t\t\t\t\t\t\t\t<span class=\"c-steps__number\">2<\/span>\n\t\t\t\t\t\t\t<\/div>\n\n\t\t\t\t\t\t\t<div class=\"c-steps__content l-stack-xs\">\n\t\t\t\t\t\t\t\t\t\t\t<h2 class=\"c-steps__title u-font-title-3\">\n\t\t\t\t\t\t\t\t\t\t\t\t\t\t\tLadda ner och skicka in kartl\u00e4ggning\n\t\t\t\t\t\t\t\t\t\t\t\t\t<\/h2>\n\t\t\t\t\t\n\t\t\t\t\t\t\t\t\t\t\t<div class=\"c-steps__text l-stack-sm u-font-body\">\n\t\t\t\t\t\t\t<p>N\u00e4r du st\u00e4llt ditt barn i k\u00f6 \u00e4r n\u00e4sta steg i ans\u00f6kan att ladda ner kartl\u00e4ggningen \u201cElevinformation fr\u00e5n v\u00e5rdnadshavare\u201d. Fyll sedan i dokumentet och posta till skolan p\u00e5 adressen: Snitz Grundskola, Snickerigatan 4, 126 26 H\u00e4gersten.<\/p>\n\n\t\t\t\t\t\t<\/div>\n\t\t\t\t\t\t\t\t\t<\/div>\n\t\t\t\t\t<\/li>\n\t\t\t<li class=\"c-steps__item\"\n\t\t\t\n\t\t>\n\t\t\t<div class=\"c-steps__circle u-radius-round\">\n\t\t\t\t\t\t\t\t\t<span class=\"c-steps__number\">3<\/span>\n\t\t\t\t\t\t\t<\/div>\n\n\t\t\t\t\t\t\t<div class=\"c-steps__content l-stack-xs\">\n\t\t\t\t\t\t\t\t\t\t\t<h2 class=\"c-steps__title u-font-title-3\">\n\t\t\t\t\t\t\t\t\t\t\t\t\t\t\tDu f\u00e5r ett bekr\u00e4ftelsemail\n\t\t\t\t\t\t\t\t\t\t\t\t\t<\/h2>\n\t\t\t\t\t\n\t\t\t\t\t\t\t\t\t\t\t<div class=\"c-steps__text l-stack-sm u-font-body\">\n\t\t\t\t\t\t\t<p>Vi skickar ett bekr\u00e4ftelsemail till dig n\u00e4r kartl\u00e4ggningen kommit till antagningsgruppen p\u00e5 skolan. Er ans\u00f6kan \u00e4r d\u00e5 komplett.<\/p>\n\n\t\t\t\t\t\t<\/div>\n\t\t\t\t\t\t\t\t\t<\/div>\n\t\t\t\t\t<\/li>\n\t<\/ol>\n\t\n\t\t\t<div class=\"ams-timeline__action u-inline-items\">\n\t\t\t\t\t\t\t\n\n\n<a href=\"https:\/\/sms.schoolsoft.se\/pps\/react\/#\/login\/queue?school=5\"\n\t\n\tclass=\"c-btn \"\n\tdata-style=\"rounded\"\n\tdata-size=\"md\"\n\tdata-width=\"full-mobile\"\n\tdata-variant=\"default\"\n\ttarget=\"_self\">\n\t\t\t<span class=\"label\"> St\u00e4ll dig i k\u00f6<\/span>\n\t\t\t<\/a>\n\t\t\t\t\t\t\t\n\n\n<a href=\"https:\/\/snitz.se\/wp-content\/uploads\/sites\/4\/2024\/01\/dokument-ansokan-snitz-grundskola.pdf\"\n\t\n\tclass=\"c-btn \"\n\tdata-style=\"rounded\"\n\tdata-size=\"md\"\n\tdata-width=\"full-mobile\"\n\tdata-variant=\"outline\"\n\ttarget=\"_blank\">\n\t\t\t<span class=\"label\"> Ladda ner kartl\u00e4ggning<\/span>\n\t\t\t<\/a>\n\t\t\t<\/div>\n\t<\/div>\n\n\t\t\n\n<\/section>\n\n\n\n\n<section  class=\"ams-cta ams-cta--stacked c-block l-stacked\" data-color-scheme=\"gray\">\n\t<div class=\"l-container-narrow l-stack l-stack-fluid-2xl u-pt-fluid-3xl-6xl u-pb-fluid-3xl-6xl is-center is-center@md\">\n\t\t\t\t\t<div class=\"ams-cta__intro l-stack l-stack-lg\">\n\t\t\t\t\t\n\t<h2\n\tclass=\"c-heading u-font-title-1 \"\n\tstyle=\"\">\n\t\t\n\t\t\t\t\tSista dag f\u00f6r ans\u00f6kan\n\t\t\t\t\n\t<\/h2>\n\n\t\t\t\t\t\t\t\t\t<div class=\"c-text l-stack u-cs-xl u-font-body\">\n\t\t\t\t\t\t<p><span data-sheets-root=\"1\" data-sheets-value=\"{&quot;1&quot;:2,&quot;2&quot;:&quot;Ans\u00f6kningspediod 1\\nSista dag f\u00f6r ans\u00f6kningsperiod 1 \u00e4r den 30:e november. Under november och december kallar vi sedan in s\u00f6kanden till ans\u00f6kningssamtal. Om alla platser fylls under denna period kommer vi ej kalla till fler ans\u00f6kningssamtal. \\n\\nAns\u00f6kningsperiod 2\\nSista dag f\u00f6r ans\u00f6kningsperiod 2 \u00e4r 31:a januari. Under februari m\u00e5nad kallar vi in s\u00f6kande till ans\u00f6kningssamtal i m\u00e5n av plats.\\n\\nVid fr\u00e5gor s\u00e5 kontaktar ni oss p\u00e5 ansokan.sgr@snitz.se.&quot;}\" data-sheets-userformat=\"{&quot;2&quot;:1053611,&quot;3&quot;:{&quot;1&quot;:0},&quot;4&quot;:{&quot;1&quot;:2,&quot;2&quot;:16773836},&quot;6&quot;:{&quot;1&quot;:[{&quot;1&quot;:2,&quot;2&quot;:0,&quot;5&quot;:{&quot;1&quot;:2,&quot;2&quot;:0}},{&quot;1&quot;:0,&quot;2&quot;:0,&quot;3&quot;:3},{&quot;1&quot;:1,&quot;2&quot;:0,&quot;4&quot;:1}]},&quot;8&quot;:{&quot;1&quot;:[{&quot;1&quot;:2,&quot;2&quot;:0,&quot;5&quot;:{&quot;1&quot;:2,&quot;2&quot;:0}},{&quot;1&quot;:0,&quot;2&quot;:0,&quot;3&quot;:3},{&quot;1&quot;:1,&quot;2&quot;:0,&quot;4&quot;:1}]},&quot;10&quot;:0,&quot;11&quot;:4,&quot;12&quot;:0,&quot;15&quot;:&quot;Helvetica Neue&quot;,&quot;23&quot;:1}\" data-sheets-textstyleruns=\"{&quot;1&quot;:0,&quot;2&quot;:{&quot;5&quot;:1}}\uee10{&quot;1&quot;:19}\uee10{&quot;1&quot;:243,&quot;2&quot;:{&quot;5&quot;:1}}\uee10{&quot;1&quot;:262}\"><strong>Ans\u00f6kningspediod 1<\/strong><br \/>\nSista dag f\u00f6r ans\u00f6kningsperiod 1 \u00e4r 30\/11 2025. Under december kallar vi sedan in s\u00f6kanden till ans\u00f6kningssamtal. Om alla platser fylls under denna period kommer vi ej kalla till fler ans\u00f6kningssamtal.<br \/>\n<\/span><\/p>\n<p><strong>Ans\u00f6kningsperiod 2<\/strong><br \/>\nSista dag f\u00f6r ans\u00f6kningsperiod 2 \u00e4r 31\/1 2026. Under februari m\u00e5nad kallar vi in s\u00f6kande till ans\u00f6kningssamtal i m\u00e5n av plats.<\/p>\n<p><strong>Ans\u00f6kan utanf\u00f6r de givna ans\u00f6kningsperioderna<\/strong><br \/>\nDu kan st\u00e4lla dig i k\u00f6 till oss \u00e4ven utanf\u00f6r de givna ans\u00f6kningsperioderna. Vi hanterar d\u00e5 din ans\u00f6kan i tur och ordning utifr\u00e5n lediga platser som kan finnas hos oss. Har du inte blivit kontaktad innan n\u00e4sta ans\u00f6kningsperiod startar ligger du kvar i k\u00f6n och f\u00f6ljer automatiskt med i den processen.<\/p>\n<p>Vid fr\u00e5gor s\u00e5 kontaktar ni oss p\u00e5 <a class=\"ProsemirrorEditor-link\" href=\"mailto:susanne.moe@snitz.se\">susanne.moe@snitz.se<\/a><\/p>\n\n\t\t\t\t\t<\/div>\n\t\t\t\t\t\t\t<\/div>\n\t\t\n\t\t\n\t\t\t<\/div>\n\n\t\t\n\n<\/section>\n","protected":false},"excerpt":{"rendered":"","protected":false},"author":1,"featured_media":0,"parent":0,"menu_order":0,"comment_status":"closed","ping_status":"closed","template":"","meta":{"footnotes":""},"yoast_head":"<!-- This site is optimized with the Yoast SEO plugin v22.0 - https:\/\/yoast.com\/wordpress\/plugins\/seo\/ -->\n<title>Ans\u00f6kan till Snitz Grundskola<\/title>\n<meta name=\"description\" content=\"Ans\u00f6kan till oss g\u00f6rs i 2 steg. L\u00e4s om hur det g\u00e5r till h\u00e4r.\" \/>\n<meta name=\"robots\" content=\"index, follow, max-snippet:-1, max-image-preview:large, max-video-preview:-1\" \/>\n<link rel=\"canonical\" href=\"https:\/\/snitz.se\/grundskola\/ansokan\/\" \/>\n<meta property=\"og:locale\" content=\"sv_SE\" \/>\n<meta property=\"og:type\" content=\"article\" \/>\n<meta property=\"og:title\" content=\"Ans\u00f6kan till Snitz Grundskola\" \/>\n<meta property=\"og:description\" content=\"Ans\u00f6kan till oss g\u00f6rs i 2 steg. L\u00e4s om hur det g\u00e5r till h\u00e4r.\" \/>\n<meta property=\"og:url\" content=\"https:\/\/snitz.se\/grundskola\/ansokan\/\" \/>\n<meta property=\"og:site_name\" content=\"Snitz Grundskola\" \/>\n<meta property=\"article:modified_time\" content=\"2025-11-17T14:47:43+00:00\" \/>\n<meta name=\"twitter:card\" content=\"summary_large_image\" \/>\n<meta name=\"twitter:title\" content=\"Ans\u00f6kan till Snitz Grundskola\" \/>\n<meta name=\"twitter:description\" content=\"Ans\u00f6kan till oss g\u00f6rs i 2 steg. L\u00e4s om hur det g\u00e5r till h\u00e4r.\" \/>\n<meta name=\"twitter:label1\" content=\"Ber\u00e4knad l\u00e4stid\" \/>\n\t<meta name=\"twitter:data1\" content=\"2 minuter\" \/>\n<script type=\"application\/ld+json\" class=\"yoast-schema-graph\">{\"@context\":\"https:\/\/schema.org\",\"@graph\":[{\"@type\":\"WebPage\",\"@id\":\"https:\/\/snitz.se\/grundskola\/ansokan\/\",\"url\":\"https:\/\/snitz.se\/grundskola\/ansokan\/\",\"name\":\"Ans\u00f6kan till Snitz Grundskola\",\"isPartOf\":{\"@id\":\"https:\/\/snitz.se\/grundskola\/#website\"},\"datePublished\":\"2024-01-15T10:49:41+00:00\",\"dateModified\":\"2025-11-17T14:47:43+00:00\",\"description\":\"Ans\u00f6kan till oss g\u00f6rs i 2 steg. L\u00e4s om hur det g\u00e5r till h\u00e4r.\",\"breadcrumb\":{\"@id\":\"https:\/\/snitz.se\/grundskola\/ansokan\/#breadcrumb\"},\"inLanguage\":\"sv-SE\",\"potentialAction\":[{\"@type\":\"ReadAction\",\"target\":[\"https:\/\/snitz.se\/grundskola\/ansokan\/\"]}]},{\"@type\":\"BreadcrumbList\",\"@id\":\"https:\/\/snitz.se\/grundskola\/ansokan\/#breadcrumb\",\"itemListElement\":[{\"@type\":\"ListItem\",\"position\":1,\"name\":\"Hem\",\"item\":\"https:\/\/snitz.se\/grundskola\/\"},{\"@type\":\"ListItem\",\"position\":2,\"name\":\"Ans\u00f6kan\"}]},{\"@type\":\"WebSite\",\"@id\":\"https:\/\/snitz.se\/grundskola\/#website\",\"url\":\"https:\/\/snitz.se\/grundskola\/\",\"name\":\"Snitz Grundskola\",\"description\":\"Just another WordPress site\",\"potentialAction\":[{\"@type\":\"SearchAction\",\"target\":{\"@type\":\"EntryPoint\",\"urlTemplate\":\"https:\/\/snitz.se\/grundskola\/?s={search_term_string}\"},\"query-input\":\"required name=search_term_string\"}],\"inLanguage\":\"sv-SE\"}]}<\/script>\n<!-- \/ Yoast SEO plugin. -->","yoast_head_json":{"title":"Ans\u00f6kan till Snitz Grundskola","description":"Ans\u00f6kan till oss g\u00f6rs i 2 steg. L\u00e4s om hur det g\u00e5r till h\u00e4r.","robots":{"index":"index","follow":"follow","max-snippet":"max-snippet:-1","max-image-preview":"max-image-preview:large","max-video-preview":"max-video-preview:-1"},"canonical":"https:\/\/snitz.se\/grundskola\/ansokan\/","og_locale":"sv_SE","og_type":"article","og_title":"Ans\u00f6kan till Snitz Grundskola","og_description":"Ans\u00f6kan till oss g\u00f6rs i 2 steg. L\u00e4s om hur det g\u00e5r till h\u00e4r.","og_url":"https:\/\/snitz.se\/grundskola\/ansokan\/","og_site_name":"Snitz Grundskola","article_modified_time":"2025-11-17T14:47:43+00:00","twitter_card":"summary_large_image","twitter_title":"Ans\u00f6kan till Snitz Grundskola","twitter_description":"Ans\u00f6kan till oss g\u00f6rs i 2 steg. L\u00e4s om hur det g\u00e5r till h\u00e4r.","twitter_misc":{"Ber\u00e4knad l\u00e4stid":"2 minuter"},"schema":{"@context":"https:\/\/schema.org","@graph":[{"@type":"WebPage","@id":"https:\/\/snitz.se\/grundskola\/ansokan\/","url":"https:\/\/snitz.se\/grundskola\/ansokan\/","name":"Ans\u00f6kan till Snitz Grundskola","isPartOf":{"@id":"https:\/\/snitz.se\/grundskola\/#website"},"datePublished":"2024-01-15T10:49:41+00:00","dateModified":"2025-11-17T14:47:43+00:00","description":"Ans\u00f6kan till oss g\u00f6rs i 2 steg. L\u00e4s om hur det g\u00e5r till h\u00e4r.","breadcrumb":{"@id":"https:\/\/snitz.se\/grundskola\/ansokan\/#breadcrumb"},"inLanguage":"sv-SE","potentialAction":[{"@type":"ReadAction","target":["https:\/\/snitz.se\/grundskola\/ansokan\/"]}]},{"@type":"BreadcrumbList","@id":"https:\/\/snitz.se\/grundskola\/ansokan\/#breadcrumb","itemListElement":[{"@type":"ListItem","position":1,"name":"Hem","item":"https:\/\/snitz.se\/grundskola\/"},{"@type":"ListItem","position":2,"name":"Ans\u00f6kan"}]},{"@type":"WebSite","@id":"https:\/\/snitz.se\/grundskola\/#website","url":"https:\/\/snitz.se\/grundskola\/","name":"Snitz Grundskola","description":"Just another WordPress site","potentialAction":[{"@type":"SearchAction","target":{"@type":"EntryPoint","urlTemplate":"https:\/\/snitz.se\/grundskola\/?s={search_term_string}"},"query-input":"required name=search_term_string"}],"inLanguage":"sv-SE"}]}},"_links":{"self":[{"href":"https:\/\/snitz.se\/grundskola\/wp-json\/wp\/v2\/pages\/35"}],"collection":[{"href":"https:\/\/snitz.se\/grundskola\/wp-json\/wp\/v2\/pages"}],"about":[{"href":"https:\/\/snitz.se\/grundskola\/wp-json\/wp\/v2\/types\/page"}],"author":[{"embeddable":true,"href":"https:\/\/snitz.se\/grundskola\/wp-json\/wp\/v2\/users\/1"}],"replies":[{"embeddable":true,"href":"https:\/\/snitz.se\/grundskola\/wp-json\/wp\/v2\/comments?post=35"}],"version-history":[{"count":10,"href":"https:\/\/snitz.se\/grundskola\/wp-json\/wp\/v2\/pages\/35\/revisions"}],"predecessor-version":[{"id":769,"href":"https:\/\/snitz.se\/grundskola\/wp-json\/wp\/v2\/pages\/35\/revisions\/769"}],"wp:attachment":[{"href":"https:\/\/snitz.se\/grundskola\/wp-json\/wp\/v2\/media?parent=35"}],"curies":[{"name":"wp","href":"https:\/\/api.w.org\/{rel}","templated":true}]}}