{"id":91,"date":"2024-01-15T12:39:22","date_gmt":"2024-01-15T12:39:22","guid":{"rendered":"https:\/\/snitz.se\/grundskola\/?page_id=91"},"modified":"2024-06-18T06:46:38","modified_gmt":"2024-06-18T06:46:38","slug":"lasarstider","status":"publish","type":"page","link":"https:\/\/snitz.se\/grundskola\/om-skolan\/lasarstider\/","title":{"rendered":"L\u00e4s\u00e5rstider"},"content":{"rendered":"\n\t\n\t\n\t\n\n\t\n\t\n\t\t\n<section  class=\"c-block l-stacked  \" data-color-scheme=\"white\">\n\t<div class=\"ams-fifty ams-fifty--container ams-fifty--right ams-fifty--bottom l-container u-pt-fluid-3xl-6xl u-pb-fluid-3xl-6xl\">\n\t\t<div class=\"ams-fifty__content l-stack l-stack-xl is-left is-left@lg\">\n\t\t\t<div class=\"ams-fifty__text l-stack l-stack-lg\">\n\t\t\t\t\t\n\t<h1\n\tclass=\"c-heading u-font-title-1 \"\n\tstyle=\"\">\n\t\t\n\t\t\t\t\tL\u00e4s\u00e5rstider f\u00f6r dig som g\u00e5r p\u00e5 Snitz Grundskola\n\t\t\t\t\n\t<\/h1>\n\n\t\t\t\t\t\t\t\t\t<div class=\"text l-stack u-font-body\">\n\t\t\t\t\t\t<p><strong>H\u00f6stterminen 2024<\/strong><\/p>\n<ul>\n<li><span data-sheets-root=\"1\" data-sheets-value=\"{&quot;1&quot;:2,&quot;2&quot;:&quot;V\u00e5rtermin 2024\\n- Skolstart: 10 januari\\n- Sportlov: Vecka 9, 26 februari-1 mars\\n- P\u00e5sklov: Vecka 14, 2-5 april\\n- Skolavslutning: 12 juni&quot;}\" data-sheets-userformat=\"{&quot;2&quot;:5025,&quot;3&quot;:{&quot;1&quot;:0},&quot;8&quot;:{&quot;1&quot;:[{&quot;1&quot;:2,&quot;2&quot;:0,&quot;5&quot;:{&quot;1&quot;:2,&quot;2&quot;:0}},{&quot;1&quot;:0,&quot;2&quot;:0,&quot;3&quot;:3},{&quot;1&quot;:1,&quot;2&quot;:0,&quot;4&quot;:1}]},&quot;10&quot;:0,&quot;11&quot;:4,&quot;12&quot;:0,&quot;15&quot;:&quot;Helvetica Neue&quot;}\" data-sheets-textstyleruns=\"{&quot;1&quot;:0,&quot;2&quot;:{&quot;5&quot;:1}}\uee10{&quot;1&quot;:15}\">Skolstart: 15 augusti.<\/span><\/li>\n<li><span data-sheets-root=\"1\" data-sheets-value=\"{&quot;1&quot;:2,&quot;2&quot;:&quot;V\u00e5rtermin 2024\\n- Skolstart: 10 januari\\n- Sportlov: Vecka 9, 26 februari-1 mars\\n- P\u00e5sklov: Vecka 14, 2-5 april\\n- Skolavslutning: 12 juni&quot;}\" data-sheets-userformat=\"{&quot;2&quot;:5025,&quot;3&quot;:{&quot;1&quot;:0},&quot;8&quot;:{&quot;1&quot;:[{&quot;1&quot;:2,&quot;2&quot;:0,&quot;5&quot;:{&quot;1&quot;:2,&quot;2&quot;:0}},{&quot;1&quot;:0,&quot;2&quot;:0,&quot;3&quot;:3},{&quot;1&quot;:1,&quot;2&quot;:0,&quot;4&quot;:1}]},&quot;10&quot;:0,&quot;11&quot;:4,&quot;12&quot;:0,&quot;15&quot;:&quot;Helvetica Neue&quot;}\" data-sheets-textstyleruns=\"{&quot;1&quot;:0,&quot;2&quot;:{&quot;5&quot;:1}}\uee10{&quot;1&quot;:15}\">H\u00f6stlov: Vecka 44, 28 oktober-1 november.<\/span><\/li>\n<li><span data-sheets-root=\"1\" data-sheets-value=\"{&quot;1&quot;:2,&quot;2&quot;:&quot;V\u00e5rtermin 2024\\n- Skolstart: 10 januari\\n- Sportlov: Vecka 9, 26 februari-1 mars\\n- P\u00e5sklov: Vecka 14, 2-5 april\\n- Skolavslutning: 12 juni&quot;}\" data-sheets-userformat=\"{&quot;2&quot;:5025,&quot;3&quot;:{&quot;1&quot;:0},&quot;8&quot;:{&quot;1&quot;:[{&quot;1&quot;:2,&quot;2&quot;:0,&quot;5&quot;:{&quot;1&quot;:2,&quot;2&quot;:0}},{&quot;1&quot;:0,&quot;2&quot;:0,&quot;3&quot;:3},{&quot;1&quot;:1,&quot;2&quot;:0,&quot;4&quot;:1}]},&quot;10&quot;:0,&quot;11&quot;:4,&quot;12&quot;:0,&quot;15&quot;:&quot;Helvetica Neue&quot;}\" data-sheets-textstyleruns=\"{&quot;1&quot;:0,&quot;2&quot;:{&quot;5&quot;:1}}\uee10{&quot;1&quot;:15}\">Julavslutning: 20 december.<\/span><\/li>\n<\/ul>\n<p><strong>V\u00e5rterminen 2025<\/strong><\/p>\n<ul>\n<li><span data-sheets-root=\"1\" data-sheets-value=\"{&quot;1&quot;:2,&quot;2&quot;:&quot;V\u00e5rtermin 2024\\n- Skolstart: 10 januari\\n- Sportlov: Vecka 9, 26 februari-1 mars\\n- P\u00e5sklov: Vecka 14, 2-5 april\\n- Skolavslutning: 12 juni&quot;}\" data-sheets-userformat=\"{&quot;2&quot;:5025,&quot;3&quot;:{&quot;1&quot;:0},&quot;8&quot;:{&quot;1&quot;:[{&quot;1&quot;:2,&quot;2&quot;:0,&quot;5&quot;:{&quot;1&quot;:2,&quot;2&quot;:0}},{&quot;1&quot;:0,&quot;2&quot;:0,&quot;3&quot;:3},{&quot;1&quot;:1,&quot;2&quot;:0,&quot;4&quot;:1}]},&quot;10&quot;:0,&quot;11&quot;:4,&quot;12&quot;:0,&quot;15&quot;:&quot;Helvetica Neue&quot;}\" data-sheets-textstyleruns=\"{&quot;1&quot;:0,&quot;2&quot;:{&quot;5&quot;:1}}\uee10{&quot;1&quot;:15}\">Terminsstart: 9 januari<\/span><\/li>\n<li><span data-sheets-root=\"1\" data-sheets-value=\"{&quot;1&quot;:2,&quot;2&quot;:&quot;V\u00e5rtermin 2024\\n- Skolstart: 10 januari\\n- Sportlov: Vecka 9, 26 februari-1 mars\\n- P\u00e5sklov: Vecka 14, 2-5 april\\n- Skolavslutning: 12 juni&quot;}\" data-sheets-userformat=\"{&quot;2&quot;:5025,&quot;3&quot;:{&quot;1&quot;:0},&quot;8&quot;:{&quot;1&quot;:[{&quot;1&quot;:2,&quot;2&quot;:0,&quot;5&quot;:{&quot;1&quot;:2,&quot;2&quot;:0}},{&quot;1&quot;:0,&quot;2&quot;:0,&quot;3&quot;:3},{&quot;1&quot;:1,&quot;2&quot;:0,&quot;4&quot;:1}]},&quot;10&quot;:0,&quot;11&quot;:4,&quot;12&quot;:0,&quot;15&quot;:&quot;Helvetica Neue&quot;}\" data-sheets-textstyleruns=\"{&quot;1&quot;:0,&quot;2&quot;:{&quot;5&quot;:1}}\uee10{&quot;1&quot;:15}\">Sportlov: Vecka 9, 24-28 februari.<\/span><\/li>\n<li><span data-sheets-root=\"1\" data-sheets-value=\"{&quot;1&quot;:2,&quot;2&quot;:&quot;V\u00e5rtermin 2024\\n- Skolstart: 10 januari\\n- Sportlov: Vecka 9, 26 februari-1 mars\\n- P\u00e5sklov: Vecka 14, 2-5 april\\n- Skolavslutning: 12 juni&quot;}\" data-sheets-userformat=\"{&quot;2&quot;:5025,&quot;3&quot;:{&quot;1&quot;:0},&quot;8&quot;:{&quot;1&quot;:[{&quot;1&quot;:2,&quot;2&quot;:0,&quot;5&quot;:{&quot;1&quot;:2,&quot;2&quot;:0}},{&quot;1&quot;:0,&quot;2&quot;:0,&quot;3&quot;:3},{&quot;1&quot;:1,&quot;2&quot;:0,&quot;4&quot;:1}]},&quot;10&quot;:0,&quot;11&quot;:4,&quot;12&quot;:0,&quot;15&quot;:&quot;Helvetica Neue&quot;}\" data-sheets-textstyleruns=\"{&quot;1&quot;:0,&quot;2&quot;:{&quot;5&quot;:1}}\uee10{&quot;1&quot;:15}\">P\u00e5sklov: Vecka 16, 14-22 april.<\/span><\/li>\n<li><span data-sheets-root=\"1\" data-sheets-value=\"{&quot;1&quot;:2,&quot;2&quot;:&quot;V\u00e5rtermin 2024\\n- Skolstart: 10 januari\\n- Sportlov: Vecka 9, 26 februari-1 mars\\n- P\u00e5sklov: Vecka 14, 2-5 april\\n- Skolavslutning: 12 juni&quot;}\" data-sheets-userformat=\"{&quot;2&quot;:5025,&quot;3&quot;:{&quot;1&quot;:0},&quot;8&quot;:{&quot;1&quot;:[{&quot;1&quot;:2,&quot;2&quot;:0,&quot;5&quot;:{&quot;1&quot;:2,&quot;2&quot;:0}},{&quot;1&quot;:0,&quot;2&quot;:0,&quot;3&quot;:3},{&quot;1&quot;:1,&quot;2&quot;:0,&quot;4&quot;:1}]},&quot;10&quot;:0,&quot;11&quot;:4,&quot;12&quot;:0,&quot;15&quot;:&quot;Helvetica Neue&quot;}\" data-sheets-textstyleruns=\"{&quot;1&quot;:0,&quot;2&quot;:{&quot;5&quot;:1}}\uee10{&quot;1&quot;:15}\">Skolavslutning: 13 juni.<\/span><\/li>\n<\/ul>\n\n\t\t\t\t\t<\/div>\n\t\t\t\t\t\t\t<\/div>\n\n\t\t\t\t\t<\/div>\n\n\t\t <div class=\"ams-fifty__media u-ratio-square\">\n\t\t \t\t\t\t\t<img loading=\"lazy\" decoding=\"async\" width=\"600\" height=\"400\" src=\"https:\/\/snitz.se\/wp-content\/uploads\/sites\/4\/2024\/01\/snitz-grundskola-lasarstider-stockholm-202309-scaled-600x400.jpg\" class=\"attachment-md size-md\" alt=\"Veckoschema f\u00f6r en klass p\u00e5 Snitz Grundskola.\" sizes=\"(min-width: 64em) 600px, calc(100vw - 160px)\" srcset=\"https:\/\/snitz.se\/wp-content\/uploads\/sites\/4\/2024\/01\/snitz-grundskola-lasarstider-stockholm-202309-scaled-600x400.jpg 600w, https:\/\/snitz.se\/wp-content\/uploads\/sites\/4\/2024\/01\/snitz-grundskola-lasarstider-stockholm-202309-scaled-300x200.jpg 300w, https:\/\/snitz.se\/wp-content\/uploads\/sites\/4\/2024\/01\/snitz-grundskola-lasarstider-stockholm-202309-scaled-400x267.jpg 400w, https:\/\/snitz.se\/wp-content\/uploads\/sites\/4\/2024\/01\/snitz-grundskola-lasarstider-stockholm-202309-scaled-800x533.jpg 800w, https:\/\/snitz.se\/wp-content\/uploads\/sites\/4\/2024\/01\/snitz-grundskola-lasarstider-stockholm-202309-scaled-1024x683.jpg 1024w, https:\/\/snitz.se\/wp-content\/uploads\/sites\/4\/2024\/01\/snitz-grundskola-lasarstider-stockholm-202309-scaled-1200x800.jpg 1200w\" \/>\n\t\t\t\n\t\t\t\n\t\t\t\t\t<\/div>\n\t<\/div>\n\n\t\t\n\n<\/section>\n\n\n\n\n<section  class=\"ams-cta ams-cta--stacked c-block l-stacked\" data-color-scheme=\"gray\">\n\t<div class=\"l-container-narrow l-stack l-stack-fluid-2xl u-pt-fluid-3xl-6xl u-pb-fluid-3xl-6xl is-center is-center@md\">\n\t\t\t\t\t<div class=\"ams-cta__intro l-stack l-stack-lg\">\n\t\t\t\t\t\n\t<h2\n\tclass=\"c-heading u-font-title-1 \"\n\tstyle=\"\">\n\t\t\n\t\t\t\t\tUndrar du n\u00e5got?\n\t\t\t\t\n\t<\/h2>\n\n\t\t\t\t\t\t\t\t\t<div class=\"c-text l-stack u-cs-xl u-font-body\">\n\t\t\t\t\t\t<p><span data-sheets-root=\"1\" data-sheets-value=\"{&quot;1&quot;:2,&quot;2&quot;:&quot;Om du undrar n\u00e5got kring l\u00e4s\u00e5rstiderna p\u00e5 Snitz Grundskola \u00e4r du v\u00e4lkommen att kontakta oss.&quot;}\" data-sheets-userformat=\"{&quot;2&quot;:801,&quot;3&quot;:{&quot;1&quot;:0},&quot;8&quot;:{&quot;1&quot;:[{&quot;1&quot;:2,&quot;2&quot;:0,&quot;5&quot;:{&quot;1&quot;:2,&quot;2&quot;:0}},{&quot;1&quot;:0,&quot;2&quot;:0,&quot;3&quot;:3},{&quot;1&quot;:1,&quot;2&quot;:0,&quot;4&quot;:1}]},&quot;11&quot;:4,&quot;12&quot;:0}\">Om du undrar n\u00e5got kring l\u00e4s\u00e5rstiderna p\u00e5 Snitz Grundskola \u00e4r du v\u00e4lkommen att kontakta oss.<\/span><\/p>\n\n\t\t\t\t\t<\/div>\n\t\t\t\t\t\t\t<\/div>\n\t\t\n\t\t\n\t\t\t<div class=\"ams-cta__action u-inline-items\">\n\t\t\t\t\t\t\t\n\n\n<a href=\"https:\/\/snitz.se\/grundskola\/kontakta-oss\/\"\n\t\n\tclass=\"c-btn \"\n\tdata-style=\"rounded\"\n\tdata-size=\"md\"\n\tdata-width=\"full-mobile\"\n\tdata-variant=\"default\"\n\ttarget=\"_self\">\n\t\t\t<span class=\"label\"> Kontakta oss<\/span>\n\t\t\t<\/a>\n\t\t\t<\/div>\n\t<\/div>\n\n\t\t\n\n<\/section>\n","protected":false},"excerpt":{"rendered":"","protected":false},"author":1,"featured_media":0,"parent":47,"menu_order":0,"comment_status":"closed","ping_status":"closed","template":"","meta":{"footnotes":""},"yoast_head":"<!-- This site is optimized with the Yoast SEO plugin v22.0 - https:\/\/yoast.com\/wordpress\/plugins\/seo\/ -->\n<title>Snitz Grundskola<\/title>\n<meta name=\"description\" content=\"Om du undrar n\u00e5got kring l\u00e4s\u00e5rstiderna p\u00e5 Snitz Grundskola \u00e4r du v\u00e4lkommen att kontakta oss.\" \/>\n<meta name=\"robots\" content=\"index, follow, max-snippet:-1, max-image-preview:large, max-video-preview:-1\" \/>\n<link rel=\"canonical\" href=\"https:\/\/snitz.se\/grundskola\/om-skolan\/lasarstider\/\" \/>\n<meta property=\"og:locale\" content=\"sv_SE\" \/>\n<meta property=\"og:type\" content=\"article\" \/>\n<meta property=\"og:description\" content=\"Om du undrar n\u00e5got kring l\u00e4s\u00e5rstiderna p\u00e5 Snitz Grundskola \u00e4r du v\u00e4lkommen att kontakta oss.\" \/>\n<meta property=\"og:url\" content=\"https:\/\/snitz.se\/grundskola\/om-skolan\/lasarstider\/\" \/>\n<meta property=\"og:site_name\" content=\"Snitz Grundskola\" \/>\n<meta property=\"article:modified_time\" content=\"2024-06-18T06:46:38+00:00\" \/>\n<meta name=\"twitter:card\" content=\"summary_large_image\" \/>\n<meta name=\"twitter:description\" content=\"Om du undrar n\u00e5got kring l\u00e4s\u00e5rstiderna p\u00e5 Snitz Grundskola \u00e4r du v\u00e4lkommen att kontakta oss.\" \/>\n<meta name=\"twitter:label1\" content=\"Ber\u00e4knad l\u00e4stid\" \/>\n\t<meta name=\"twitter:data1\" content=\"1 minut\" \/>\n<script type=\"application\/ld+json\" class=\"yoast-schema-graph\">{\"@context\":\"https:\/\/schema.org\",\"@graph\":[{\"@type\":\"WebPage\",\"@id\":\"https:\/\/snitz.se\/grundskola\/om-skolan\/lasarstider\/\",\"url\":\"https:\/\/snitz.se\/grundskola\/om-skolan\/lasarstider\/\",\"name\":\"L\u00e4s\u00e5rstider - Snitz Grundskola\",\"isPartOf\":{\"@id\":\"https:\/\/snitz.se\/grundskola\/#website\"},\"datePublished\":\"2024-01-15T12:39:22+00:00\",\"dateModified\":\"2024-06-18T06:46:38+00:00\",\"description\":\"Om du undrar n\u00e5got kring l\u00e4s\u00e5rstiderna p\u00e5 Snitz Grundskola \u00e4r du v\u00e4lkommen att kontakta oss.\",\"breadcrumb\":{\"@id\":\"https:\/\/snitz.se\/grundskola\/om-skolan\/lasarstider\/#breadcrumb\"},\"inLanguage\":\"sv-SE\",\"potentialAction\":[{\"@type\":\"ReadAction\",\"target\":[\"https:\/\/snitz.se\/grundskola\/om-skolan\/lasarstider\/\"]}]},{\"@type\":\"BreadcrumbList\",\"@id\":\"https:\/\/snitz.se\/grundskola\/om-skolan\/lasarstider\/#breadcrumb\",\"itemListElement\":[{\"@type\":\"ListItem\",\"position\":1,\"name\":\"Hem\",\"item\":\"https:\/\/snitz.se\/grundskola\/\"},{\"@type\":\"ListItem\",\"position\":2,\"name\":\"Om skolan\",\"item\":\"https:\/\/snitz.se\/grundskola\/om-skolan\/\"},{\"@type\":\"ListItem\",\"position\":3,\"name\":\"L\u00e4s\u00e5rstider\"}]},{\"@type\":\"WebSite\",\"@id\":\"https:\/\/snitz.se\/grundskola\/#website\",\"url\":\"https:\/\/snitz.se\/grundskola\/\",\"name\":\"Snitz Grundskola\",\"description\":\"Just another WordPress site\",\"potentialAction\":[{\"@type\":\"SearchAction\",\"target\":{\"@type\":\"EntryPoint\",\"urlTemplate\":\"https:\/\/snitz.se\/grundskola\/?s={search_term_string}\"},\"query-input\":\"required name=search_term_string\"}],\"inLanguage\":\"sv-SE\"}]}<\/script>\n<!-- \/ Yoast SEO plugin. -->","yoast_head_json":{"title":"Snitz Grundskola","description":"Om du undrar n\u00e5got kring l\u00e4s\u00e5rstiderna p\u00e5 Snitz Grundskola \u00e4r du v\u00e4lkommen att kontakta oss.","robots":{"index":"index","follow":"follow","max-snippet":"max-snippet:-1","max-image-preview":"max-image-preview:large","max-video-preview":"max-video-preview:-1"},"canonical":"https:\/\/snitz.se\/grundskola\/om-skolan\/lasarstider\/","og_locale":"sv_SE","og_type":"article","og_description":"Om du undrar n\u00e5got kring l\u00e4s\u00e5rstiderna p\u00e5 Snitz Grundskola \u00e4r du v\u00e4lkommen att kontakta oss.","og_url":"https:\/\/snitz.se\/grundskola\/om-skolan\/lasarstider\/","og_site_name":"Snitz Grundskola","article_modified_time":"2024-06-18T06:46:38+00:00","twitter_card":"summary_large_image","twitter_description":"Om du undrar n\u00e5got kring l\u00e4s\u00e5rstiderna p\u00e5 Snitz Grundskola \u00e4r du v\u00e4lkommen att kontakta oss.","twitter_misc":{"Ber\u00e4knad l\u00e4stid":"1 minut"},"schema":{"@context":"https:\/\/schema.org","@graph":[{"@type":"WebPage","@id":"https:\/\/snitz.se\/grundskola\/om-skolan\/lasarstider\/","url":"https:\/\/snitz.se\/grundskola\/om-skolan\/lasarstider\/","name":"L\u00e4s\u00e5rstider - Snitz Grundskola","isPartOf":{"@id":"https:\/\/snitz.se\/grundskola\/#website"},"datePublished":"2024-01-15T12:39:22+00:00","dateModified":"2024-06-18T06:46:38+00:00","description":"Om du undrar n\u00e5got kring l\u00e4s\u00e5rstiderna p\u00e5 Snitz Grundskola \u00e4r du v\u00e4lkommen att kontakta oss.","breadcrumb":{"@id":"https:\/\/snitz.se\/grundskola\/om-skolan\/lasarstider\/#breadcrumb"},"inLanguage":"sv-SE","potentialAction":[{"@type":"ReadAction","target":["https:\/\/snitz.se\/grundskola\/om-skolan\/lasarstider\/"]}]},{"@type":"BreadcrumbList","@id":"https:\/\/snitz.se\/grundskola\/om-skolan\/lasarstider\/#breadcrumb","itemListElement":[{"@type":"ListItem","position":1,"name":"Hem","item":"https:\/\/snitz.se\/grundskola\/"},{"@type":"ListItem","position":2,"name":"Om skolan","item":"https:\/\/snitz.se\/grundskola\/om-skolan\/"},{"@type":"ListItem","position":3,"name":"L\u00e4s\u00e5rstider"}]},{"@type":"WebSite","@id":"https:\/\/snitz.se\/grundskola\/#website","url":"https:\/\/snitz.se\/grundskola\/","name":"Snitz Grundskola","description":"Just another WordPress site","potentialAction":[{"@type":"SearchAction","target":{"@type":"EntryPoint","urlTemplate":"https:\/\/snitz.se\/grundskola\/?s={search_term_string}"},"query-input":"required name=search_term_string"}],"inLanguage":"sv-SE"}]}},"_links":{"self":[{"href":"https:\/\/snitz.se\/grundskola\/wp-json\/wp\/v2\/pages\/91"}],"collection":[{"href":"https:\/\/snitz.se\/grundskola\/wp-json\/wp\/v2\/pages"}],"about":[{"href":"https:\/\/snitz.se\/grundskola\/wp-json\/wp\/v2\/types\/page"}],"author":[{"embeddable":true,"href":"https:\/\/snitz.se\/grundskola\/wp-json\/wp\/v2\/users\/1"}],"replies":[{"embeddable":true,"href":"https:\/\/snitz.se\/grundskola\/wp-json\/wp\/v2\/comments?post=91"}],"version-history":[{"count":10,"href":"https:\/\/snitz.se\/grundskola\/wp-json\/wp\/v2\/pages\/91\/revisions"}],"predecessor-version":[{"id":568,"href":"https:\/\/snitz.se\/grundskola\/wp-json\/wp\/v2\/pages\/91\/revisions\/568"}],"up":[{"embeddable":true,"href":"https:\/\/snitz.se\/grundskola\/wp-json\/wp\/v2\/pages\/47"}],"wp:attachment":[{"href":"https:\/\/snitz.se\/grundskola\/wp-json\/wp\/v2\/media?parent=91"}],"curies":[{"name":"wp","href":"https:\/\/api.w.org\/{rel}","templated":true}]}}