{"id":149,"date":"2024-01-16T09:35:16","date_gmt":"2024-01-16T09:35:16","guid":{"rendered":"https:\/\/snitz.se\/gymnasium\/?page_id=149"},"modified":"2026-04-14T08:58:42","modified_gmt":"2026-04-14T08:58:42","slug":"vara-kvalitetsresultat","status":"publish","type":"page","link":"https:\/\/snitz.se\/gymnasium\/vart-kvalitetsarbete\/vara-kvalitetsresultat\/","title":{"rendered":"V\u00e5ra kvalitetsresultat"},"content":{"rendered":"\n\t\n\t\n\t\n\n\t\n\t\n\t\t\n<section  class=\"c-block l-stacked  \" data-color-scheme=\"white\">\n\t<div class=\"ams-fifty ams-fifty--container ams-fifty--right ams-fifty--bottom l-container u-pt-fluid-3xl-6xl u-pb-fluid-3xl-6xl\">\n\t\t<div class=\"ams-fifty__content l-stack l-stack-xl is-left is-left@lg\">\n\t\t\t<div class=\"ams-fifty__text l-stack l-stack-lg\">\n\t\t\t\t\t\n\t<h1\n\tclass=\"c-heading u-font-title-1 \"\n\tstyle=\"\">\n\t\t\n\t\t\t\t\tV\u00e5ra kvalitetsresultat\n\t\t\t\t\n\t<\/h1>\n\n\t\t\t\t\t\t\t\t\t<div class=\"text l-stack u-font-body\">\n\t\t\t\t\t\t<p>P\u00e5 denna sida hittar du v\u00e5ra kvalitetsrapporter. H\u00e4r kan du se hur vi st\u00e4ndigt arbetar med att bli \u00e4nnu b\u00e4ttre.<\/p>\n\n\t\t\t\t\t<\/div>\n\t\t\t\t\t\t\t<\/div>\n\n\t\t\t\t<div class=\"ams-fifty__action u-inline-items\">\n\t\t\t\t\t\t\t\n\n\n<a href=\"https:\/\/snitz.se\/wp-content\/uploads\/sites\/3\/2025\/05\/kr2324snitzgymnasium-komprimerad.pdf\"\n\t\n\tclass=\"c-btn \"\n\tdata-style=\"rounded\"\n\tdata-size=\"md\"\n\tdata-width=\"full-mobile\"\n\tdata-variant=\"default\"\n\ttarget=\"_blank\">\n\t\t\t<span class=\"label\"> Kvalitetsrapport 2023\/2024<\/span>\n\t\t\t<\/a>\n\t\t\t<\/div>\n\t\t<\/div>\n\n\t\t <div class=\"ams-fifty__media u-ratio-square\">\n\t\t \t\t\t\t\t<img loading=\"lazy\" decoding=\"async\" width=\"600\" height=\"400\" src=\"https:\/\/snitz.se\/wp-content\/uploads\/sites\/3\/2026\/04\/mg3685-600x400.jpg\" class=\"attachment-md size-md\" alt=\"Tv\u00e5 elever spelar kortspel tillsammans.\" sizes=\"(min-width: 64em) 600px, calc(100vw - 160px)\" srcset=\"https:\/\/snitz.se\/wp-content\/uploads\/sites\/3\/2026\/04\/mg3685-600x400.jpg 600w, https:\/\/snitz.se\/wp-content\/uploads\/sites\/3\/2026\/04\/mg3685-300x200.jpg 300w, https:\/\/snitz.se\/wp-content\/uploads\/sites\/3\/2026\/04\/mg3685-400x267.jpg 400w, https:\/\/snitz.se\/wp-content\/uploads\/sites\/3\/2026\/04\/mg3685-800x533.jpg 800w, https:\/\/snitz.se\/wp-content\/uploads\/sites\/3\/2026\/04\/mg3685-1024x683.jpg 1024w, https:\/\/snitz.se\/wp-content\/uploads\/sites\/3\/2026\/04\/mg3685-1200x800.jpg 1200w, https:\/\/snitz.se\/wp-content\/uploads\/sites\/3\/2026\/04\/mg3685.jpg 1500w\" \/>\n\t\t\t\n\t\t\t\n\t\t\t\t\t<\/div>\n\t<\/div>\n\n\t\t\n\n<\/section>\n\n\n\n\n<section  class=\"ams-cta ams-cta--stacked c-block l-stacked\" data-color-scheme=\"gray\">\n\t<div class=\"l-container-narrow l-stack l-stack-fluid-2xl u-pt-fluid-3xl-6xl u-pb-fluid-3xl-6xl is-center is-center@md\">\n\t\t\t\t\t<div class=\"ams-cta__intro l-stack l-stack-lg\">\n\t\t\t\t\t\n\t<h2\n\tclass=\"c-heading u-font-title-1 \"\n\tstyle=\"\">\n\t\t\n\t\t\t\t\tV\u00e5ra kvalitetsrapporter\n\t\t\t\t\n\t<\/h2>\n\n\t\t\t\t\t\t\t<\/div>\n\t\t\n\t\t\n\t\t\t<div class=\"ams-cta__action u-inline-items\">\n\t\t\t\t\t\t\t\n\n\n<a href=\"https:\/\/snitz.se\/wp-content\/uploads\/sites\/3\/2024\/01\/snitzkvalitetsrapport20222023.pdf\"\n\t\n\tclass=\"c-btn \"\n\tdata-style=\"rounded\"\n\tdata-size=\"md\"\n\tdata-width=\"full-mobile\"\n\tdata-variant=\"default\"\n\ttarget=\"_blank\">\n\t\t\t<span class=\"label\"> Snitz gymnasium 22\/23<\/span>\n\t\t\t<\/a>\n\t\t\t\t\t\t\t\n\n\n<a href=\"https:\/\/snitz.se\/wp-content\/uploads\/sites\/3\/2024\/01\/snitzkvalitetsrapport20212022.pdf\"\n\t\n\tclass=\"c-btn \"\n\tdata-style=\"rounded\"\n\tdata-size=\"md\"\n\tdata-width=\"full-mobile\"\n\tdata-variant=\"default\"\n\ttarget=\"_blank\">\n\t\t\t<span class=\"label\"> Snitz Gymnasium 21\/22<\/span>\n\t\t\t<\/a>\n\t\t\t<\/div>\n\t<\/div>\n\n\t\t\n\n<\/section>\n\n\n\n\n<section  class=\"ams-cta ams-cta--stacked c-block l-stacked\" data-color-scheme=\"white\">\n\t<div class=\"l-container-narrow l-stack l-stack-fluid-2xl u-pt-fluid-3xl-6xl u-pb-fluid-3xl-6xl is-center is-center@md\">\n\t\t\t\t\t<div class=\"ams-cta__intro l-stack l-stack-lg\">\n\t\t\t\t\t\n\t<h2\n\tclass=\"c-heading u-font-title-1 \"\n\tstyle=\"\">\n\t\t\n\t\t\t\t\tHar du fr\u00e5gor?\n\t\t\t\t\n\t<\/h2>\n\n\t\t\t\t\t\t\t\t\t<div class=\"c-text l-stack u-cs-xl u-font-body\">\n\t\t\t\t\t\t<p>Du \u00e4r alltid v\u00e4lkommen att h\u00f6ra av dig direkt till oss med fr\u00e5gor om v\u00e5r verksamhet.<\/p>\n\n\t\t\t\t\t<\/div>\n\t\t\t\t\t\t\t<\/div>\n\t\t\n\t\t\n\t\t\t<div class=\"ams-cta__action u-inline-items\">\n\t\t\t\t\t\t\t\n\n\n<a href=\"https:\/\/snitz.se\/gymnasium\/kontakta-oss\/\"\n\t\n\tclass=\"c-btn \"\n\tdata-style=\"rounded\"\n\tdata-size=\"md\"\n\tdata-width=\"full-mobile\"\n\tdata-variant=\"default\"\n\ttarget=\"_self\">\n\t\t\t<span class=\"label\"> Kontakta oss<\/span>\n\t\t\t<\/a>\n\t\t\t\t\t\t\t\n\n\n<a href=\"https:\/\/snitz.se\/gymnasium\/vart-kvalitetsarbete\/\"\n\t\n\tclass=\"c-btn \"\n\tdata-style=\"rounded\"\n\tdata-size=\"md\"\n\tdata-width=\"full-mobile\"\n\tdata-variant=\"outline\"\n\ttarget=\"_self\">\n\t\t\t<span class=\"label\"> V\u00e5rt kvalitetsarbete<\/span>\n\t\t\t<\/a>\n\t\t\t<\/div>\n\t<\/div>\n\n\t\t\n\n<\/section>\n\n\n\n<p><\/p>\n","protected":false},"excerpt":{"rendered":"","protected":false},"author":1,"featured_media":1443,"parent":104,"menu_order":0,"comment_status":"closed","ping_status":"closed","template":"","meta":{"footnotes":""},"yoast_head":"<!-- This site is optimized with the Yoast SEO plugin v22.0 - https:\/\/yoast.com\/wordpress\/plugins\/seo\/ -->\n<title>Snitz Gymnasium<\/title>\n<meta name=\"robots\" content=\"index, follow, max-snippet:-1, max-image-preview:large, max-video-preview:-1\" \/>\n<link rel=\"canonical\" href=\"https:\/\/snitz.se\/gymnasium\/vart-kvalitetsarbete\/vara-kvalitetsresultat\/\" \/>\n<meta property=\"og:locale\" content=\"sv_SE\" \/>\n<meta property=\"og:type\" content=\"article\" \/>\n<meta property=\"og:url\" content=\"https:\/\/snitz.se\/gymnasium\/vart-kvalitetsarbete\/vara-kvalitetsresultat\/\" \/>\n<meta property=\"og:site_name\" content=\"Snitz Gymnasium\" \/>\n<meta property=\"article:modified_time\" content=\"2026-04-14T08:58:42+00:00\" \/>\n<meta property=\"og:image\" content=\"https:\/\/snitz.se\/wp-content\/uploads\/sites\/3\/2026\/04\/mg3685-1200x630.jpg\" \/>\n\t<meta property=\"og:image:width\" content=\"1200\" \/>\n\t<meta property=\"og:image:height\" content=\"630\" \/>\n\t<meta property=\"og:image:type\" content=\"image\/jpeg\" \/>\n<meta name=\"twitter:card\" content=\"summary_large_image\" \/>\n<meta name=\"twitter:image\" content=\"https:\/\/snitz.se\/wp-content\/uploads\/sites\/3\/2026\/04\/mg3685-1200x630.jpg\" \/>\n<meta name=\"twitter:label1\" content=\"Ber\u00e4knad l\u00e4stid\" \/>\n\t<meta name=\"twitter:data1\" content=\"1 minut\" \/>\n<script type=\"application\/ld+json\" class=\"yoast-schema-graph\">{\"@context\":\"https:\/\/schema.org\",\"@graph\":[{\"@type\":\"WebPage\",\"@id\":\"https:\/\/snitz.se\/gymnasium\/vart-kvalitetsarbete\/vara-kvalitetsresultat\/\",\"url\":\"https:\/\/snitz.se\/gymnasium\/vart-kvalitetsarbete\/vara-kvalitetsresultat\/\",\"name\":\"V\u00e5ra kvalitetsresultat - Snitz Gymnasium\",\"isPartOf\":{\"@id\":\"https:\/\/snitz.se\/gymnasium\/#website\"},\"datePublished\":\"2024-01-16T09:35:16+00:00\",\"dateModified\":\"2026-04-14T08:58:42+00:00\",\"breadcrumb\":{\"@id\":\"https:\/\/snitz.se\/gymnasium\/vart-kvalitetsarbete\/vara-kvalitetsresultat\/#breadcrumb\"},\"inLanguage\":\"sv-SE\",\"potentialAction\":[{\"@type\":\"ReadAction\",\"target\":[\"https:\/\/snitz.se\/gymnasium\/vart-kvalitetsarbete\/vara-kvalitetsresultat\/\"]}]},{\"@type\":\"BreadcrumbList\",\"@id\":\"https:\/\/snitz.se\/gymnasium\/vart-kvalitetsarbete\/vara-kvalitetsresultat\/#breadcrumb\",\"itemListElement\":[{\"@type\":\"ListItem\",\"position\":1,\"name\":\"Hem\",\"item\":\"https:\/\/snitz.se\/gymnasium\/\"},{\"@type\":\"ListItem\",\"position\":2,\"name\":\"V\u00e5rt kvalitetsarbete\",\"item\":\"https:\/\/snitz.se\/gymnasium\/vart-kvalitetsarbete\/\"},{\"@type\":\"ListItem\",\"position\":3,\"name\":\"V\u00e5ra kvalitetsresultat\"}]},{\"@type\":\"WebSite\",\"@id\":\"https:\/\/snitz.se\/gymnasium\/#website\",\"url\":\"https:\/\/snitz.se\/gymnasium\/\",\"name\":\"Snitz Gymnasium\",\"description\":\"Just another WordPress site\",\"potentialAction\":[{\"@type\":\"SearchAction\",\"target\":{\"@type\":\"EntryPoint\",\"urlTemplate\":\"https:\/\/snitz.se\/gymnasium\/?s={search_term_string}\"},\"query-input\":\"required name=search_term_string\"}],\"inLanguage\":\"sv-SE\"}]}<\/script>\n<!-- \/ Yoast SEO plugin. -->","yoast_head_json":{"title":"Snitz Gymnasium","robots":{"index":"index","follow":"follow","max-snippet":"max-snippet:-1","max-image-preview":"max-image-preview:large","max-video-preview":"max-video-preview:-1"},"canonical":"https:\/\/snitz.se\/gymnasium\/vart-kvalitetsarbete\/vara-kvalitetsresultat\/","og_locale":"sv_SE","og_type":"article","og_url":"https:\/\/snitz.se\/gymnasium\/vart-kvalitetsarbete\/vara-kvalitetsresultat\/","og_site_name":"Snitz Gymnasium","article_modified_time":"2026-04-14T08:58:42+00:00","og_image":[{"width":1200,"height":630,"url":"https:\/\/snitz.se\/wp-content\/uploads\/sites\/3\/2026\/04\/mg3685-1200x630.jpg","type":"image\/jpeg"}],"twitter_card":"summary_large_image","twitter_image":"https:\/\/snitz.se\/wp-content\/uploads\/sites\/3\/2026\/04\/mg3685-1200x630.jpg","twitter_misc":{"Ber\u00e4knad l\u00e4stid":"1 minut"},"schema":{"@context":"https:\/\/schema.org","@graph":[{"@type":"WebPage","@id":"https:\/\/snitz.se\/gymnasium\/vart-kvalitetsarbete\/vara-kvalitetsresultat\/","url":"https:\/\/snitz.se\/gymnasium\/vart-kvalitetsarbete\/vara-kvalitetsresultat\/","name":"V\u00e5ra kvalitetsresultat - Snitz Gymnasium","isPartOf":{"@id":"https:\/\/snitz.se\/gymnasium\/#website"},"datePublished":"2024-01-16T09:35:16+00:00","dateModified":"2026-04-14T08:58:42+00:00","breadcrumb":{"@id":"https:\/\/snitz.se\/gymnasium\/vart-kvalitetsarbete\/vara-kvalitetsresultat\/#breadcrumb"},"inLanguage":"sv-SE","potentialAction":[{"@type":"ReadAction","target":["https:\/\/snitz.se\/gymnasium\/vart-kvalitetsarbete\/vara-kvalitetsresultat\/"]}]},{"@type":"BreadcrumbList","@id":"https:\/\/snitz.se\/gymnasium\/vart-kvalitetsarbete\/vara-kvalitetsresultat\/#breadcrumb","itemListElement":[{"@type":"ListItem","position":1,"name":"Hem","item":"https:\/\/snitz.se\/gymnasium\/"},{"@type":"ListItem","position":2,"name":"V\u00e5rt kvalitetsarbete","item":"https:\/\/snitz.se\/gymnasium\/vart-kvalitetsarbete\/"},{"@type":"ListItem","position":3,"name":"V\u00e5ra kvalitetsresultat"}]},{"@type":"WebSite","@id":"https:\/\/snitz.se\/gymnasium\/#website","url":"https:\/\/snitz.se\/gymnasium\/","name":"Snitz Gymnasium","description":"Just another WordPress site","potentialAction":[{"@type":"SearchAction","target":{"@type":"EntryPoint","urlTemplate":"https:\/\/snitz.se\/gymnasium\/?s={search_term_string}"},"query-input":"required name=search_term_string"}],"inLanguage":"sv-SE"}]}},"_links":{"self":[{"href":"https:\/\/snitz.se\/gymnasium\/wp-json\/wp\/v2\/pages\/149"}],"collection":[{"href":"https:\/\/snitz.se\/gymnasium\/wp-json\/wp\/v2\/pages"}],"about":[{"href":"https:\/\/snitz.se\/gymnasium\/wp-json\/wp\/v2\/types\/page"}],"author":[{"embeddable":true,"href":"https:\/\/snitz.se\/gymnasium\/wp-json\/wp\/v2\/users\/1"}],"replies":[{"embeddable":true,"href":"https:\/\/snitz.se\/gymnasium\/wp-json\/wp\/v2\/comments?post=149"}],"version-history":[{"count":9,"href":"https:\/\/snitz.se\/gymnasium\/wp-json\/wp\/v2\/pages\/149\/revisions"}],"predecessor-version":[{"id":1545,"href":"https:\/\/snitz.se\/gymnasium\/wp-json\/wp\/v2\/pages\/149\/revisions\/1545"}],"up":[{"embeddable":true,"href":"https:\/\/snitz.se\/gymnasium\/wp-json\/wp\/v2\/pages\/104"}],"wp:featuredmedia":[{"embeddable":true,"href":"https:\/\/snitz.se\/gymnasium\/wp-json\/wp\/v2\/media\/1443"}],"wp:attachment":[{"href":"https:\/\/snitz.se\/gymnasium\/wp-json\/wp\/v2\/media?parent=149"}],"curies":[{"name":"wp","href":"https:\/\/api.w.org\/{rel}","templated":true}]}}