{"id":235,"date":"2024-01-16T12:53:01","date_gmt":"2024-01-16T12:53:01","guid":{"rendered":"https:\/\/snitz.se\/gymnasium\/?page_id=235"},"modified":"2024-02-20T11:50:40","modified_gmt":"2024-02-20T11:50:40","slug":"en-del-av-academedia","status":"publish","type":"page","link":"https:\/\/snitz.se\/gymnasium\/om-skolan\/en-del-av-academedia\/","title":{"rendered":"En del av AcadeMedia"},"content":{"rendered":"\n\t\n\t\n\t\n\n\t\n\t\n\t\t\n<section  class=\"c-block l-stacked  \" data-color-scheme=\"white\">\n\t<div class=\"ams-fifty ams-fifty--container ams-fifty--right ams-fifty--bottom l-container u-pt-fluid-3xl-6xl u-pb-fluid-3xl-6xl\">\n\t\t<div class=\"ams-fifty__content l-stack l-stack-xl is-left is-left@lg\">\n\t\t\t<div class=\"ams-fifty__text l-stack l-stack-lg\">\n\t\t\t\t\t\n\t<h1\n\tclass=\"c-heading u-font-title-1 \"\n\tstyle=\"\">\n\t\t\n\t\t\t\t\tEn del av AcadeMedia\n\t\t\t\t\n\t<\/h1>\n\n\t\t\t\t\t\t\t\t\t<div class=\"text l-stack u-font-body\">\n\t\t\t\t\t\t<p>Vi \u00e4r en del av AcadeMedia som \u00e4r norra Europas st\u00f6rsta utbildningsf\u00f6retag. AcadeMedia bedriver verksamheter i hela utbildningskedjan: f\u00f6rskola, grundskola, gymnasium och vuxenutbildning.<\/p>\n<p>Under ett \u00e5r g\u00e5r 60 000 f\u00f6rskolebarn och elever samt 80 000 vuxenstuderande i n\u00e5gon av AcadeMedias verksamheter. AcadeMedia har 12 000 medarbetare och \u00f6ver 500 f\u00f6rskolor, skolor och vuxenutbildningsenheter, i Sverige, Norge och Tyskland.<\/p>\n<h2>V\u00e5r ekonomi<\/h2>\n<p>Skolinspektionen har den senaste tiden flaggat f\u00f6r att de kommer att fokusera betydligt mer p\u00e5 frist\u00e5ende skolors ekonomi \u00e4n tidigare. Det \u00e4r bra! Att ha en stark ekonomi \u00e4r en trygghet f\u00f6r v\u00e5ra elever och medarbetare.<\/p>\n<p>P\u00e5 AcadeMedias hemsida kan du l\u00e4sa mer om v\u00e5r ekonomi, och har du ytterligare fr\u00e5gor \u00e4r du varmt v\u00e4lkommen att kontakta rektor p\u00e5 skolan.<\/p>\n\n\t\t\t\t\t<\/div>\n\t\t\t\t\t\t\t<\/div>\n\n\t\t\t\t<div class=\"ams-fifty__action u-inline-items\">\n\t\t\t\t\t\t\t\n\n\n<a href=\"https:\/\/academedia.se\/om-academedia\/\"\n\t\n\tclass=\"c-btn \"\n\tdata-style=\"rounded\"\n\tdata-size=\"md\"\n\tdata-width=\"full-mobile\"\n\tdata-variant=\"default\"\n\ttarget=\"_blank\">\n\t\t\t<span class=\"label\"> L\u00e4s mer om AcadeMedia<\/span>\n\t\t\t<\/a>\n\t\t\t<\/div>\n\t\t<\/div>\n\n\t\t <div class=\"ams-fifty__media u-ratio-square\">\n\t\t \t\t\t\t\t<img loading=\"lazy\" decoding=\"async\" width=\"600\" height=\"337\" src=\"https:\/\/snitz.se\/wp-content\/uploads\/sites\/3\/2024\/01\/h8a0322-600x337.jpg\" class=\"attachment-md size-md\" alt=\"L\u00e4rare som ler och visar upp teckningar p\u00e5 v\u00e4ggen\" sizes=\"(min-width: 64em) 600px, calc(100vw - 160px)\" srcset=\"https:\/\/snitz.se\/wp-content\/uploads\/sites\/3\/2024\/01\/h8a0322-600x337.jpg 600w, https:\/\/snitz.se\/wp-content\/uploads\/sites\/3\/2024\/01\/h8a0322-300x169.jpg 300w, https:\/\/snitz.se\/wp-content\/uploads\/sites\/3\/2024\/01\/h8a0322-400x225.jpg 400w, https:\/\/snitz.se\/wp-content\/uploads\/sites\/3\/2024\/01\/h8a0322-800x450.jpg 800w, https:\/\/snitz.se\/wp-content\/uploads\/sites\/3\/2024\/01\/h8a0322-1024x576.jpg 1024w, https:\/\/snitz.se\/wp-content\/uploads\/sites\/3\/2024\/01\/h8a0322-1200x675.jpg 1200w, https:\/\/snitz.se\/wp-content\/uploads\/sites\/3\/2024\/01\/h8a0322.jpg 1366w\" \/>\n\t\t\t\n\t\t\t\n\t\t\t\t\t<\/div>\n\t<\/div>\n\n\t\t\n\n<\/section>\n\n\n\n\n<section  class=\"ams-info-card c-block l-stacked\" data-color-scheme=\"gray\">\n\t<div class=\"l-container l-stack l-stack-fluid-2xl u-pt-fluid-3xl-6xl u-pb-fluid-3xl-6xl is-center is-center@md\">\n\t\t\t\t\t<div class=\"ams-info-card__intro l-stack l-stack-lg\">\n\t\t\t\t\t\n\t<h2\n\tclass=\"c-heading u-font-title-1 \"\n\tstyle=\"\">\n\t\t\n\t\t\t\t\tMer om Snitz\n\t\t\t\t\n\t<\/h2>\n\n\t\t\t\t\t\t\t<\/div>\n\t\t\n\t\t\t\t\t\n<ul class=\"ams-info-card__list l-grid u-gap-2xl\">\n\t\t\t<li class=\"l-col-6@md l-col-4@lg\">\n\t\t\t<article\n\t\t\t\tclass=\"\n\t\t\t\tc-card\n\t\t\t\t\n\t\t\t\thas-media-zoom\n\t\t\t\t\n\t\t\t\t\"\n\t\t\t\tdata-variant=\"border\"\n\t\t\t\tdata-style=\"square\"\n\t\t\t\t data-click-area\n\t\t\t\t\n\t\t\t\t\n\t\t\t\t>\n\t\t\t\t<div class=\"c-card__content l-stack l-stack-sm is-left is-left@md\">\n\t\t\t\t\t\t\t\t\t\t\t<h3 class=\"c-card__title u-font-title-3\">\n\t\t\t\t\t\t\t\t\t\t\t\t\t\t\t<a class=\"c-card__link\" href=\"https:\/\/snitz.se\/gymnasium\/om-skolan\/\" target=\"_self\">\n\t\t\t\t\t\t\t\t\tOm Snitz Gymnasium\n\t\t\t\t\t\t\t\t<\/a>\n\t\t\t\t\t\t\t\t\t\t\t\t\t<\/h3>\n\t\t\t\t\t\n\t\t\t\t\t\t\t\t\t\t\t<div class=\"c-card__text l-stack-xs u-font-body\">\n\t\t\t\t\t\t\t<p>H\u00e4r kan du l\u00e4sa mer om oss och v\u00e5r specialpedagogik.<\/p>\n\n\t\t\t\t\t\t<\/div>\n\t\t\t\t\t\n\t\t\t\t\t\t\t\t\t\t\t<div class=\"c-card__icon c-card__icon--nl\">\n\t\t\t\t\t\t\t\t\t\t\t\t\t\t<svg class=\"ams-icon ams-icon--arrow-right\" width=\"32\" height=\"32\" viewbox=\"0 0 32 32\" fill=\"currentColor\" aria-hidden=\"true\" xmlns=\"http:\/\/www.w3.org\/2000\/svg\">\n\t\t\t\t\t\t\t\t\t\t\t\t\t\t\t\t<path d=\"M15.4617 0.252159L14.9567 0.75931C14.6219 1.09545 14.6219 1.64048 14.9567 1.97669L27.7062 14.7806H0.857144C0.383786 14.7806 0 15.166 0 15.6414V16.3587C0 16.8341 0.383786 17.2195 0.857144 17.2195H27.7062L14.9567 30.0234C14.6219 30.3595 14.6219 30.9045 14.9567 31.2407L15.4617 31.7479C15.7964 32.084 16.3392 32.084 16.6739 31.7479L31.749 16.6087C32.0837 16.2725 32.0837 15.7275 31.749 15.3913L16.6739 0.252159C16.3392 -0.084053 15.7964 -0.084053 15.4617 0.252159Z\"\/>\n\t\t\t\t\t\t\t\n\t\t\t\t\t\t\t<\/svg>\n\t\t\t\t\t\t<\/div>\n\t\t\t\t\t\t\t\t\t<\/div>\n\n\t\t\t\t\t\t\t\t\t<div class=\"c-card__media \" style=\" \">\n\t\t\t\t\t\t<img loading=\"lazy\" decoding=\"async\" width=\"400\" height=\"267\" src=\"https:\/\/snitz.se\/wp-content\/uploads\/sites\/3\/2026\/04\/mg3647-400x267.jpg\" class=\"\" alt=\"Tv\u00e5 elever spelar Uno tillsammans i skolans soffor.\" sizes=\"(min-width: 64em) 300px, (min-width: 48em) calc(.50 * (100vw - 304px)), calc(100vw - 208px)\" srcset=\"https:\/\/snitz.se\/wp-content\/uploads\/sites\/3\/2026\/04\/mg3647-400x267.jpg 400w, https:\/\/snitz.se\/wp-content\/uploads\/sites\/3\/2026\/04\/mg3647-300x200.jpg 300w, https:\/\/snitz.se\/wp-content\/uploads\/sites\/3\/2026\/04\/mg3647-600x400.jpg 600w, https:\/\/snitz.se\/wp-content\/uploads\/sites\/3\/2026\/04\/mg3647-800x533.jpg 800w, https:\/\/snitz.se\/wp-content\/uploads\/sites\/3\/2026\/04\/mg3647-1024x683.jpg 1024w, https:\/\/snitz.se\/wp-content\/uploads\/sites\/3\/2026\/04\/mg3647-1200x800.jpg 1200w, https:\/\/snitz.se\/wp-content\/uploads\/sites\/3\/2026\/04\/mg3647.jpg 1500w\" \/>\n\t\t\t\t\t<\/div>\n\t\t\t\t\t\t\t<\/article>\n\t\t<\/li>\n\t\t\t<li class=\"l-col-6@md l-col-4@lg\">\n\t\t\t<article\n\t\t\t\tclass=\"\n\t\t\t\tc-card\n\t\t\t\t\n\t\t\t\thas-media-zoom\n\t\t\t\t\n\t\t\t\t\"\n\t\t\t\tdata-variant=\"border\"\n\t\t\t\tdata-style=\"square\"\n\t\t\t\t data-click-area\n\t\t\t\t\n\t\t\t\t\n\t\t\t\t>\n\t\t\t\t<div class=\"c-card__content l-stack l-stack-sm is-left is-left@md\">\n\t\t\t\t\t\t\t\t\t\t\t<h3 class=\"c-card__title u-font-title-3\">\n\t\t\t\t\t\t\t\t\t\t\t\t\t\t\t<a class=\"c-card__link\" href=\"https:\/\/snitz.se\/gymnasium\/vart-kvalitetsarbete\/\" target=\"_self\">\n\t\t\t\t\t\t\t\t\tV\u00e5rt kvalitetsarbete\n\t\t\t\t\t\t\t\t<\/a>\n\t\t\t\t\t\t\t\t\t\t\t\t\t<\/h3>\n\t\t\t\t\t\n\t\t\t\t\t\t\t\t\t\t\t<div class=\"c-card__text l-stack-xs u-font-body\">\n\t\t\t\t\t\t\t<p>L\u00e4s om v\u00e5rt kvalitetsarbete p\u00e5 Snitz gymnasium.<\/p>\n\n\t\t\t\t\t\t<\/div>\n\t\t\t\t\t\n\t\t\t\t\t\t\t\t\t\t\t<div class=\"c-card__icon c-card__icon--nl\">\n\t\t\t\t\t\t\t\t\t\t\t\t\t\t<svg class=\"ams-icon ams-icon--arrow-right\" width=\"32\" height=\"32\" viewbox=\"0 0 32 32\" fill=\"currentColor\" aria-hidden=\"true\" xmlns=\"http:\/\/www.w3.org\/2000\/svg\">\n\t\t\t\t\t\t\t\t\t\t\t\t\t\t\t\t<path d=\"M15.4617 0.252159L14.9567 0.75931C14.6219 1.09545 14.6219 1.64048 14.9567 1.97669L27.7062 14.7806H0.857144C0.383786 14.7806 0 15.166 0 15.6414V16.3587C0 16.8341 0.383786 17.2195 0.857144 17.2195H27.7062L14.9567 30.0234C14.6219 30.3595 14.6219 30.9045 14.9567 31.2407L15.4617 31.7479C15.7964 32.084 16.3392 32.084 16.6739 31.7479L31.749 16.6087C32.0837 16.2725 32.0837 15.7275 31.749 15.3913L16.6739 0.252159C16.3392 -0.084053 15.7964 -0.084053 15.4617 0.252159Z\"\/>\n\t\t\t\t\t\t\t\n\t\t\t\t\t\t\t<\/svg>\n\t\t\t\t\t\t<\/div>\n\t\t\t\t\t\t\t\t\t<\/div>\n\n\t\t\t\t\t\t\t\t\t<div class=\"c-card__media \" style=\" \">\n\t\t\t\t\t\t<img loading=\"lazy\" decoding=\"async\" width=\"400\" height=\"267\" src=\"https:\/\/snitz.se\/wp-content\/uploads\/sites\/3\/2026\/04\/mg4269-400x267.jpg\" class=\"\" alt=\"Elev som fotograferar en annan elev, samtidigt som l\u00e4raren tittar p\u00e5.\" sizes=\"(min-width: 64em) 300px, (min-width: 48em) calc(.50 * (100vw - 304px)), calc(100vw - 208px)\" srcset=\"https:\/\/snitz.se\/wp-content\/uploads\/sites\/3\/2026\/04\/mg4269-400x267.jpg 400w, https:\/\/snitz.se\/wp-content\/uploads\/sites\/3\/2026\/04\/mg4269-300x200.jpg 300w, https:\/\/snitz.se\/wp-content\/uploads\/sites\/3\/2026\/04\/mg4269-600x400.jpg 600w, https:\/\/snitz.se\/wp-content\/uploads\/sites\/3\/2026\/04\/mg4269-800x533.jpg 800w, https:\/\/snitz.se\/wp-content\/uploads\/sites\/3\/2026\/04\/mg4269-1024x683.jpg 1024w, https:\/\/snitz.se\/wp-content\/uploads\/sites\/3\/2026\/04\/mg4269-1200x800.jpg 1200w, https:\/\/snitz.se\/wp-content\/uploads\/sites\/3\/2026\/04\/mg4269.jpg 1500w\" \/>\n\t\t\t\t\t<\/div>\n\t\t\t\t\t\t\t<\/article>\n\t\t<\/li>\n\t\t\t<li class=\"l-col-6@md l-col-4@lg\">\n\t\t\t<article\n\t\t\t\tclass=\"\n\t\t\t\tc-card\n\t\t\t\t\n\t\t\t\thas-media-zoom\n\t\t\t\t\n\t\t\t\t\"\n\t\t\t\tdata-variant=\"border\"\n\t\t\t\tdata-style=\"square\"\n\t\t\t\t data-click-area\n\t\t\t\t\n\t\t\t\t\n\t\t\t\t>\n\t\t\t\t<div class=\"c-card__content l-stack l-stack-sm is-left is-left@md\">\n\t\t\t\t\t\t\t\t\t\t\t<h3 class=\"c-card__title u-font-title-3\">\n\t\t\t\t\t\t\t\t\t\t\t\t\t\t\t<a class=\"c-card__link\" href=\"https:\/\/snitz.se\/gymnasium\/kontakta-oss\/\" target=\"_self\">\n\t\t\t\t\t\t\t\t\tFr\u00e5gor? Kontakta oss\n\t\t\t\t\t\t\t\t<\/a>\n\t\t\t\t\t\t\t\t\t\t\t\t\t<\/h3>\n\t\t\t\t\t\n\t\t\t\t\t\t\t\t\t\t\t<div class=\"c-card__text l-stack-xs u-font-body\">\n\t\t\t\t\t\t\t<p>Du \u00e4r alltid v\u00e4lkommen att kontakta oss f\u00f6r mer information.<\/p>\n\n\t\t\t\t\t\t<\/div>\n\t\t\t\t\t\n\t\t\t\t\t\t\t\t\t\t\t<div class=\"c-card__icon c-card__icon--nl\">\n\t\t\t\t\t\t\t\t\t\t\t\t\t\t<svg class=\"ams-icon ams-icon--arrow-right\" width=\"32\" height=\"32\" viewbox=\"0 0 32 32\" fill=\"currentColor\" aria-hidden=\"true\" xmlns=\"http:\/\/www.w3.org\/2000\/svg\">\n\t\t\t\t\t\t\t\t\t\t\t\t\t\t\t\t<path d=\"M15.4617 0.252159L14.9567 0.75931C14.6219 1.09545 14.6219 1.64048 14.9567 1.97669L27.7062 14.7806H0.857144C0.383786 14.7806 0 15.166 0 15.6414V16.3587C0 16.8341 0.383786 17.2195 0.857144 17.2195H27.7062L14.9567 30.0234C14.6219 30.3595 14.6219 30.9045 14.9567 31.2407L15.4617 31.7479C15.7964 32.084 16.3392 32.084 16.6739 31.7479L31.749 16.6087C32.0837 16.2725 32.0837 15.7275 31.749 15.3913L16.6739 0.252159C16.3392 -0.084053 15.7964 -0.084053 15.4617 0.252159Z\"\/>\n\t\t\t\t\t\t\t\n\t\t\t\t\t\t\t<\/svg>\n\t\t\t\t\t\t<\/div>\n\t\t\t\t\t\t\t\t\t<\/div>\n\n\t\t\t\t\t\t\t\t\t<div class=\"c-card__media \" style=\" \">\n\t\t\t\t\t\t<img loading=\"lazy\" decoding=\"async\" width=\"400\" height=\"267\" src=\"https:\/\/snitz.se\/wp-content\/uploads\/sites\/3\/2026\/04\/mg3429-400x267.jpg\" class=\"\" alt=\"Tv\u00e5 elever och en l\u00e4rare som \u00e4r ute p\u00e5 promenad vid vattnet.\" sizes=\"(min-width: 64em) 300px, (min-width: 48em) calc(.50 * (100vw - 304px)), calc(100vw - 208px)\" srcset=\"https:\/\/snitz.se\/wp-content\/uploads\/sites\/3\/2026\/04\/mg3429-400x267.jpg 400w, https:\/\/snitz.se\/wp-content\/uploads\/sites\/3\/2026\/04\/mg3429-300x200.jpg 300w, https:\/\/snitz.se\/wp-content\/uploads\/sites\/3\/2026\/04\/mg3429-600x400.jpg 600w, https:\/\/snitz.se\/wp-content\/uploads\/sites\/3\/2026\/04\/mg3429-800x533.jpg 800w, https:\/\/snitz.se\/wp-content\/uploads\/sites\/3\/2026\/04\/mg3429-1024x683.jpg 1024w, https:\/\/snitz.se\/wp-content\/uploads\/sites\/3\/2026\/04\/mg3429-1200x800.jpg 1200w, https:\/\/snitz.se\/wp-content\/uploads\/sites\/3\/2026\/04\/mg3429.jpg 1500w\" \/>\n\t\t\t\t\t<\/div>\n\t\t\t\t\t\t\t<\/article>\n\t\t<\/li>\n\t<\/ul>\n\t\n\t\t\t<\/div>\n\n\t\t\n\n<\/section>\n","protected":false},"excerpt":{"rendered":"","protected":false},"author":1,"featured_media":0,"parent":47,"menu_order":0,"comment_status":"closed","ping_status":"closed","template":"","meta":{"footnotes":""},"yoast_head":"<!-- This site is optimized with the Yoast SEO plugin v22.0 - https:\/\/yoast.com\/wordpress\/plugins\/seo\/ -->\n<title>Snitz Gymnasium<\/title>\n<meta name=\"description\" content=\"Vi \u00e4r en del av AcadeMedia som \u00e4r norra Europas st\u00f6rsta utbildningsf\u00f6retag. AcadeMedia bedriver verksamheter i hela utbildningskedjan.\" \/>\n<meta name=\"robots\" content=\"index, follow, max-snippet:-1, max-image-preview:large, max-video-preview:-1\" \/>\n<link rel=\"canonical\" href=\"https:\/\/snitz.se\/gymnasium\/om-skolan\/en-del-av-academedia\/\" \/>\n<meta property=\"og:locale\" content=\"sv_SE\" \/>\n<meta property=\"og:type\" content=\"article\" \/>\n<meta property=\"og:description\" content=\"Vi \u00e4r en del av AcadeMedia som \u00e4r norra Europas st\u00f6rsta utbildningsf\u00f6retag. AcadeMedia bedriver verksamheter i hela utbildningskedjan.\" \/>\n<meta property=\"og:url\" content=\"https:\/\/snitz.se\/gymnasium\/om-skolan\/en-del-av-academedia\/\" \/>\n<meta property=\"og:site_name\" content=\"Snitz Gymnasium\" \/>\n<meta property=\"article:modified_time\" content=\"2024-02-20T11:50:40+00:00\" \/>\n<meta name=\"twitter:card\" content=\"summary_large_image\" \/>\n<meta name=\"twitter:description\" content=\"Vi \u00e4r en del av AcadeMedia som \u00e4r norra Europas st\u00f6rsta utbildningsf\u00f6retag. AcadeMedia bedriver verksamheter i hela utbildningskedjan.\" \/>\n<script type=\"application\/ld+json\" class=\"yoast-schema-graph\">{\"@context\":\"https:\/\/schema.org\",\"@graph\":[{\"@type\":\"WebPage\",\"@id\":\"https:\/\/snitz.se\/gymnasium\/om-skolan\/en-del-av-academedia\/\",\"url\":\"https:\/\/snitz.se\/gymnasium\/om-skolan\/en-del-av-academedia\/\",\"name\":\"En del av AcadeMedia - Snitz Gymnasium\",\"isPartOf\":{\"@id\":\"https:\/\/snitz.se\/gymnasium\/#website\"},\"datePublished\":\"2024-01-16T12:53:01+00:00\",\"dateModified\":\"2024-02-20T11:50:40+00:00\",\"description\":\"Vi \u00e4r en del av AcadeMedia som \u00e4r norra Europas st\u00f6rsta utbildningsf\u00f6retag. AcadeMedia bedriver verksamheter i hela utbildningskedjan.\",\"breadcrumb\":{\"@id\":\"https:\/\/snitz.se\/gymnasium\/om-skolan\/en-del-av-academedia\/#breadcrumb\"},\"inLanguage\":\"sv-SE\",\"potentialAction\":[{\"@type\":\"ReadAction\",\"target\":[\"https:\/\/snitz.se\/gymnasium\/om-skolan\/en-del-av-academedia\/\"]}]},{\"@type\":\"BreadcrumbList\",\"@id\":\"https:\/\/snitz.se\/gymnasium\/om-skolan\/en-del-av-academedia\/#breadcrumb\",\"itemListElement\":[{\"@type\":\"ListItem\",\"position\":1,\"name\":\"Hem\",\"item\":\"https:\/\/snitz.se\/gymnasium\/\"},{\"@type\":\"ListItem\",\"position\":2,\"name\":\"Om skolan\",\"item\":\"https:\/\/snitz.se\/gymnasium\/om-skolan\/\"},{\"@type\":\"ListItem\",\"position\":3,\"name\":\"En del av AcadeMedia\"}]},{\"@type\":\"WebSite\",\"@id\":\"https:\/\/snitz.se\/gymnasium\/#website\",\"url\":\"https:\/\/snitz.se\/gymnasium\/\",\"name\":\"Snitz Gymnasium\",\"description\":\"Just another WordPress site\",\"potentialAction\":[{\"@type\":\"SearchAction\",\"target\":{\"@type\":\"EntryPoint\",\"urlTemplate\":\"https:\/\/snitz.se\/gymnasium\/?s={search_term_string}\"},\"query-input\":\"required name=search_term_string\"}],\"inLanguage\":\"sv-SE\"}]}<\/script>\n<!-- \/ Yoast SEO plugin. -->","yoast_head_json":{"title":"Snitz Gymnasium","description":"Vi \u00e4r en del av AcadeMedia som \u00e4r norra Europas st\u00f6rsta utbildningsf\u00f6retag. AcadeMedia bedriver verksamheter i hela utbildningskedjan.","robots":{"index":"index","follow":"follow","max-snippet":"max-snippet:-1","max-image-preview":"max-image-preview:large","max-video-preview":"max-video-preview:-1"},"canonical":"https:\/\/snitz.se\/gymnasium\/om-skolan\/en-del-av-academedia\/","og_locale":"sv_SE","og_type":"article","og_description":"Vi \u00e4r en del av AcadeMedia som \u00e4r norra Europas st\u00f6rsta utbildningsf\u00f6retag. AcadeMedia bedriver verksamheter i hela utbildningskedjan.","og_url":"https:\/\/snitz.se\/gymnasium\/om-skolan\/en-del-av-academedia\/","og_site_name":"Snitz Gymnasium","article_modified_time":"2024-02-20T11:50:40+00:00","twitter_card":"summary_large_image","twitter_description":"Vi \u00e4r en del av AcadeMedia som \u00e4r norra Europas st\u00f6rsta utbildningsf\u00f6retag. AcadeMedia bedriver verksamheter i hela utbildningskedjan.","schema":{"@context":"https:\/\/schema.org","@graph":[{"@type":"WebPage","@id":"https:\/\/snitz.se\/gymnasium\/om-skolan\/en-del-av-academedia\/","url":"https:\/\/snitz.se\/gymnasium\/om-skolan\/en-del-av-academedia\/","name":"En del av AcadeMedia - Snitz Gymnasium","isPartOf":{"@id":"https:\/\/snitz.se\/gymnasium\/#website"},"datePublished":"2024-01-16T12:53:01+00:00","dateModified":"2024-02-20T11:50:40+00:00","description":"Vi \u00e4r en del av AcadeMedia som \u00e4r norra Europas st\u00f6rsta utbildningsf\u00f6retag. AcadeMedia bedriver verksamheter i hela utbildningskedjan.","breadcrumb":{"@id":"https:\/\/snitz.se\/gymnasium\/om-skolan\/en-del-av-academedia\/#breadcrumb"},"inLanguage":"sv-SE","potentialAction":[{"@type":"ReadAction","target":["https:\/\/snitz.se\/gymnasium\/om-skolan\/en-del-av-academedia\/"]}]},{"@type":"BreadcrumbList","@id":"https:\/\/snitz.se\/gymnasium\/om-skolan\/en-del-av-academedia\/#breadcrumb","itemListElement":[{"@type":"ListItem","position":1,"name":"Hem","item":"https:\/\/snitz.se\/gymnasium\/"},{"@type":"ListItem","position":2,"name":"Om skolan","item":"https:\/\/snitz.se\/gymnasium\/om-skolan\/"},{"@type":"ListItem","position":3,"name":"En del av AcadeMedia"}]},{"@type":"WebSite","@id":"https:\/\/snitz.se\/gymnasium\/#website","url":"https:\/\/snitz.se\/gymnasium\/","name":"Snitz Gymnasium","description":"Just another WordPress site","potentialAction":[{"@type":"SearchAction","target":{"@type":"EntryPoint","urlTemplate":"https:\/\/snitz.se\/gymnasium\/?s={search_term_string}"},"query-input":"required name=search_term_string"}],"inLanguage":"sv-SE"}]}},"_links":{"self":[{"href":"https:\/\/snitz.se\/gymnasium\/wp-json\/wp\/v2\/pages\/235"}],"collection":[{"href":"https:\/\/snitz.se\/gymnasium\/wp-json\/wp\/v2\/pages"}],"about":[{"href":"https:\/\/snitz.se\/gymnasium\/wp-json\/wp\/v2\/types\/page"}],"author":[{"embeddable":true,"href":"https:\/\/snitz.se\/gymnasium\/wp-json\/wp\/v2\/users\/1"}],"replies":[{"embeddable":true,"href":"https:\/\/snitz.se\/gymnasium\/wp-json\/wp\/v2\/comments?post=235"}],"version-history":[{"count":4,"href":"https:\/\/snitz.se\/gymnasium\/wp-json\/wp\/v2\/pages\/235\/revisions"}],"predecessor-version":[{"id":398,"href":"https:\/\/snitz.se\/gymnasium\/wp-json\/wp\/v2\/pages\/235\/revisions\/398"}],"up":[{"embeddable":true,"href":"https:\/\/snitz.se\/gymnasium\/wp-json\/wp\/v2\/pages\/47"}],"wp:attachment":[{"href":"https:\/\/snitz.se\/gymnasium\/wp-json\/wp\/v2\/media?parent=235"}],"curies":[{"name":"wp","href":"https:\/\/api.w.org\/{rel}","templated":true}]}}