{"id":247,"date":"2024-01-16T14:02:11","date_gmt":"2024-01-16T14:02:11","guid":{"rendered":"https:\/\/snitz.se\/gymnasium\/?page_id=247"},"modified":"2025-01-15T08:42:11","modified_gmt":"2025-01-15T08:42:11","slug":"nyheter","status":"publish","type":"page","link":"https:\/\/snitz.se\/gymnasium\/nyheter\/","title":{"rendered":"Nyheter"},"content":{"rendered":"\n\n\n<section  class=\"ams-article c-block l-stacked js-load-more\" data-color-scheme=\"white\" data-count=\"3\" data-count-mobile=\"2\">\n\t<div class=\"l-container l-stack l-stack-fluid-2xl u-pt-fluid-3xl-6xl u-pb-fluid-3xl-6xl is-center is-center@md\">\n\t\t\t\t\t<div class=\"ams-article__intro l-stack l-stack-lg\">\n\t\t\t\t\t\n\t<h1\n\tclass=\"c-heading u-font-title-1 \"\n\tstyle=\"\">\n\t\t\n\t\t\t\t\tNyheter\n\t\t\t\t\n\t<\/h1>\n\n\t\t\t\t\t\t\t\t\t<div class=\"c-text l-stack u-cs-xl u-font-body\">\n\t\t\t\t\t\t<p>Vill du veta vad som h\u00e4nder p\u00e5 Snitz gymnasium? H\u00e5ll dig uppdaterad med hj\u00e4lp av v\u00e5ra nyheter som du hittar h\u00e4r.<\/p>\n\n\t\t\t\t\t<\/div>\n\t\t\t\t\t\t\t<\/div>\n\t\t\n\t\t\t\n\t    \n\t\n\t<ul id=\"ams-article-list-69e5014da8701\" class=\"ams-article__list l-grid u-gap-2xl u-justify-center js-results \" aria-label=\"Artiklar\" data-filter-animation=\"off\">\n\t\t\t\t\t\t\t\t\t\t\t\t\t\t\t\t\t\n\t\t\t\n\t\t\t\n\t\t\t<li class=\"l-col-6@md l-col-4@lg \" data-filter=\"nyheter februari-2026\">\n\t\t\t\t<article class=\"c-card  has-media-zoom  \" data-variant=\"border\" data-style=\"square\" data-click-area>\n\t\t\t\t\t<div class=\"c-card__content l-stack l-stack-sm\">\n\n\t\t\t\t\t\t\n\t\t\t\t\t\t\t\t\t\t\t\t\t<h2 class=\"c-card__title u-font-title-3\">\n\t\t\t\t\t\t\t\t\t\t\t\t\t\t\t\t\t<a class=\"c-card__link\" href=\"https:\/\/snitz.se\/gymnasium\/nyheter\/studentdagen-10-juni\/\">\n\t\t\t\t\t\t\t\t\t\tStudentdagen den 10 juni 2026!\n\t\t\t\t\t\t\t\t\t<\/a>\n\t\t\t\t\t\t\t\t\t\t\t\t\t\t\t<\/h2>\n\t\t\t\t\t\t\n\t\t\t\t\t\t\t\t\t\t\t\t\t<p class=\"c-card__text l-stack-xs u-font-body\">\n\t\t\t\t\t\t\t\tInformation till studenter och v\u00e5rdnadshavare inf\u00f6r onsdagen 10 juni\n\t\t\t\t\t\t\t<\/p>\n\t\t\t\t\t\t\n\t\t\t\t\t\t\t\t\t\t\t\t\t<ul class=\"c-card__tags l-stack-grow u-list-none u-pt-md\" aria-label=\"Kategorier\">\n\t\t\t\t\t\t\t\t\t\t\t\t\t\t\t\t\t<li><span class=\"c-tag\" data-variant=\"outline\">Nyheter<\/span><\/li>\n\t\t\t\t\t\t\t\t\t\t\t\t\t\t\t<\/ul>\n\t\t\t\t\t\t\n\t\t\t\t\t\t<div class=\"c-card__icon\">\n\t\t\t\t\t\t\t\t\t\t\t\t\t\t<svg class=\"ams-icon ams-icon--arrow-right\" width=\"32\" height=\"32\" viewbox=\"0 0 32 32\" fill=\"currentColor\" aria-hidden=\"true\" xmlns=\"http:\/\/www.w3.org\/2000\/svg\">\n\t\t\t\t\t\t\t\t\t\t\t\t\t\t\t\t<path d=\"M15.4617 0.252159L14.9567 0.75931C14.6219 1.09545 14.6219 1.64048 14.9567 1.97669L27.7062 14.7806H0.857144C0.383786 14.7806 0 15.166 0 15.6414V16.3587C0 16.8341 0.383786 17.2195 0.857144 17.2195H27.7062L14.9567 30.0234C14.6219 30.3595 14.6219 30.9045 14.9567 31.2407L15.4617 31.7479C15.7964 32.084 16.3392 32.084 16.6739 31.7479L31.749 16.6087C32.0837 16.2725 32.0837 15.7275 31.749 15.3913L16.6739 0.252159C16.3392 -0.084053 15.7964 -0.084053 15.4617 0.252159Z\"\/>\n\t\t\t\t\t\t\t\n\t\t\t\t\t\t\t<\/svg>\n\t\t\t\t\t\t<\/div>\n\t\t\t\t\t<\/div>\n\n\t\t\t\t\t<div class=\"c-card__media \" style=\" \">\n\t\t\t\t\t\t<img loading=\"lazy\" decoding=\"async\" width=\"400\" height=\"250\" src=\"https:\/\/snitz.se\/wp-content\/uploads\/sites\/3\/2025\/04\/mosspatagning-400x250.jpeg\" class=\"attachment-sm size-sm\" alt=\"\" sizes=\"(min-width: 64em) 300px, (min-width: 48em) calc(.50 * (100vw - 224px)), calc(100vw - 160px)\" srcset=\"https:\/\/snitz.se\/wp-content\/uploads\/sites\/3\/2025\/04\/mosspatagning-400x250.jpeg 400w, https:\/\/snitz.se\/wp-content\/uploads\/sites\/3\/2025\/04\/mosspatagning-300x187.jpeg 300w, https:\/\/snitz.se\/wp-content\/uploads\/sites\/3\/2025\/04\/mosspatagning-600x375.jpeg 600w, https:\/\/snitz.se\/wp-content\/uploads\/sites\/3\/2025\/04\/mosspatagning-800x500.jpeg 800w, https:\/\/snitz.se\/wp-content\/uploads\/sites\/3\/2025\/04\/mosspatagning-1024x640.jpeg 1024w, https:\/\/snitz.se\/wp-content\/uploads\/sites\/3\/2025\/04\/mosspatagning-1200x750.jpeg 1200w\" \/>\n\t\t\t\t\t<\/div>\n\t\t\t\t<\/article>\n\t\t\t<\/li>\n\t\t\t\t\t\t\t\t\t\t\t\t\t\t\t\t\t\n\t\t\t\n\t\t\t\n\t\t\t<li class=\"l-col-6@md l-col-4@lg \" data-filter=\" januari-2026\">\n\t\t\t\t<article class=\"c-card  has-media-zoom  \" data-variant=\"border\" data-style=\"square\" data-click-area>\n\t\t\t\t\t<div class=\"c-card__content l-stack l-stack-sm\">\n\n\t\t\t\t\t\t\n\t\t\t\t\t\t\t\t\t\t\t\t\t<h2 class=\"c-card__title u-font-title-3\">\n\t\t\t\t\t\t\t\t\t\t\t\t\t\t\t\t\t<a class=\"c-card__link\" href=\"https:\/\/snitz.se\/gymnasium\/nyheter\/fel-datum-for-oppet-hus\/\">\n\t\t\t\t\t\t\t\t\t\tFel datum f\u00f6r \u00f6ppet hus!\n\t\t\t\t\t\t\t\t\t<\/a>\n\t\t\t\t\t\t\t\t\t\t\t\t\t\t\t<\/h2>\n\t\t\t\t\t\t\n\t\t\t\t\t\t\t\t\t\t\t\t\t<p class=\"c-card__text l-stack-xs u-font-body\">\n\t\t\t\t\t\t\t\tI vissa kanaler har fel datum f\u00f6r \u00f6ppet hus kommunicerats. Korrekt datum \u00e4r 28\/1&#8230;\n\t\t\t\t\t\t\t<\/p>\n\t\t\t\t\t\t\n\t\t\t\t\t\t\n\t\t\t\t\t\t<div class=\"c-card__icon c-card__icon--nl\">\n\t\t\t\t\t\t\t\t\t\t\t\t\t\t<svg class=\"ams-icon ams-icon--arrow-right\" width=\"32\" height=\"32\" viewbox=\"0 0 32 32\" fill=\"currentColor\" aria-hidden=\"true\" xmlns=\"http:\/\/www.w3.org\/2000\/svg\">\n\t\t\t\t\t\t\t\t\t\t\t\t\t\t\t\t<path d=\"M15.4617 0.252159L14.9567 0.75931C14.6219 1.09545 14.6219 1.64048 14.9567 1.97669L27.7062 14.7806H0.857144C0.383786 14.7806 0 15.166 0 15.6414V16.3587C0 16.8341 0.383786 17.2195 0.857144 17.2195H27.7062L14.9567 30.0234C14.6219 30.3595 14.6219 30.9045 14.9567 31.2407L15.4617 31.7479C15.7964 32.084 16.3392 32.084 16.6739 31.7479L31.749 16.6087C32.0837 16.2725 32.0837 15.7275 31.749 15.3913L16.6739 0.252159C16.3392 -0.084053 15.7964 -0.084053 15.4617 0.252159Z\"\/>\n\t\t\t\t\t\t\t\n\t\t\t\t\t\t\t<\/svg>\n\t\t\t\t\t\t<\/div>\n\t\t\t\t\t<\/div>\n\n\t\t\t\t\t<div class=\"c-card__media \" style=\" \">\n\t\t\t\t\t\t<img loading=\"lazy\" decoding=\"async\" width=\"400\" height=\"267\" src=\"https:\/\/snitz.se\/wp-content\/uploads\/sites\/3\/2024\/01\/snitzamsplaceholder-scaled-400x267.jpg\" class=\"attachment-sm size-sm\" alt=\"\" sizes=\"(min-width: 64em) 300px, (min-width: 48em) calc(.50 * (100vw - 224px)), calc(100vw - 160px)\" srcset=\"https:\/\/snitz.se\/wp-content\/uploads\/sites\/3\/2024\/01\/snitzamsplaceholder-scaled-400x267.jpg 400w, https:\/\/snitz.se\/wp-content\/uploads\/sites\/3\/2024\/01\/snitzamsplaceholder-scaled-300x200.jpg 300w, https:\/\/snitz.se\/wp-content\/uploads\/sites\/3\/2024\/01\/snitzamsplaceholder-scaled-600x400.jpg 600w, https:\/\/snitz.se\/wp-content\/uploads\/sites\/3\/2024\/01\/snitzamsplaceholder-scaled-800x533.jpg 800w, https:\/\/snitz.se\/wp-content\/uploads\/sites\/3\/2024\/01\/snitzamsplaceholder-scaled-1024x683.jpg 1024w, https:\/\/snitz.se\/wp-content\/uploads\/sites\/3\/2024\/01\/snitzamsplaceholder-scaled-1200x800.jpg 1200w\" \/>\n\t\t\t\t\t<\/div>\n\t\t\t\t<\/article>\n\t\t\t<\/li>\n\t\t\t\t\t\t\t\t\t\t\t\t\t\t\t\t\t\n\t\t\t\n\t\t\t\n\t\t\t<li class=\"l-col-6@md l-col-4@lg \" data-filter=\"nyheter januari-2026\">\n\t\t\t\t<article class=\"c-card  has-media-zoom  \" data-variant=\"border\" data-style=\"square\" data-click-area>\n\t\t\t\t\t<div class=\"c-card__content l-stack l-stack-sm\">\n\n\t\t\t\t\t\t\n\t\t\t\t\t\t\t\t\t\t\t\t\t<h2 class=\"c-card__title u-font-title-3\">\n\t\t\t\t\t\t\t\t\t\t\t\t\t\t\t\t\t<a class=\"c-card__link\" href=\"https:\/\/snitz.se\/gymnasium\/nyheter\/vi-flyttar-till-nya-lokaler\/\">\n\t\t\t\t\t\t\t\t\t\tI januari flyttade vi p\u00e5 Snitz gymnasium&#8230;\n\t\t\t\t\t\t\t\t\t<\/a>\n\t\t\t\t\t\t\t\t\t\t\t\t\t\t\t<\/h2>\n\t\t\t\t\t\t\n\t\t\t\t\t\t\t\t\t\t\t\t\t<p class=\"c-card__text l-stack-xs u-font-body\">\n\t\t\t\t\t\t\t\tInf\u00f6r v\u00e5rterminen 2026 har vi flyttat fr\u00e5n Odenplan till nya, b\u00e4ttre skollokaler&#8230;\n\t\t\t\t\t\t\t<\/p>\n\t\t\t\t\t\t\n\t\t\t\t\t\t\t\t\t\t\t\t\t<ul class=\"c-card__tags l-stack-grow u-list-none u-pt-md\" aria-label=\"Kategorier\">\n\t\t\t\t\t\t\t\t\t\t\t\t\t\t\t\t\t<li><span class=\"c-tag\" data-variant=\"outline\">Nyheter<\/span><\/li>\n\t\t\t\t\t\t\t\t\t\t\t\t\t\t\t<\/ul>\n\t\t\t\t\t\t\n\t\t\t\t\t\t<div class=\"c-card__icon\">\n\t\t\t\t\t\t\t\t\t\t\t\t\t\t<svg class=\"ams-icon ams-icon--arrow-right\" width=\"32\" height=\"32\" viewbox=\"0 0 32 32\" fill=\"currentColor\" aria-hidden=\"true\" xmlns=\"http:\/\/www.w3.org\/2000\/svg\">\n\t\t\t\t\t\t\t\t\t\t\t\t\t\t\t\t<path d=\"M15.4617 0.252159L14.9567 0.75931C14.6219 1.09545 14.6219 1.64048 14.9567 1.97669L27.7062 14.7806H0.857144C0.383786 14.7806 0 15.166 0 15.6414V16.3587C0 16.8341 0.383786 17.2195 0.857144 17.2195H27.7062L14.9567 30.0234C14.6219 30.3595 14.6219 30.9045 14.9567 31.2407L15.4617 31.7479C15.7964 32.084 16.3392 32.084 16.6739 31.7479L31.749 16.6087C32.0837 16.2725 32.0837 15.7275 31.749 15.3913L16.6739 0.252159C16.3392 -0.084053 15.7964 -0.084053 15.4617 0.252159Z\"\/>\n\t\t\t\t\t\t\t\n\t\t\t\t\t\t\t<\/svg>\n\t\t\t\t\t\t<\/div>\n\t\t\t\t\t<\/div>\n\n\t\t\t\t\t<div class=\"c-card__media \" style=\" \">\n\t\t\t\t\t\t<img loading=\"lazy\" decoding=\"async\" width=\"400\" height=\"276\" src=\"https:\/\/snitz.se\/wp-content\/uploads\/sites\/3\/2025\/11\/snitz-400x276.png\" class=\"attachment-sm size-sm\" alt=\"Skissbild av Snitz Gymnasiums nya lokaler\" sizes=\"(min-width: 64em) 300px, (min-width: 48em) calc(.50 * (100vw - 224px)), calc(100vw - 160px)\" srcset=\"https:\/\/snitz.se\/wp-content\/uploads\/sites\/3\/2025\/11\/snitz-400x276.png 400w, https:\/\/snitz.se\/wp-content\/uploads\/sites\/3\/2025\/11\/snitz-300x207.png 300w, https:\/\/snitz.se\/wp-content\/uploads\/sites\/3\/2025\/11\/snitz-600x414.png 600w, https:\/\/snitz.se\/wp-content\/uploads\/sites\/3\/2025\/11\/snitz-800x553.png 800w, https:\/\/snitz.se\/wp-content\/uploads\/sites\/3\/2025\/11\/snitz-1024x707.png 1024w, https:\/\/snitz.se\/wp-content\/uploads\/sites\/3\/2025\/11\/snitz.png 1080w\" \/>\n\t\t\t\t\t<\/div>\n\t\t\t\t<\/article>\n\t\t\t<\/li>\n\t\t\t<\/ul>\n\n\t<div class=\"no-results u-mt-0 u-hide\" data-filter-fallback-id=\"ams-article-list-69e5014da8701\">\n\t<p>Det finns inga resultat som matchar din filtrering.<\/p>\n<\/div>\n\n\t    <div class=\"ams-article__more u-inline-items js-load-more-btn\">\n        <button href=\"#\"\n                class=\"c-btn\"\n                data-style=\"rounded\"\n                data-size=\"md\"\n                data-width=\"full-mobile\"\n                data-variant=\"outline\">\n        \tLadda fler nyheter\n        <\/button>\n    <\/div>\n\n\n\t\t\n\t\t\t<\/div>\n\n\t\t\n\n<\/section>\n","protected":false},"excerpt":{"rendered":"","protected":false},"author":1,"featured_media":0,"parent":0,"menu_order":0,"comment_status":"closed","ping_status":"closed","template":"archive-article.php","meta":{"footnotes":""},"yoast_head":"<!-- This site is optimized with the Yoast SEO plugin v22.0 - https:\/\/yoast.com\/wordpress\/plugins\/seo\/ -->\n<title>Nyheter f\u00f6r Snitz Gymnasium<\/title>\n<meta name=\"description\" content=\"Vill du veta vad som h\u00e4nder p\u00e5 Snitz gymnasium? H\u00e5ll dig uppdaterad med hj\u00e4lp av v\u00e5ra nyheter som du hittar h\u00e4r.\" \/>\n<meta name=\"robots\" content=\"index, follow, max-snippet:-1, max-image-preview:large, max-video-preview:-1\" \/>\n<link rel=\"canonical\" href=\"https:\/\/snitz.se\/gymnasium\/nyheter\/\" \/>\n<meta property=\"og:locale\" content=\"sv_SE\" \/>\n<meta property=\"og:type\" content=\"article\" \/>\n<meta property=\"og:title\" content=\"Nyheter f\u00f6r Snitz Gymnasium\" \/>\n<meta property=\"og:description\" content=\"Vill du veta vad som h\u00e4nder p\u00e5 Snitz gymnasium? H\u00e5ll dig uppdaterad med hj\u00e4lp av v\u00e5ra nyheter som du hittar h\u00e4r.\" \/>\n<meta property=\"og:url\" content=\"https:\/\/snitz.se\/gymnasium\/nyheter\/\" \/>\n<meta property=\"og:site_name\" content=\"Snitz Gymnasium\" \/>\n<meta property=\"article:modified_time\" content=\"2025-01-15T08:42:11+00:00\" \/>\n<meta name=\"twitter:card\" content=\"summary_large_image\" \/>\n<meta name=\"twitter:title\" content=\"Nyheter f\u00f6r Snitz Gymnasium\" \/>\n<meta name=\"twitter:description\" content=\"Vill du veta vad som h\u00e4nder p\u00e5 Snitz gymnasium? H\u00e5ll dig uppdaterad med hj\u00e4lp av v\u00e5ra nyheter som du hittar h\u00e4r.\" \/>\n<meta name=\"twitter:label1\" content=\"Ber\u00e4knad l\u00e4stid\" \/>\n\t<meta name=\"twitter:data1\" content=\"1 minut\" \/>\n<script type=\"application\/ld+json\" class=\"yoast-schema-graph\">{\"@context\":\"https:\/\/schema.org\",\"@graph\":[{\"@type\":\"WebPage\",\"@id\":\"https:\/\/snitz.se\/gymnasium\/nyheter\/\",\"url\":\"https:\/\/snitz.se\/gymnasium\/nyheter\/\",\"name\":\"Nyheter f\u00f6r Snitz Gymnasium\",\"isPartOf\":{\"@id\":\"https:\/\/snitz.se\/gymnasium\/#website\"},\"datePublished\":\"2024-01-16T14:02:11+00:00\",\"dateModified\":\"2025-01-15T08:42:11+00:00\",\"description\":\"Vill du veta vad som h\u00e4nder p\u00e5 Snitz gymnasium? H\u00e5ll dig uppdaterad med hj\u00e4lp av v\u00e5ra nyheter som du hittar h\u00e4r.\",\"breadcrumb\":{\"@id\":\"https:\/\/snitz.se\/gymnasium\/nyheter\/#breadcrumb\"},\"inLanguage\":\"sv-SE\",\"potentialAction\":[{\"@type\":\"ReadAction\",\"target\":[\"https:\/\/snitz.se\/gymnasium\/nyheter\/\"]}]},{\"@type\":\"BreadcrumbList\",\"@id\":\"https:\/\/snitz.se\/gymnasium\/nyheter\/#breadcrumb\",\"itemListElement\":[{\"@type\":\"ListItem\",\"position\":1,\"name\":\"Hem\",\"item\":\"https:\/\/snitz.se\/gymnasium\/\"},{\"@type\":\"ListItem\",\"position\":2,\"name\":\"Nyheter\"}]},{\"@type\":\"WebSite\",\"@id\":\"https:\/\/snitz.se\/gymnasium\/#website\",\"url\":\"https:\/\/snitz.se\/gymnasium\/\",\"name\":\"Snitz Gymnasium\",\"description\":\"Just another WordPress site\",\"potentialAction\":[{\"@type\":\"SearchAction\",\"target\":{\"@type\":\"EntryPoint\",\"urlTemplate\":\"https:\/\/snitz.se\/gymnasium\/?s={search_term_string}\"},\"query-input\":\"required name=search_term_string\"}],\"inLanguage\":\"sv-SE\"}]}<\/script>\n<!-- \/ Yoast SEO plugin. -->","yoast_head_json":{"title":"Nyheter f\u00f6r Snitz Gymnasium","description":"Vill du veta vad som h\u00e4nder p\u00e5 Snitz gymnasium? H\u00e5ll dig uppdaterad med hj\u00e4lp av v\u00e5ra nyheter som du hittar h\u00e4r.","robots":{"index":"index","follow":"follow","max-snippet":"max-snippet:-1","max-image-preview":"max-image-preview:large","max-video-preview":"max-video-preview:-1"},"canonical":"https:\/\/snitz.se\/gymnasium\/nyheter\/","og_locale":"sv_SE","og_type":"article","og_title":"Nyheter f\u00f6r Snitz Gymnasium","og_description":"Vill du veta vad som h\u00e4nder p\u00e5 Snitz gymnasium? H\u00e5ll dig uppdaterad med hj\u00e4lp av v\u00e5ra nyheter som du hittar h\u00e4r.","og_url":"https:\/\/snitz.se\/gymnasium\/nyheter\/","og_site_name":"Snitz Gymnasium","article_modified_time":"2025-01-15T08:42:11+00:00","twitter_card":"summary_large_image","twitter_title":"Nyheter f\u00f6r Snitz Gymnasium","twitter_description":"Vill du veta vad som h\u00e4nder p\u00e5 Snitz gymnasium? H\u00e5ll dig uppdaterad med hj\u00e4lp av v\u00e5ra nyheter som du hittar h\u00e4r.","twitter_misc":{"Ber\u00e4knad l\u00e4stid":"1 minut"},"schema":{"@context":"https:\/\/schema.org","@graph":[{"@type":"WebPage","@id":"https:\/\/snitz.se\/gymnasium\/nyheter\/","url":"https:\/\/snitz.se\/gymnasium\/nyheter\/","name":"Nyheter f\u00f6r Snitz Gymnasium","isPartOf":{"@id":"https:\/\/snitz.se\/gymnasium\/#website"},"datePublished":"2024-01-16T14:02:11+00:00","dateModified":"2025-01-15T08:42:11+00:00","description":"Vill du veta vad som h\u00e4nder p\u00e5 Snitz gymnasium? H\u00e5ll dig uppdaterad med hj\u00e4lp av v\u00e5ra nyheter som du hittar h\u00e4r.","breadcrumb":{"@id":"https:\/\/snitz.se\/gymnasium\/nyheter\/#breadcrumb"},"inLanguage":"sv-SE","potentialAction":[{"@type":"ReadAction","target":["https:\/\/snitz.se\/gymnasium\/nyheter\/"]}]},{"@type":"BreadcrumbList","@id":"https:\/\/snitz.se\/gymnasium\/nyheter\/#breadcrumb","itemListElement":[{"@type":"ListItem","position":1,"name":"Hem","item":"https:\/\/snitz.se\/gymnasium\/"},{"@type":"ListItem","position":2,"name":"Nyheter"}]},{"@type":"WebSite","@id":"https:\/\/snitz.se\/gymnasium\/#website","url":"https:\/\/snitz.se\/gymnasium\/","name":"Snitz Gymnasium","description":"Just another WordPress site","potentialAction":[{"@type":"SearchAction","target":{"@type":"EntryPoint","urlTemplate":"https:\/\/snitz.se\/gymnasium\/?s={search_term_string}"},"query-input":"required name=search_term_string"}],"inLanguage":"sv-SE"}]}},"_links":{"self":[{"href":"https:\/\/snitz.se\/gymnasium\/wp-json\/wp\/v2\/pages\/247"}],"collection":[{"href":"https:\/\/snitz.se\/gymnasium\/wp-json\/wp\/v2\/pages"}],"about":[{"href":"https:\/\/snitz.se\/gymnasium\/wp-json\/wp\/v2\/types\/page"}],"author":[{"embeddable":true,"href":"https:\/\/snitz.se\/gymnasium\/wp-json\/wp\/v2\/users\/1"}],"replies":[{"embeddable":true,"href":"https:\/\/snitz.se\/gymnasium\/wp-json\/wp\/v2\/comments?post=247"}],"version-history":[{"count":8,"href":"https:\/\/snitz.se\/gymnasium\/wp-json\/wp\/v2\/pages\/247\/revisions"}],"predecessor-version":[{"id":1057,"href":"https:\/\/snitz.se\/gymnasium\/wp-json\/wp\/v2\/pages\/247\/revisions\/1057"}],"wp:attachment":[{"href":"https:\/\/snitz.se\/gymnasium\/wp-json\/wp\/v2\/media?parent=247"}],"curies":[{"name":"wp","href":"https:\/\/api.w.org\/{rel}","templated":true}]}}