{"id":35,"date":"2024-01-15T10:49:41","date_gmt":"2024-01-15T10:49:41","guid":{"rendered":"https:\/\/snitz.se\/gymnasium\/?page_id=35"},"modified":"2026-04-14T09:49:37","modified_gmt":"2026-04-14T09:49:37","slug":"ansokan","status":"publish","type":"page","link":"https:\/\/snitz.se\/gymnasium\/ansokan\/","title":{"rendered":"Ans\u00f6kan"},"content":{"rendered":"\n\t\n\t\n\t\n\n\t\n\t\n\t\t\n<section  class=\"c-block l-stacked  \" data-color-scheme=\"white\">\n\t<div class=\"ams-fifty ams-fifty--container ams-fifty--right ams-fifty--bottom l-container u-pt-fluid-3xl-6xl u-pb-fluid-3xl-6xl\">\n\t\t<div class=\"ams-fifty__content l-stack l-stack-xl is-left is-left@lg\">\n\t\t\t<div class=\"ams-fifty__text l-stack l-stack-lg\">\n\t\t\t\t\t\n\t<h1\n\tclass=\"c-heading u-font-title-1 \"\n\tstyle=\"\">\n\t\t\n\t\t\t\t\tAns\u00f6kan och antagnings\u00adprocess\n\t\t\t\t\n\t<\/h1>\n\n\t\t\t\t\t\t\t\t\t<div class=\"text l-stack u-font-body\">\n\t\t\t\t\t\t<p>Vill du s\u00f6ka till oss p\u00e5 Snitz gymnasium ska du g\u00f6ra en ans\u00f6kan via gymnasieantagningen. Dubbelkolla alltid dina kontaktuppgifter s\u00e5 de st\u00e4mmer p\u00e5 elevkortet i gymnasieantagningen d\u00e5 vi i v\u00e5r antagningsprocess kontaktar dig\/dina v\u00e5rdnadshavare f\u00f6r ett kartl\u00e4ggningssamtal med v\u00e5ra speciall\u00e4rare p\u00e5 skolan.<\/p>\n<h2>Antagning till Snitz<\/h2>\n<p>Via knappen nedan hittar du all information om hur en ans\u00f6kan till Snitz g\u00e5r till. Om du fortfarande har fr\u00e5gor efter att ha l\u00e4st dokumentet \u00e4r du v\u00e4lkommen att kontakta:<\/p>\n<ul>\n<li><strong>Speciall\u00e4rare<\/strong> \u2013 Jimmy Svensson: 076-885 21 47, <a href=\"mailto:jimmy.svensson@snitz.se\">jimmy.svensson@snitz.se<\/a><\/li>\n<li><strong>Speciall\u00e4rare<\/strong> \u2013 Maria Tegnestrand: 076-885 18 46, <a href=\"mailto:maria.tegnestrand@snitz.se\">maria.tegnestrand@snitz.se<\/a><\/li>\n<li><strong>Studie- och yrkesv\u00e4gledare<\/strong> \u2013 Tove Dahll\u00f6f: 076-1157357, <a href=\"mailto:tove.dahllof@academedia.se\">tove.dahllof@academedia.se<\/a><\/li>\n<\/ul>\n\n\t\t\t\t\t<\/div>\n\t\t\t\t\t\t\t<\/div>\n\n\t\t\t\t<div class=\"ams-fifty__action u-inline-items\">\n\t\t\t\t\t\t\t\n\n\n<a href=\"https:\/\/snitz.se\/wp-content\/uploads\/sites\/3\/2026\/01\/manual-ansokningsprocessen.pdf\"\n\t\n\tclass=\"c-btn \"\n\tdata-style=\"rounded\"\n\tdata-size=\"md\"\n\tdata-width=\"full-mobile\"\n\tdata-variant=\"default\"\n\ttarget=\"_blank\">\n\t\t\t<span class=\"label\"> S\u00e5 fungerar ans\u00f6kan<\/span>\n\t\t\t<\/a>\n\t\t\t<\/div>\n\t\t<\/div>\n\n\t\t <div class=\"ams-fifty__media u-ratio-square\">\n\t\t \t\t\t\t\t<img loading=\"lazy\" decoding=\"async\" width=\"600\" height=\"400\" src=\"https:\/\/snitz.se\/wp-content\/uploads\/sites\/3\/2026\/04\/mg3619-600x400.jpg\" class=\"attachment-md size-md\" alt=\"Tv\u00e5 elever spelar glatt kortspel tillsammans.\" sizes=\"(min-width: 64em) 600px, calc(100vw - 160px)\" srcset=\"https:\/\/snitz.se\/wp-content\/uploads\/sites\/3\/2026\/04\/mg3619-600x400.jpg 600w, https:\/\/snitz.se\/wp-content\/uploads\/sites\/3\/2026\/04\/mg3619-300x200.jpg 300w, https:\/\/snitz.se\/wp-content\/uploads\/sites\/3\/2026\/04\/mg3619-400x267.jpg 400w, https:\/\/snitz.se\/wp-content\/uploads\/sites\/3\/2026\/04\/mg3619-800x533.jpg 800w, https:\/\/snitz.se\/wp-content\/uploads\/sites\/3\/2026\/04\/mg3619-1024x683.jpg 1024w, https:\/\/snitz.se\/wp-content\/uploads\/sites\/3\/2026\/04\/mg3619-1200x800.jpg 1200w, https:\/\/snitz.se\/wp-content\/uploads\/sites\/3\/2026\/04\/mg3619.jpg 1500w\" \/>\n\t\t\t\n\t\t\t\n\t\t\t\t\t<\/div>\n\t<\/div>\n\n\t\t\n\n<\/section>\n\n\n\n\t\n\t\n\t\n\n\t\n\t\n\t\t\n<section  class=\"c-block l-stacked  \" data-color-scheme=\"white\">\n\t<div class=\"ams-fifty ams-fifty--container ams-fifty--left ams-fifty--bottom l-container u-pt-fluid-3xl-6xl u-pb-fluid-3xl-6xl\">\n\t\t<div class=\"ams-fifty__content l-stack l-stack-xl is-left is-left@lg\">\n\t\t\t<div class=\"ams-fifty__text l-stack l-stack-lg\">\n\t\t\t\t\t\n\t<h2\n\tclass=\"c-heading u-font-title-1 \"\n\tstyle=\"\">\n\t\t\n\t\t\t\t\tS\u00e4rskilt behovsunderlag\n\t\t\t\t\n\t<\/h2>\n\n\t\t\t\t\t\t\t\t\t<div class=\"text l-stack u-font-body\">\n\t\t\t\t\t\t<p>Ett viktigt underlag inf\u00f6r att kunna bli antagen till Snitz gymnasium \u00e4r att vi beh\u00f6ver ett underlag fr\u00e5n avl\u00e4mnande skola. Det heter <em>S\u00e4rskilt behovsunderlag f\u00f6r ans\u00f6kan till utbildning med specialpedagogisk verksamhet<\/em>.<\/p>\n<p>Detta motsvarar bilaga B7 som avl\u00e4mnande skola registrerar p\u00e5 Gymnasieantagningen i elevkortet (bilaga B7 g\u00e4ller f\u00f6r s\u00e4rskild behovsgrupp). Avl\u00e4mnande skola skapar sj\u00e4lva bilagan och l\u00e4gger in det som \u00e4r av vikt f\u00f6r den s\u00f6kta studiev\u00e4gen.<\/p>\n\n\t\t\t\t\t<\/div>\n\t\t\t\t\t\t\t<\/div>\n\n\t\t\t\t\t<\/div>\n\n\t\t <div class=\"ams-fifty__media u-ratio-square\">\n\t\t \t\t\t\t\t<img loading=\"lazy\" decoding=\"async\" width=\"600\" height=\"400\" src=\"https:\/\/snitz.se\/wp-content\/uploads\/sites\/3\/2026\/04\/mg3803-600x400.jpg\" class=\"attachment-md size-md\" alt=\"En l\u00e4rare och tv\u00e5 elever pratar och g\u00e5r i skolans korridor.\" sizes=\"(min-width: 64em) 600px, calc(100vw - 160px)\" srcset=\"https:\/\/snitz.se\/wp-content\/uploads\/sites\/3\/2026\/04\/mg3803-600x400.jpg 600w, https:\/\/snitz.se\/wp-content\/uploads\/sites\/3\/2026\/04\/mg3803-300x200.jpg 300w, https:\/\/snitz.se\/wp-content\/uploads\/sites\/3\/2026\/04\/mg3803-400x267.jpg 400w, https:\/\/snitz.se\/wp-content\/uploads\/sites\/3\/2026\/04\/mg3803-800x533.jpg 800w, https:\/\/snitz.se\/wp-content\/uploads\/sites\/3\/2026\/04\/mg3803-1024x683.jpg 1024w, https:\/\/snitz.se\/wp-content\/uploads\/sites\/3\/2026\/04\/mg3803-1200x800.jpg 1200w, https:\/\/snitz.se\/wp-content\/uploads\/sites\/3\/2026\/04\/mg3803.jpg 1500w\" \/>\n\t\t\t\n\t\t\t\n\t\t\t\t\t<\/div>\n\t<\/div>\n\n\t\t\n\n<\/section>\n\n\n\n\n<section  class=\"ams-info-card c-block l-stacked\" data-color-scheme=\"gray\">\n\t<div class=\"l-container l-stack l-stack-fluid-2xl u-pt-fluid-3xl-6xl u-pb-fluid-3xl-6xl is-center is-center@md\">\n\t\t\t\t\t<div class=\"ams-info-card__intro l-stack l-stack-lg\">\n\t\t\t\t\t\n\t<h2\n\tclass=\"c-heading u-font-title-1 \"\n\tstyle=\"\">\n\t\t\n\t\t\t\t\tViktiga l\u00e4nkar\n\t\t\t\t\n\t<\/h2>\n\n\t\t\t\t\t\t\t<\/div>\n\t\t\n\t\t\t\t\t\n<ul class=\"ams-info-card__list l-grid u-gap-2xl\">\n\t\t\t<li class=\"l-col-6@md l-col-4@lg\">\n\t\t\t<article\n\t\t\t\tclass=\"\n\t\t\t\tc-card\n\t\t\t\t\n\t\t\t\thas-media-zoom\n\t\t\t\t\n\t\t\t\t\"\n\t\t\t\tdata-variant=\"border\"\n\t\t\t\tdata-style=\"square\"\n\t\t\t\t data-click-area\n\t\t\t\t\n\t\t\t\t\n\t\t\t\t>\n\t\t\t\t<div class=\"c-card__content l-stack l-stack-sm is-left is-left@md\">\n\t\t\t\t\t\t\t\t\t\t\t<h3 class=\"c-card__title u-font-title-3\">\n\t\t\t\t\t\t\t\t\t\t\t\t\t\t\t<a class=\"c-card__link\" href=\"https:\/\/gymnasieantagningen.storsthlm.se\/\" target=\"_blank\">\n\t\t\t\t\t\t\t\t\tTill gymnasieantagningen\n\t\t\t\t\t\t\t\t<\/a>\n\t\t\t\t\t\t\t\t\t\t\t\t\t<\/h3>\n\t\t\t\t\t\n\t\t\t\t\t\t\t\t\t\t\t<div class=\"c-card__text l-stack-xs u-font-body\">\n\t\t\t\t\t\t\t<p>H\u00e4r hittar du l\u00e4nk till gymnasieantagningen i Stockholm.<\/p>\n\n\t\t\t\t\t\t<\/div>\n\t\t\t\t\t\n\t\t\t\t\t\t\t\t\t\t\t<div class=\"c-card__icon c-card__icon--nl\">\n\t\t\t\t\t\t\t\t\t\t\t\t\t\t<svg class=\"ams-icon ams-icon--arrow-right\" width=\"32\" height=\"32\" viewbox=\"0 0 32 32\" fill=\"currentColor\" aria-hidden=\"true\" xmlns=\"http:\/\/www.w3.org\/2000\/svg\">\n\t\t\t\t\t\t\t\t\t\t\t\t\t\t\t\t<path d=\"M15.4617 0.252159L14.9567 0.75931C14.6219 1.09545 14.6219 1.64048 14.9567 1.97669L27.7062 14.7806H0.857144C0.383786 14.7806 0 15.166 0 15.6414V16.3587C0 16.8341 0.383786 17.2195 0.857144 17.2195H27.7062L14.9567 30.0234C14.6219 30.3595 14.6219 30.9045 14.9567 31.2407L15.4617 31.7479C15.7964 32.084 16.3392 32.084 16.6739 31.7479L31.749 16.6087C32.0837 16.2725 32.0837 15.7275 31.749 15.3913L16.6739 0.252159C16.3392 -0.084053 15.7964 -0.084053 15.4617 0.252159Z\"\/>\n\t\t\t\t\t\t\t\n\t\t\t\t\t\t\t<\/svg>\n\t\t\t\t\t\t<\/div>\n\t\t\t\t\t\t\t\t\t<\/div>\n\n\t\t\t\t\t\t\t\t\t<div class=\"c-card__media \" style=\" \">\n\t\t\t\t\t\t<img loading=\"lazy\" decoding=\"async\" width=\"400\" height=\"267\" src=\"https:\/\/snitz.se\/wp-content\/uploads\/sites\/3\/2026\/04\/mg4459-400x267.jpg\" class=\"\" alt=\"Glad elev med h\u00f6rlurar som m\u00e5lar en tavla.\" sizes=\"(min-width: 64em) 300px, (min-width: 48em) calc(.50 * (100vw - 304px)), calc(100vw - 208px)\" srcset=\"https:\/\/snitz.se\/wp-content\/uploads\/sites\/3\/2026\/04\/mg4459-400x267.jpg 400w, https:\/\/snitz.se\/wp-content\/uploads\/sites\/3\/2026\/04\/mg4459-300x200.jpg 300w, https:\/\/snitz.se\/wp-content\/uploads\/sites\/3\/2026\/04\/mg4459-600x400.jpg 600w, https:\/\/snitz.se\/wp-content\/uploads\/sites\/3\/2026\/04\/mg4459-800x533.jpg 800w, https:\/\/snitz.se\/wp-content\/uploads\/sites\/3\/2026\/04\/mg4459-1024x683.jpg 1024w, https:\/\/snitz.se\/wp-content\/uploads\/sites\/3\/2026\/04\/mg4459-1200x800.jpg 1200w, https:\/\/snitz.se\/wp-content\/uploads\/sites\/3\/2026\/04\/mg4459.jpg 1500w\" \/>\n\t\t\t\t\t<\/div>\n\t\t\t\t\t\t\t<\/article>\n\t\t<\/li>\n\t\t\t<li class=\"l-col-6@md l-col-4@lg\">\n\t\t\t<article\n\t\t\t\tclass=\"\n\t\t\t\tc-card\n\t\t\t\t\n\t\t\t\thas-media-zoom\n\t\t\t\t\n\t\t\t\t\"\n\t\t\t\tdata-variant=\"border\"\n\t\t\t\tdata-style=\"square\"\n\t\t\t\t data-click-area\n\t\t\t\t\n\t\t\t\t\n\t\t\t\t>\n\t\t\t\t<div class=\"c-card__content l-stack l-stack-sm is-left is-left@md\">\n\t\t\t\t\t\t\t\t\t\t\t<h3 class=\"c-card__title u-font-title-3\">\n\t\t\t\t\t\t\t\t\t\t\t\t\t\t\t<a class=\"c-card__link\" href=\"https:\/\/snitz.se\/gymnasium\/program\/\" target=\"_self\">\n\t\t\t\t\t\t\t\t\tHitta program\n\t\t\t\t\t\t\t\t<\/a>\n\t\t\t\t\t\t\t\t\t\t\t\t\t<\/h3>\n\t\t\t\t\t\n\t\t\t\t\t\t\t\t\t\t\t<div class=\"c-card__text l-stack-xs u-font-body\">\n\t\t\t\t\t\t\t<p>H\u00e4r hittar du alla v\u00e5ra program och inriktningar.<\/p>\n\n\t\t\t\t\t\t<\/div>\n\t\t\t\t\t\n\t\t\t\t\t\t\t\t\t\t\t<div class=\"c-card__icon c-card__icon--nl\">\n\t\t\t\t\t\t\t\t\t\t\t\t\t\t<svg class=\"ams-icon ams-icon--arrow-right\" width=\"32\" height=\"32\" viewbox=\"0 0 32 32\" fill=\"currentColor\" aria-hidden=\"true\" xmlns=\"http:\/\/www.w3.org\/2000\/svg\">\n\t\t\t\t\t\t\t\t\t\t\t\t\t\t\t\t<path d=\"M15.4617 0.252159L14.9567 0.75931C14.6219 1.09545 14.6219 1.64048 14.9567 1.97669L27.7062 14.7806H0.857144C0.383786 14.7806 0 15.166 0 15.6414V16.3587C0 16.8341 0.383786 17.2195 0.857144 17.2195H27.7062L14.9567 30.0234C14.6219 30.3595 14.6219 30.9045 14.9567 31.2407L15.4617 31.7479C15.7964 32.084 16.3392 32.084 16.6739 31.7479L31.749 16.6087C32.0837 16.2725 32.0837 15.7275 31.749 15.3913L16.6739 0.252159C16.3392 -0.084053 15.7964 -0.084053 15.4617 0.252159Z\"\/>\n\t\t\t\t\t\t\t\n\t\t\t\t\t\t\t<\/svg>\n\t\t\t\t\t\t<\/div>\n\t\t\t\t\t\t\t\t\t<\/div>\n\n\t\t\t\t\t\t\t\t\t<div class=\"c-card__media \" style=\" \">\n\t\t\t\t\t\t<img loading=\"lazy\" decoding=\"async\" width=\"400\" height=\"267\" src=\"https:\/\/snitz.se\/wp-content\/uploads\/sites\/3\/2026\/04\/mg4344-400x267.jpg\" class=\"\" alt=\"Glada elever som m\u00e5lar tavlor.\" sizes=\"(min-width: 64em) 300px, (min-width: 48em) calc(.50 * (100vw - 304px)), calc(100vw - 208px)\" srcset=\"https:\/\/snitz.se\/wp-content\/uploads\/sites\/3\/2026\/04\/mg4344-400x267.jpg 400w, https:\/\/snitz.se\/wp-content\/uploads\/sites\/3\/2026\/04\/mg4344-300x200.jpg 300w, https:\/\/snitz.se\/wp-content\/uploads\/sites\/3\/2026\/04\/mg4344-600x400.jpg 600w, https:\/\/snitz.se\/wp-content\/uploads\/sites\/3\/2026\/04\/mg4344-800x533.jpg 800w, https:\/\/snitz.se\/wp-content\/uploads\/sites\/3\/2026\/04\/mg4344-1024x683.jpg 1024w, https:\/\/snitz.se\/wp-content\/uploads\/sites\/3\/2026\/04\/mg4344-1200x800.jpg 1200w, https:\/\/snitz.se\/wp-content\/uploads\/sites\/3\/2026\/04\/mg4344.jpg 1500w\" \/>\n\t\t\t\t\t<\/div>\n\t\t\t\t\t\t\t<\/article>\n\t\t<\/li>\n\t\t\t<li class=\"l-col-6@md l-col-4@lg\">\n\t\t\t<article\n\t\t\t\tclass=\"\n\t\t\t\tc-card\n\t\t\t\t\n\t\t\t\thas-media-zoom\n\t\t\t\t\n\t\t\t\t\"\n\t\t\t\tdata-variant=\"border\"\n\t\t\t\tdata-style=\"square\"\n\t\t\t\t data-click-area\n\t\t\t\t\n\t\t\t\t\n\t\t\t\t>\n\t\t\t\t<div class=\"c-card__content l-stack l-stack-sm is-left is-left@md\">\n\t\t\t\t\t\t\t\t\t\t\t<h3 class=\"c-card__title u-font-title-3\">\n\t\t\t\t\t\t\t\t\t\t\t\t\t\t\t<a class=\"c-card__link\" href=\"https:\/\/snitz.se\/gymnasium\/kontakta-oss\/\" target=\"_self\">\n\t\t\t\t\t\t\t\t\tFr\u00e5gor? Kontakta oss\n\t\t\t\t\t\t\t\t<\/a>\n\t\t\t\t\t\t\t\t\t\t\t\t\t<\/h3>\n\t\t\t\t\t\n\t\t\t\t\t\t\t\t\t\t\t<div class=\"c-card__text l-stack-xs u-font-body\">\n\t\t\t\t\t\t\t<p>Du \u00e4r alltid v\u00e4lkommen att kontakta oss f\u00f6r mer information.<\/p>\n\n\t\t\t\t\t\t<\/div>\n\t\t\t\t\t\n\t\t\t\t\t\t\t\t\t\t\t<div class=\"c-card__icon c-card__icon--nl\">\n\t\t\t\t\t\t\t\t\t\t\t\t\t\t<svg class=\"ams-icon ams-icon--arrow-right\" width=\"32\" height=\"32\" viewbox=\"0 0 32 32\" fill=\"currentColor\" aria-hidden=\"true\" xmlns=\"http:\/\/www.w3.org\/2000\/svg\">\n\t\t\t\t\t\t\t\t\t\t\t\t\t\t\t\t<path d=\"M15.4617 0.252159L14.9567 0.75931C14.6219 1.09545 14.6219 1.64048 14.9567 1.97669L27.7062 14.7806H0.857144C0.383786 14.7806 0 15.166 0 15.6414V16.3587C0 16.8341 0.383786 17.2195 0.857144 17.2195H27.7062L14.9567 30.0234C14.6219 30.3595 14.6219 30.9045 14.9567 31.2407L15.4617 31.7479C15.7964 32.084 16.3392 32.084 16.6739 31.7479L31.749 16.6087C32.0837 16.2725 32.0837 15.7275 31.749 15.3913L16.6739 0.252159C16.3392 -0.084053 15.7964 -0.084053 15.4617 0.252159Z\"\/>\n\t\t\t\t\t\t\t\n\t\t\t\t\t\t\t<\/svg>\n\t\t\t\t\t\t<\/div>\n\t\t\t\t\t\t\t\t\t<\/div>\n\n\t\t\t\t\t\t\t\t\t<div class=\"c-card__media \" style=\" \">\n\t\t\t\t\t\t<img loading=\"lazy\" decoding=\"async\" width=\"400\" height=\"267\" src=\"https:\/\/snitz.se\/wp-content\/uploads\/sites\/3\/2026\/04\/mg3429-400x267.jpg\" class=\"\" alt=\"Tv\u00e5 elever och en l\u00e4rare som \u00e4r ute p\u00e5 promenad vid vattnet.\" sizes=\"(min-width: 64em) 300px, (min-width: 48em) calc(.50 * (100vw - 304px)), calc(100vw - 208px)\" srcset=\"https:\/\/snitz.se\/wp-content\/uploads\/sites\/3\/2026\/04\/mg3429-400x267.jpg 400w, https:\/\/snitz.se\/wp-content\/uploads\/sites\/3\/2026\/04\/mg3429-300x200.jpg 300w, https:\/\/snitz.se\/wp-content\/uploads\/sites\/3\/2026\/04\/mg3429-600x400.jpg 600w, https:\/\/snitz.se\/wp-content\/uploads\/sites\/3\/2026\/04\/mg3429-800x533.jpg 800w, https:\/\/snitz.se\/wp-content\/uploads\/sites\/3\/2026\/04\/mg3429-1024x683.jpg 1024w, https:\/\/snitz.se\/wp-content\/uploads\/sites\/3\/2026\/04\/mg3429-1200x800.jpg 1200w, https:\/\/snitz.se\/wp-content\/uploads\/sites\/3\/2026\/04\/mg3429.jpg 1500w\" \/>\n\t\t\t\t\t<\/div>\n\t\t\t\t\t\t\t<\/article>\n\t\t<\/li>\n\t<\/ul>\n\t\n\t\t\t<\/div>\n\n\t\t\n\n<\/section>\n","protected":false},"excerpt":{"rendered":"","protected":false},"author":1,"featured_media":1445,"parent":0,"menu_order":0,"comment_status":"closed","ping_status":"closed","template":"","meta":{"footnotes":""},"yoast_head":"<!-- This site is optimized with the Yoast SEO plugin v22.0 - https:\/\/yoast.com\/wordpress\/plugins\/seo\/ -->\n<title>Ans\u00f6kan till Snitz Gymnasium<\/title>\n<meta name=\"description\" content=\"Vill du s\u00f6ka till oss p\u00e5 Snitz gymnasium ska du g\u00f6ra en ans\u00f6kan via gymnasieantagningen.\" \/>\n<meta name=\"robots\" content=\"index, follow, max-snippet:-1, max-image-preview:large, max-video-preview:-1\" \/>\n<link rel=\"canonical\" href=\"https:\/\/snitz.se\/gymnasium\/ansokan\/\" \/>\n<meta property=\"og:locale\" content=\"sv_SE\" \/>\n<meta property=\"og:type\" content=\"article\" \/>\n<meta property=\"og:title\" content=\"Ans\u00f6kan till Snitz Gymnasium\" \/>\n<meta property=\"og:description\" content=\"Vill du s\u00f6ka till oss p\u00e5 Snitz gymnasium ska du g\u00f6ra en ans\u00f6kan via gymnasieantagningen.\" \/>\n<meta property=\"og:url\" content=\"https:\/\/snitz.se\/gymnasium\/ansokan\/\" \/>\n<meta property=\"og:site_name\" content=\"Snitz Gymnasium\" \/>\n<meta property=\"article:modified_time\" content=\"2026-04-14T09:49:37+00:00\" \/>\n<meta property=\"og:image\" content=\"https:\/\/snitz.se\/wp-content\/uploads\/sites\/3\/2026\/04\/mg3619-1200x630.jpg\" \/>\n\t<meta property=\"og:image:width\" content=\"1200\" \/>\n\t<meta property=\"og:image:height\" content=\"630\" \/>\n\t<meta property=\"og:image:type\" content=\"image\/jpeg\" \/>\n<meta name=\"twitter:card\" content=\"summary_large_image\" \/>\n<meta name=\"twitter:title\" content=\"Ans\u00f6kan till Snitz Gymnasium\" \/>\n<meta name=\"twitter:description\" content=\"Vill du s\u00f6ka till oss p\u00e5 Snitz gymnasium ska du g\u00f6ra en ans\u00f6kan via gymnasieantagningen.\" \/>\n<meta name=\"twitter:image\" content=\"https:\/\/snitz.se\/wp-content\/uploads\/sites\/3\/2026\/04\/mg3619-1200x630.jpg\" \/>\n<meta name=\"twitter:label1\" content=\"Ber\u00e4knad l\u00e4stid\" \/>\n\t<meta name=\"twitter:data1\" content=\"2 minuter\" \/>\n<script type=\"application\/ld+json\" class=\"yoast-schema-graph\">{\"@context\":\"https:\/\/schema.org\",\"@graph\":[{\"@type\":\"WebPage\",\"@id\":\"https:\/\/snitz.se\/gymnasium\/ansokan\/\",\"url\":\"https:\/\/snitz.se\/gymnasium\/ansokan\/\",\"name\":\"Ans\u00f6kan till Snitz Gymnasium\",\"isPartOf\":{\"@id\":\"https:\/\/snitz.se\/gymnasium\/#website\"},\"datePublished\":\"2024-01-15T10:49:41+00:00\",\"dateModified\":\"2026-04-14T09:49:37+00:00\",\"description\":\"Vill du s\u00f6ka till oss p\u00e5 Snitz gymnasium ska du g\u00f6ra en ans\u00f6kan via gymnasieantagningen.\",\"breadcrumb\":{\"@id\":\"https:\/\/snitz.se\/gymnasium\/ansokan\/#breadcrumb\"},\"inLanguage\":\"sv-SE\",\"potentialAction\":[{\"@type\":\"ReadAction\",\"target\":[\"https:\/\/snitz.se\/gymnasium\/ansokan\/\"]}]},{\"@type\":\"BreadcrumbList\",\"@id\":\"https:\/\/snitz.se\/gymnasium\/ansokan\/#breadcrumb\",\"itemListElement\":[{\"@type\":\"ListItem\",\"position\":1,\"name\":\"Hem\",\"item\":\"https:\/\/snitz.se\/gymnasium\/\"},{\"@type\":\"ListItem\",\"position\":2,\"name\":\"Ans\u00f6kan\"}]},{\"@type\":\"WebSite\",\"@id\":\"https:\/\/snitz.se\/gymnasium\/#website\",\"url\":\"https:\/\/snitz.se\/gymnasium\/\",\"name\":\"Snitz Gymnasium\",\"description\":\"Just another WordPress site\",\"potentialAction\":[{\"@type\":\"SearchAction\",\"target\":{\"@type\":\"EntryPoint\",\"urlTemplate\":\"https:\/\/snitz.se\/gymnasium\/?s={search_term_string}\"},\"query-input\":\"required name=search_term_string\"}],\"inLanguage\":\"sv-SE\"}]}<\/script>\n<!-- \/ Yoast SEO plugin. -->","yoast_head_json":{"title":"Ans\u00f6kan till Snitz Gymnasium","description":"Vill du s\u00f6ka till oss p\u00e5 Snitz gymnasium ska du g\u00f6ra en ans\u00f6kan via gymnasieantagningen.","robots":{"index":"index","follow":"follow","max-snippet":"max-snippet:-1","max-image-preview":"max-image-preview:large","max-video-preview":"max-video-preview:-1"},"canonical":"https:\/\/snitz.se\/gymnasium\/ansokan\/","og_locale":"sv_SE","og_type":"article","og_title":"Ans\u00f6kan till Snitz Gymnasium","og_description":"Vill du s\u00f6ka till oss p\u00e5 Snitz gymnasium ska du g\u00f6ra en ans\u00f6kan via gymnasieantagningen.","og_url":"https:\/\/snitz.se\/gymnasium\/ansokan\/","og_site_name":"Snitz Gymnasium","article_modified_time":"2026-04-14T09:49:37+00:00","og_image":[{"width":1200,"height":630,"url":"https:\/\/snitz.se\/wp-content\/uploads\/sites\/3\/2026\/04\/mg3619-1200x630.jpg","type":"image\/jpeg"}],"twitter_card":"summary_large_image","twitter_title":"Ans\u00f6kan till Snitz Gymnasium","twitter_description":"Vill du s\u00f6ka till oss p\u00e5 Snitz gymnasium ska du g\u00f6ra en ans\u00f6kan via gymnasieantagningen.","twitter_image":"https:\/\/snitz.se\/wp-content\/uploads\/sites\/3\/2026\/04\/mg3619-1200x630.jpg","twitter_misc":{"Ber\u00e4knad l\u00e4stid":"2 minuter"},"schema":{"@context":"https:\/\/schema.org","@graph":[{"@type":"WebPage","@id":"https:\/\/snitz.se\/gymnasium\/ansokan\/","url":"https:\/\/snitz.se\/gymnasium\/ansokan\/","name":"Ans\u00f6kan till Snitz Gymnasium","isPartOf":{"@id":"https:\/\/snitz.se\/gymnasium\/#website"},"datePublished":"2024-01-15T10:49:41+00:00","dateModified":"2026-04-14T09:49:37+00:00","description":"Vill du s\u00f6ka till oss p\u00e5 Snitz gymnasium ska du g\u00f6ra en ans\u00f6kan via gymnasieantagningen.","breadcrumb":{"@id":"https:\/\/snitz.se\/gymnasium\/ansokan\/#breadcrumb"},"inLanguage":"sv-SE","potentialAction":[{"@type":"ReadAction","target":["https:\/\/snitz.se\/gymnasium\/ansokan\/"]}]},{"@type":"BreadcrumbList","@id":"https:\/\/snitz.se\/gymnasium\/ansokan\/#breadcrumb","itemListElement":[{"@type":"ListItem","position":1,"name":"Hem","item":"https:\/\/snitz.se\/gymnasium\/"},{"@type":"ListItem","position":2,"name":"Ans\u00f6kan"}]},{"@type":"WebSite","@id":"https:\/\/snitz.se\/gymnasium\/#website","url":"https:\/\/snitz.se\/gymnasium\/","name":"Snitz Gymnasium","description":"Just another WordPress site","potentialAction":[{"@type":"SearchAction","target":{"@type":"EntryPoint","urlTemplate":"https:\/\/snitz.se\/gymnasium\/?s={search_term_string}"},"query-input":"required name=search_term_string"}],"inLanguage":"sv-SE"}]}},"_links":{"self":[{"href":"https:\/\/snitz.se\/gymnasium\/wp-json\/wp\/v2\/pages\/35"}],"collection":[{"href":"https:\/\/snitz.se\/gymnasium\/wp-json\/wp\/v2\/pages"}],"about":[{"href":"https:\/\/snitz.se\/gymnasium\/wp-json\/wp\/v2\/types\/page"}],"author":[{"embeddable":true,"href":"https:\/\/snitz.se\/gymnasium\/wp-json\/wp\/v2\/users\/1"}],"replies":[{"embeddable":true,"href":"https:\/\/snitz.se\/gymnasium\/wp-json\/wp\/v2\/comments?post=35"}],"version-history":[{"count":9,"href":"https:\/\/snitz.se\/gymnasium\/wp-json\/wp\/v2\/pages\/35\/revisions"}],"predecessor-version":[{"id":1570,"href":"https:\/\/snitz.se\/gymnasium\/wp-json\/wp\/v2\/pages\/35\/revisions\/1570"}],"wp:featuredmedia":[{"embeddable":true,"href":"https:\/\/snitz.se\/gymnasium\/wp-json\/wp\/v2\/media\/1445"}],"wp:attachment":[{"href":"https:\/\/snitz.se\/gymnasium\/wp-json\/wp\/v2\/media?parent=35"}],"curies":[{"name":"wp","href":"https:\/\/api.w.org\/{rel}","templated":true}]}}