{"id":49,"date":"2024-01-15T11:58:06","date_gmt":"2024-01-15T11:58:06","guid":{"rendered":"https:\/\/snitz.se\/gymnasium\/?page_id=49"},"modified":"2024-02-20T11:39:10","modified_gmt":"2024-02-20T11:39:10","slug":"elevarbeten","status":"publish","type":"page","link":"https:\/\/snitz.se\/gymnasium\/om-skolan\/elevarbeten\/","title":{"rendered":"Elevarbeten"},"content":{"rendered":"\n\n<section  class=\"ams-image-gallery ams-image-gallery--mosaic c-block l-stacked\" data-color-scheme=\"white\">\n\t<div class=\"l-container l-stack l-stack-fluid-2xl u-pt-fluid-3xl-6xl u-pb-fluid-3xl-6xl is-center is-center@md\">\n\t\t\t\t\t<div class=\"ams-image-gallery__intro l-stack l-stack-lg\">\n\t\t\t\t\t\n\t<h1\n\tclass=\"c-heading u-font-title-1 \"\n\tstyle=\"\">\n\t\t\n\t\t\t\t\tElevarbeten\n\t\t\t\t\n\t<\/h1>\n\n\t\t\t\t\t\t\t\t\t<div class=\"c-text l-stack u-cs-xl u-font-body\">\n\t\t\t\t\t\t<p>H\u00e4r hittar ni ett urval av v\u00e5ra elevarbeten.<\/p>\n\n\t\t\t\t\t<\/div>\n\t\t\t\t\t\t\t<\/div>\n\t\t\n\t\t\t<div class=\"c-gallery\" data-variant=\"mosaic\">\n\t\t<ul class=\"c-gallery__items u-list-none swiper-wrapper\" aria-label=\"Bildgalleri\">\n\t\t\t\t\t\t\t\t\t\t\t\t<li class=\"c-gallery__item swiper-slide\">\n\t\t\t\t\t\t\t\t\t\t\t\t<a href=\"https:\/\/snitz.se\/wp-content\/uploads\/sites\/3\/2024\/02\/snitz4134-1024x738.jpg\" aria-label=\"\u00d6ppna bildgalleri lightbox\" class=\"c-gallery__link\" data-lightbox data-gallery=\"id-206873641\">\n\t\t\t\t\t\t\t<img loading=\"lazy\" decoding=\"async\" width=\"600\" height=\"432\" src=\"https:\/\/snitz.se\/wp-content\/uploads\/sites\/3\/2024\/02\/snitz4134-600x432.jpg\" class=\"attachment-md size-md\" alt=\"Sp\u00f6klik m\u00e5lning p\u00e5 canvas f\u00f6rest\u00e4llande en flicka sittandes p\u00e5 en b\u00e4nk i en m\u00f6rk skog tillsammans med tre nallar\" sizes=\"(min-width: 48em) 600px, calc(100vw - 160px)\" srcset=\"https:\/\/snitz.se\/wp-content\/uploads\/sites\/3\/2024\/02\/snitz4134-600x432.jpg 600w, https:\/\/snitz.se\/wp-content\/uploads\/sites\/3\/2024\/02\/snitz4134-300x216.jpg 300w, https:\/\/snitz.se\/wp-content\/uploads\/sites\/3\/2024\/02\/snitz4134-400x288.jpg 400w, https:\/\/snitz.se\/wp-content\/uploads\/sites\/3\/2024\/02\/snitz4134-800x576.jpg 800w, https:\/\/snitz.se\/wp-content\/uploads\/sites\/3\/2024\/02\/snitz4134-1024x738.jpg 1024w, https:\/\/snitz.se\/wp-content\/uploads\/sites\/3\/2024\/02\/snitz4134.jpg 1066w\" \/>\n\t\t\t\t\t\t<\/a>\n\t\t\t\t\t<\/li>\n\t\t\t\t\t\t\t\t\t<li class=\"c-gallery__item swiper-slide\">\n\t\t\t\t\t\t\t\t\t\t\t\t<a href=\"https:\/\/snitz.se\/wp-content\/uploads\/sites\/3\/2024\/02\/snitz4130-1024x738.jpg\" aria-label=\"\u00d6ppna bildgalleri lightbox\" class=\"c-gallery__link\" data-lightbox data-gallery=\"id-206873641\">\n\t\t\t\t\t\t\t<img loading=\"lazy\" decoding=\"async\" width=\"600\" height=\"432\" src=\"https:\/\/snitz.se\/wp-content\/uploads\/sites\/3\/2024\/02\/snitz4130-600x432.jpg\" class=\"attachment-md size-md\" alt=\"Sju stycken svartvita portr\u00e4tt-teckningar av kvinnor\" sizes=\"(min-width: 48em) 600px, calc(100vw - 160px)\" srcset=\"https:\/\/snitz.se\/wp-content\/uploads\/sites\/3\/2024\/02\/snitz4130-600x432.jpg 600w, https:\/\/snitz.se\/wp-content\/uploads\/sites\/3\/2024\/02\/snitz4130-300x216.jpg 300w, https:\/\/snitz.se\/wp-content\/uploads\/sites\/3\/2024\/02\/snitz4130-400x288.jpg 400w, https:\/\/snitz.se\/wp-content\/uploads\/sites\/3\/2024\/02\/snitz4130-800x576.jpg 800w, https:\/\/snitz.se\/wp-content\/uploads\/sites\/3\/2024\/02\/snitz4130-1024x738.jpg 1024w, https:\/\/snitz.se\/wp-content\/uploads\/sites\/3\/2024\/02\/snitz4130.jpg 1066w\" \/>\n\t\t\t\t\t\t<\/a>\n\t\t\t\t\t<\/li>\n\t\t\t\t\t\t\t\t\t<li class=\"c-gallery__item swiper-slide\">\n\t\t\t\t\t\t\t\t\t\t\t\t<a href=\"https:\/\/snitz.se\/wp-content\/uploads\/sites\/3\/2024\/02\/snitz4138.jpg\" aria-label=\"\u00d6ppna bildgalleri lightbox\" class=\"c-gallery__link\" data-lightbox data-gallery=\"id-206873641\">\n\t\t\t\t\t\t\t<img loading=\"lazy\" decoding=\"async\" width=\"600\" height=\"757\" src=\"https:\/\/snitz.se\/wp-content\/uploads\/sites\/3\/2024\/02\/snitz4138-600x757.jpg\" class=\"attachment-md size-md\" alt=\"M\u00e5lning p\u00e5 canvas f\u00f6rest\u00e4llande en person st\u00e5endes i svart jacka\" sizes=\"(min-width: 48em) 600px, calc(100vw - 160px)\" srcset=\"https:\/\/snitz.se\/wp-content\/uploads\/sites\/3\/2024\/02\/snitz4138-600x757.jpg 600w, https:\/\/snitz.se\/wp-content\/uploads\/sites\/3\/2024\/02\/snitz4138-300x379.jpg 300w, https:\/\/snitz.se\/wp-content\/uploads\/sites\/3\/2024\/02\/snitz4138-400x505.jpg 400w, https:\/\/snitz.se\/wp-content\/uploads\/sites\/3\/2024\/02\/snitz4138.jpg 762w\" \/>\n\t\t\t\t\t\t<\/a>\n\t\t\t\t\t<\/li>\n\t\t\t\t\t\t\t\t\t<li class=\"c-gallery__item swiper-slide\">\n\t\t\t\t\t\t\t\t\t\t\t\t<a href=\"https:\/\/snitz.se\/wp-content\/uploads\/sites\/3\/2024\/02\/snitz4132.jpg\" aria-label=\"\u00d6ppna bildgalleri lightbox\" class=\"c-gallery__link\" data-lightbox data-gallery=\"id-206873641\">\n\t\t\t\t\t\t\t<img loading=\"lazy\" decoding=\"async\" width=\"600\" height=\"757\" src=\"https:\/\/snitz.se\/wp-content\/uploads\/sites\/3\/2024\/02\/snitz4132-600x757.jpg\" class=\"attachment-md size-md\" alt=\"M\u00e5lning p\u00e5 canvas, fem bildrutor med m\u00e4nniskor i olika milj\u00f6er\" sizes=\"(min-width: 48em) 600px, calc(100vw - 160px)\" srcset=\"https:\/\/snitz.se\/wp-content\/uploads\/sites\/3\/2024\/02\/snitz4132-600x757.jpg 600w, https:\/\/snitz.se\/wp-content\/uploads\/sites\/3\/2024\/02\/snitz4132-300x379.jpg 300w, https:\/\/snitz.se\/wp-content\/uploads\/sites\/3\/2024\/02\/snitz4132-400x505.jpg 400w, https:\/\/snitz.se\/wp-content\/uploads\/sites\/3\/2024\/02\/snitz4132.jpg 762w\" \/>\n\t\t\t\t\t\t<\/a>\n\t\t\t\t\t<\/li>\n\t\t\t\t\t\t\t\t\t<li class=\"c-gallery__item swiper-slide\">\n\t\t\t\t\t\t\t\t\t\t\t\t<a href=\"https:\/\/snitz.se\/wp-content\/uploads\/sites\/3\/2024\/02\/snitz4131.jpg\" aria-label=\"\u00d6ppna bildgalleri lightbox\" class=\"c-gallery__link\" data-lightbox data-gallery=\"id-206873641\">\n\t\t\t\t\t\t\t<img loading=\"lazy\" decoding=\"async\" width=\"600\" height=\"757\" src=\"https:\/\/snitz.se\/wp-content\/uploads\/sites\/3\/2024\/02\/snitz4131-600x757.jpg\" class=\"attachment-md size-md\" alt=\"M\u00e5lning p\u00e5 canvas f\u00f6rest\u00e4llande tv\u00e5 kvinnor som omfamnar och pussar varandra\" sizes=\"(min-width: 48em) 600px, calc(100vw - 160px)\" srcset=\"https:\/\/snitz.se\/wp-content\/uploads\/sites\/3\/2024\/02\/snitz4131-600x757.jpg 600w, https:\/\/snitz.se\/wp-content\/uploads\/sites\/3\/2024\/02\/snitz4131-300x379.jpg 300w, https:\/\/snitz.se\/wp-content\/uploads\/sites\/3\/2024\/02\/snitz4131-400x505.jpg 400w, https:\/\/snitz.se\/wp-content\/uploads\/sites\/3\/2024\/02\/snitz4131.jpg 762w\" \/>\n\t\t\t\t\t\t<\/a>\n\t\t\t\t\t<\/li>\n\t\t\t\t\t\t\t\t\t<li class=\"c-gallery__item swiper-slide\">\n\t\t\t\t\t\t\t\t\t\t\t\t<a href=\"https:\/\/snitz.se\/wp-content\/uploads\/sites\/3\/2024\/02\/snitz4139.jpg\" aria-label=\"\u00d6ppna bildgalleri lightbox\" class=\"c-gallery__link\" data-lightbox data-gallery=\"id-206873641\">\n\t\t\t\t\t\t\t<img loading=\"lazy\" decoding=\"async\" width=\"600\" height=\"757\" src=\"https:\/\/snitz.se\/wp-content\/uploads\/sites\/3\/2024\/02\/snitz4139-600x757.jpg\" class=\"attachment-md size-md\" alt=\"M\u00e5lning p\u00e5 canvas f\u00f6rest\u00e4llande en kvinna som sitter p\u00e5 kn\u00e4 vars kl\u00e4der och h\u00e5r sm\u00e4lter in i bakgrunden\" sizes=\"(min-width: 48em) 600px, calc(100vw - 160px)\" srcset=\"https:\/\/snitz.se\/wp-content\/uploads\/sites\/3\/2024\/02\/snitz4139-600x757.jpg 600w, https:\/\/snitz.se\/wp-content\/uploads\/sites\/3\/2024\/02\/snitz4139-300x379.jpg 300w, https:\/\/snitz.se\/wp-content\/uploads\/sites\/3\/2024\/02\/snitz4139-400x505.jpg 400w, https:\/\/snitz.se\/wp-content\/uploads\/sites\/3\/2024\/02\/snitz4139.jpg 762w\" \/>\n\t\t\t\t\t\t<\/a>\n\t\t\t\t\t<\/li>\n\t\t\t\t\t\t\t\t\t<li class=\"c-gallery__item swiper-slide\">\n\t\t\t\t\t\t\t\t\t\t\t\t<a href=\"https:\/\/snitz.se\/wp-content\/uploads\/sites\/3\/2024\/02\/snitz4136.jpg\" aria-label=\"\u00d6ppna bildgalleri lightbox\" class=\"c-gallery__link\" data-lightbox data-gallery=\"id-206873641\">\n\t\t\t\t\t\t\t<img loading=\"lazy\" decoding=\"async\" width=\"600\" height=\"757\" src=\"https:\/\/snitz.se\/wp-content\/uploads\/sites\/3\/2024\/02\/snitz4136-600x757.jpg\" class=\"attachment-md size-md\" alt=\"M\u00e5lning p\u00e5 canvas f\u00f6rest\u00e4llande en stark kvinna i mitten och tre skuggade m\u00e4n i bakgrunden\" sizes=\"(min-width: 48em) 600px, calc(100vw - 160px)\" srcset=\"https:\/\/snitz.se\/wp-content\/uploads\/sites\/3\/2024\/02\/snitz4136-600x757.jpg 600w, https:\/\/snitz.se\/wp-content\/uploads\/sites\/3\/2024\/02\/snitz4136-300x379.jpg 300w, https:\/\/snitz.se\/wp-content\/uploads\/sites\/3\/2024\/02\/snitz4136-400x505.jpg 400w, https:\/\/snitz.se\/wp-content\/uploads\/sites\/3\/2024\/02\/snitz4136.jpg 762w\" \/>\n\t\t\t\t\t\t<\/a>\n\t\t\t\t\t<\/li>\n\t\t\t\t\t\t\t\t\t<li class=\"c-gallery__item swiper-slide\">\n\t\t\t\t\t\t\t\t\t\t\t\t<a href=\"https:\/\/snitz.se\/wp-content\/uploads\/sites\/3\/2024\/02\/snitz4137.jpg\" aria-label=\"\u00d6ppna bildgalleri lightbox\" class=\"c-gallery__link\" data-lightbox data-gallery=\"id-206873641\">\n\t\t\t\t\t\t\t<img loading=\"lazy\" decoding=\"async\" width=\"600\" height=\"757\" src=\"https:\/\/snitz.se\/wp-content\/uploads\/sites\/3\/2024\/02\/snitz4137-600x757.jpg\" class=\"attachment-md size-md\" alt=\"Sp\u00f6klik m\u00e5lning p\u00e5 canvas med vita fj\u00e4rilar och rinnande r\u00f6d f\u00e4rg\" sizes=\"(min-width: 48em) 600px, calc(100vw - 160px)\" srcset=\"https:\/\/snitz.se\/wp-content\/uploads\/sites\/3\/2024\/02\/snitz4137-600x757.jpg 600w, https:\/\/snitz.se\/wp-content\/uploads\/sites\/3\/2024\/02\/snitz4137-300x379.jpg 300w, https:\/\/snitz.se\/wp-content\/uploads\/sites\/3\/2024\/02\/snitz4137-400x505.jpg 400w, https:\/\/snitz.se\/wp-content\/uploads\/sites\/3\/2024\/02\/snitz4137.jpg 762w\" \/>\n\t\t\t\t\t\t<\/a>\n\t\t\t\t\t<\/li>\n\t\t\t\t\t\t\t\t\t<li class=\"c-gallery__item swiper-slide\">\n\t\t\t\t\t\t\t\t\t\t\t\t<a href=\"https:\/\/snitz.se\/wp-content\/uploads\/sites\/3\/2024\/02\/snitz4133.jpg\" aria-label=\"\u00d6ppna bildgalleri lightbox\" class=\"c-gallery__link\" data-lightbox data-gallery=\"id-206873641\">\n\t\t\t\t\t\t\t<img loading=\"lazy\" decoding=\"async\" width=\"600\" height=\"757\" src=\"https:\/\/snitz.se\/wp-content\/uploads\/sites\/3\/2024\/02\/snitz4133-600x757.jpg\" class=\"attachment-md size-md\" alt=\"M\u00e5lning p\u00e5 canvas f\u00f6rest\u00e4llande en j\u00e4gare med tigerhuvud\" sizes=\"(min-width: 48em) 600px, calc(100vw - 160px)\" srcset=\"https:\/\/snitz.se\/wp-content\/uploads\/sites\/3\/2024\/02\/snitz4133-600x757.jpg 600w, https:\/\/snitz.se\/wp-content\/uploads\/sites\/3\/2024\/02\/snitz4133-300x379.jpg 300w, https:\/\/snitz.se\/wp-content\/uploads\/sites\/3\/2024\/02\/snitz4133-400x505.jpg 400w, https:\/\/snitz.se\/wp-content\/uploads\/sites\/3\/2024\/02\/snitz4133.jpg 762w\" \/>\n\t\t\t\t\t\t<\/a>\n\t\t\t\t\t<\/li>\n\t\t\t\t\t\t\t\t\t<li class=\"c-gallery__item swiper-slide\">\n\t\t\t\t\t\t\t\t\t\t\t\t<a href=\"https:\/\/snitz.se\/wp-content\/uploads\/sites\/3\/2024\/02\/snitz4129.jpg\" aria-label=\"\u00d6ppna bildgalleri lightbox\" class=\"c-gallery__link\" data-lightbox data-gallery=\"id-206873641\">\n\t\t\t\t\t\t\t<img loading=\"lazy\" decoding=\"async\" width=\"600\" height=\"757\" src=\"https:\/\/snitz.se\/wp-content\/uploads\/sites\/3\/2024\/02\/snitz4129-600x757.jpg\" class=\"attachment-md size-md\" alt=\"M\u00e5lning p\u00e5 canvas f\u00f6rst\u00e4llande drake\/vampyr\" sizes=\"(min-width: 48em) 600px, calc(100vw - 160px)\" srcset=\"https:\/\/snitz.se\/wp-content\/uploads\/sites\/3\/2024\/02\/snitz4129-600x757.jpg 600w, https:\/\/snitz.se\/wp-content\/uploads\/sites\/3\/2024\/02\/snitz4129-300x379.jpg 300w, https:\/\/snitz.se\/wp-content\/uploads\/sites\/3\/2024\/02\/snitz4129-400x505.jpg 400w, https:\/\/snitz.se\/wp-content\/uploads\/sites\/3\/2024\/02\/snitz4129.jpg 762w\" \/>\n\t\t\t\t\t\t<\/a>\n\t\t\t\t\t<\/li>\n\t\t\t\t\t\t\t\t\t<li class=\"c-gallery__item swiper-slide\">\n\t\t\t\t\t\t\t\t\t\t\t\t<a href=\"https:\/\/snitz.se\/wp-content\/uploads\/sites\/3\/2024\/02\/snitz4141.jpg\" aria-label=\"\u00d6ppna bildgalleri lightbox\" class=\"c-gallery__link\" data-lightbox data-gallery=\"id-206873641\">\n\t\t\t\t\t\t\t<img loading=\"lazy\" decoding=\"async\" width=\"600\" height=\"863\" src=\"https:\/\/snitz.se\/wp-content\/uploads\/sites\/3\/2024\/02\/snitz4141-600x863.jpg\" class=\"attachment-md size-md\" alt=\"Tecknad serie i svartvitt\" sizes=\"(min-width: 48em) 600px, calc(100vw - 160px)\" srcset=\"https:\/\/snitz.se\/wp-content\/uploads\/sites\/3\/2024\/02\/snitz4141-600x863.jpg 600w, https:\/\/snitz.se\/wp-content\/uploads\/sites\/3\/2024\/02\/snitz4141-300x432.jpg 300w, https:\/\/snitz.se\/wp-content\/uploads\/sites\/3\/2024\/02\/snitz4141-400x576.jpg 400w, https:\/\/snitz.se\/wp-content\/uploads\/sites\/3\/2024\/02\/snitz4141.jpg 752w\" \/>\n\t\t\t\t\t\t<\/a>\n\t\t\t\t\t<\/li>\n\t\t\t\t\t\t\t\t\t<\/ul>\n\n\t\t<div class=\"c-gallery__meta\">\n\t\t\t<div class=\"c-gallery__num u-font-small\"><\/div>\n\t\t\t<div class=\"c-gallery__nav\">\n\t\t\t\t<button class=\"prev c-btn\" aria-label=\"Previous\">\n\t\t\t\t\t<svg class=\"ams-icon ams-icon--arrow-left-small\" viewBox=\"0 0 32 32\" fill=\"currentColor\" aria-hidden=\"true\" xmlns=\"http:\/\/www.w3.org\/2000\/svg\">\n\t\t\t\t\t\t<path d=\"M5.26 16.43L12.12 23.29C12.35 23.52 12.74 23.52 12.97 23.29L13.53 22.73C13.76 22.5 13.76 22.11 13.53 21.88L8.66 17.01L26.4 17.01C26.73 17.01 27 16.74 27 16.41L27 15.61C27 15.28 26.73 15.01 26.4 15.01L8.67 15.01L13.54 10.14C13.77 9.90999 13.77 9.51999 13.54 9.28999L12.98 8.72999C12.75 8.49999 12.36 8.49999 12.13 8.72999L5.27 15.59C5.04 15.82 5.04 16.21 5.27 16.44L5.26 16.43Z\"\/>\n\t\t\t\t\t<\/svg>\n\t\t\t\t<\/button>\n\t\t\t\t<button class=\"next c-btn\" aria-label=\"Next\">\n\t\t\t\t\t<svg class=\"ams-icon ams-icon--arrow-right-small\" viewBox=\"0 0 32 32\" fill=\"currentColor\" aria-hidden=\"true\" xmlns=\"http:\/\/www.w3.org\/2000\/svg\">\n\t\t\t\t\t\t<path d=\"M26.74 15.57L19.88 8.71001C19.65 8.48001 19.26 8.48001 19.03 8.71001L18.47 9.27001C18.24 9.50001 18.24 9.89001 18.47 10.12L23.34 14.99H5.6C5.27 14.99 5 15.26 5 15.59V16.39C5 16.72 5.27 16.99 5.6 16.99H23.33L18.46 21.86C18.23 22.09 18.23 22.48 18.46 22.71L19.02 23.27C19.25 23.5 19.64 23.5 19.87 23.27L26.73 16.41C26.96 16.18 26.96 15.79 26.73 15.56L26.74 15.57Z\"\/>\n\t\t\t\t\t<\/svg>\n\t\t\t\t<\/button>\n\t\t\t<\/div>\n\t\t<\/div>\n\t<\/div>\n\n\t\t\t<\/div>\n\n\t\t\n\n<\/section>\n\n\n\n\n<section  class=\"ams-cta ams-cta--stacked c-block l-stacked\" data-color-scheme=\"orange\">\n\t<div class=\"l-container-narrow l-stack l-stack-fluid-2xl u-pt-fluid-3xl-6xl u-pb-fluid-3xl-6xl is-center is-center@md\">\n\t\t\t\t\t<div class=\"ams-cta__intro l-stack l-stack-lg\">\n\t\t\t\t\t\n\t<h2\n\tclass=\"c-heading u-font-title-1 \"\n\tstyle=\"\">\n\t\t\n\t\t\t\t\tVill du veta mer?\n\t\t\t\t\n\t<\/h2>\n\n\t\t\t\t\t\t\t\t\t<div class=\"c-text l-stack u-cs-xl u-font-body\">\n\t\t\t\t\t\t<p>Under \u00f6ppet hus f\u00e5r du tr\u00e4ffa elever och l\u00e4rare som ber\u00e4ttar om programmen och svarar p\u00e5 alla fr\u00e5gor du kan t\u00e4nkas ha. Vilket program \u00e4r du intresserad av?<\/p>\n\n\t\t\t\t\t<\/div>\n\t\t\t\t\t\t\t<\/div>\n\t\t\n\t\t\n\t\t\t<div class=\"ams-cta__action u-inline-items\">\n\t\t\t\t\t\t\t\n\n\n<a href=\"https:\/\/snitz.se\/gymnasium\/program\/\"\n\t\n\tclass=\"c-btn \"\n\tdata-style=\"rounded\"\n\tdata-size=\"md\"\n\tdata-width=\"full-mobile\"\n\tdata-variant=\"default\"\n\ttarget=\"_self\">\n\t\t\t<span class=\"label\"> Hitta program<\/span>\n\t\t\t<\/a>\n\t\t\t\t\t\t\t\n\n\n<a href=\"https:\/\/snitz.se\/gymnasium\/oppet-hus\/\"\n\t\n\tclass=\"c-btn \"\n\tdata-style=\"rounded\"\n\tdata-size=\"md\"\n\tdata-width=\"full-mobile\"\n\tdata-variant=\"outline\"\n\ttarget=\"_self\">\n\t\t\t<span class=\"label\"> Se tider f\u00f6r \u00f6ppet hus<\/span>\n\t\t\t<\/a>\n\t\t\t<\/div>\n\t<\/div>\n\n\t\t\n\n<\/section>\n","protected":false},"excerpt":{"rendered":"","protected":false},"author":1,"featured_media":0,"parent":47,"menu_order":0,"comment_status":"closed","ping_status":"closed","template":"","meta":{"footnotes":""},"yoast_head":"<!-- This site is optimized with the Yoast SEO plugin v22.0 - https:\/\/yoast.com\/wordpress\/plugins\/seo\/ -->\n<title>Elevarbeten hos Snitz Gymnasium<\/title>\n<meta name=\"description\" content=\"H\u00e4r hittar ni ett urval av v\u00e5ra elevarbeten.\" \/>\n<meta name=\"robots\" content=\"index, follow, max-snippet:-1, max-image-preview:large, max-video-preview:-1\" \/>\n<link rel=\"canonical\" href=\"https:\/\/snitz.se\/gymnasium\/om-skolan\/elevarbeten\/\" \/>\n<meta property=\"og:locale\" content=\"sv_SE\" \/>\n<meta property=\"og:type\" content=\"article\" \/>\n<meta property=\"og:title\" content=\"Elevarbeten hos Snitz Gymnasium\" \/>\n<meta property=\"og:description\" content=\"H\u00e4r hittar ni ett urval av v\u00e5ra elevarbeten.\" \/>\n<meta property=\"og:url\" content=\"https:\/\/snitz.se\/gymnasium\/om-skolan\/elevarbeten\/\" \/>\n<meta property=\"og:site_name\" content=\"Snitz Gymnasium\" \/>\n<meta property=\"article:modified_time\" content=\"2024-02-20T11:39:10+00:00\" \/>\n<meta name=\"twitter:card\" content=\"summary_large_image\" \/>\n<meta name=\"twitter:title\" content=\"Elevarbeten hos Snitz Gymnasium\" \/>\n<meta name=\"twitter:description\" content=\"H\u00e4r hittar ni ett urval av v\u00e5ra elevarbeten.\" \/>\n<script type=\"application\/ld+json\" class=\"yoast-schema-graph\">{\"@context\":\"https:\/\/schema.org\",\"@graph\":[{\"@type\":\"WebPage\",\"@id\":\"https:\/\/snitz.se\/gymnasium\/om-skolan\/elevarbeten\/\",\"url\":\"https:\/\/snitz.se\/gymnasium\/om-skolan\/elevarbeten\/\",\"name\":\"Elevarbeten hos Snitz Gymnasium\",\"isPartOf\":{\"@id\":\"https:\/\/snitz.se\/gymnasium\/#website\"},\"datePublished\":\"2024-01-15T11:58:06+00:00\",\"dateModified\":\"2024-02-20T11:39:10+00:00\",\"description\":\"H\u00e4r hittar ni ett urval av v\u00e5ra elevarbeten.\",\"breadcrumb\":{\"@id\":\"https:\/\/snitz.se\/gymnasium\/om-skolan\/elevarbeten\/#breadcrumb\"},\"inLanguage\":\"sv-SE\",\"potentialAction\":[{\"@type\":\"ReadAction\",\"target\":[\"https:\/\/snitz.se\/gymnasium\/om-skolan\/elevarbeten\/\"]}]},{\"@type\":\"BreadcrumbList\",\"@id\":\"https:\/\/snitz.se\/gymnasium\/om-skolan\/elevarbeten\/#breadcrumb\",\"itemListElement\":[{\"@type\":\"ListItem\",\"position\":1,\"name\":\"Hem\",\"item\":\"https:\/\/snitz.se\/gymnasium\/\"},{\"@type\":\"ListItem\",\"position\":2,\"name\":\"Om skolan\",\"item\":\"https:\/\/snitz.se\/gymnasium\/om-skolan\/\"},{\"@type\":\"ListItem\",\"position\":3,\"name\":\"Elevarbeten\"}]},{\"@type\":\"WebSite\",\"@id\":\"https:\/\/snitz.se\/gymnasium\/#website\",\"url\":\"https:\/\/snitz.se\/gymnasium\/\",\"name\":\"Snitz Gymnasium\",\"description\":\"Just another WordPress site\",\"potentialAction\":[{\"@type\":\"SearchAction\",\"target\":{\"@type\":\"EntryPoint\",\"urlTemplate\":\"https:\/\/snitz.se\/gymnasium\/?s={search_term_string}\"},\"query-input\":\"required name=search_term_string\"}],\"inLanguage\":\"sv-SE\"}]}<\/script>\n<!-- \/ Yoast SEO plugin. -->","yoast_head_json":{"title":"Elevarbeten hos Snitz Gymnasium","description":"H\u00e4r hittar ni ett urval av v\u00e5ra elevarbeten.","robots":{"index":"index","follow":"follow","max-snippet":"max-snippet:-1","max-image-preview":"max-image-preview:large","max-video-preview":"max-video-preview:-1"},"canonical":"https:\/\/snitz.se\/gymnasium\/om-skolan\/elevarbeten\/","og_locale":"sv_SE","og_type":"article","og_title":"Elevarbeten hos Snitz Gymnasium","og_description":"H\u00e4r hittar ni ett urval av v\u00e5ra elevarbeten.","og_url":"https:\/\/snitz.se\/gymnasium\/om-skolan\/elevarbeten\/","og_site_name":"Snitz Gymnasium","article_modified_time":"2024-02-20T11:39:10+00:00","twitter_card":"summary_large_image","twitter_title":"Elevarbeten hos Snitz Gymnasium","twitter_description":"H\u00e4r hittar ni ett urval av v\u00e5ra elevarbeten.","schema":{"@context":"https:\/\/schema.org","@graph":[{"@type":"WebPage","@id":"https:\/\/snitz.se\/gymnasium\/om-skolan\/elevarbeten\/","url":"https:\/\/snitz.se\/gymnasium\/om-skolan\/elevarbeten\/","name":"Elevarbeten hos Snitz Gymnasium","isPartOf":{"@id":"https:\/\/snitz.se\/gymnasium\/#website"},"datePublished":"2024-01-15T11:58:06+00:00","dateModified":"2024-02-20T11:39:10+00:00","description":"H\u00e4r hittar ni ett urval av v\u00e5ra elevarbeten.","breadcrumb":{"@id":"https:\/\/snitz.se\/gymnasium\/om-skolan\/elevarbeten\/#breadcrumb"},"inLanguage":"sv-SE","potentialAction":[{"@type":"ReadAction","target":["https:\/\/snitz.se\/gymnasium\/om-skolan\/elevarbeten\/"]}]},{"@type":"BreadcrumbList","@id":"https:\/\/snitz.se\/gymnasium\/om-skolan\/elevarbeten\/#breadcrumb","itemListElement":[{"@type":"ListItem","position":1,"name":"Hem","item":"https:\/\/snitz.se\/gymnasium\/"},{"@type":"ListItem","position":2,"name":"Om skolan","item":"https:\/\/snitz.se\/gymnasium\/om-skolan\/"},{"@type":"ListItem","position":3,"name":"Elevarbeten"}]},{"@type":"WebSite","@id":"https:\/\/snitz.se\/gymnasium\/#website","url":"https:\/\/snitz.se\/gymnasium\/","name":"Snitz Gymnasium","description":"Just another WordPress site","potentialAction":[{"@type":"SearchAction","target":{"@type":"EntryPoint","urlTemplate":"https:\/\/snitz.se\/gymnasium\/?s={search_term_string}"},"query-input":"required name=search_term_string"}],"inLanguage":"sv-SE"}]}},"_links":{"self":[{"href":"https:\/\/snitz.se\/gymnasium\/wp-json\/wp\/v2\/pages\/49"}],"collection":[{"href":"https:\/\/snitz.se\/gymnasium\/wp-json\/wp\/v2\/pages"}],"about":[{"href":"https:\/\/snitz.se\/gymnasium\/wp-json\/wp\/v2\/types\/page"}],"author":[{"embeddable":true,"href":"https:\/\/snitz.se\/gymnasium\/wp-json\/wp\/v2\/users\/1"}],"replies":[{"embeddable":true,"href":"https:\/\/snitz.se\/gymnasium\/wp-json\/wp\/v2\/comments?post=49"}],"version-history":[{"count":9,"href":"https:\/\/snitz.se\/gymnasium\/wp-json\/wp\/v2\/pages\/49\/revisions"}],"predecessor-version":[{"id":634,"href":"https:\/\/snitz.se\/gymnasium\/wp-json\/wp\/v2\/pages\/49\/revisions\/634"}],"up":[{"embeddable":true,"href":"https:\/\/snitz.se\/gymnasium\/wp-json\/wp\/v2\/pages\/47"}],"wp:attachment":[{"href":"https:\/\/snitz.se\/gymnasium\/wp-json\/wp\/v2\/media?parent=49"}],"curies":[{"name":"wp","href":"https:\/\/api.w.org\/{rel}","templated":true}]}}