{"id":86,"date":"2024-01-15T12:36:37","date_gmt":"2024-01-15T12:36:37","guid":{"rendered":"https:\/\/snitz.se\/gymnasium\/?page_id=86"},"modified":"2026-04-14T06:55:26","modified_gmt":"2026-04-14T06:55:26","slug":"lokaler","status":"publish","type":"page","link":"https:\/\/snitz.se\/gymnasium\/om-skolan\/lokaler\/","title":{"rendered":"V\u00e5ra lokaler"},"content":{"rendered":"\n\t\n\t\n\t\n\n\t\n\t\n\t\t\n<section  class=\"c-block l-stacked  \" data-color-scheme=\"white\">\n\t<div class=\"ams-fifty ams-fifty--container ams-fifty--right ams-fifty--bottom l-container u-pt-fluid-3xl-6xl u-pb-fluid-3xl-6xl\">\n\t\t<div class=\"ams-fifty__content l-stack l-stack-xl is-left is-left@lg\">\n\t\t\t<div class=\"ams-fifty__text l-stack l-stack-lg\">\n\t\t\t\t\t\n\t<h1\n\tclass=\"c-heading u-font-title-1 \"\n\tstyle=\"\">\n\t\t\n\t\t\t\t\tV\u00e5ra lokaler\n\t\t\t\t\n\t<\/h1>\n\n\t\t\t\t\t\t\t\t\t<div class=\"text l-stack u-font-body\">\n\t\t\t\t\t\t<p>Inf\u00f6r v\u00e5rterminen 2026 flyttade vi till Stora Essingen, h\u00e4r har vi nu egna skollokaler som \u00e4r b\u00e4ttre anpassade f\u00f6r v\u00e5rt s\u00e4tt att arbeta. Lokalerna \u00e4r st\u00f6rre och kommer g\u00f6ra det l\u00e4ttare f\u00f6r oss att skapa en trygg, f\u00f6ruts\u00e4gbar och trivsam skolmilj\u00f6.<\/p>\n<p>Milj\u00f6n kring skolan kommer ocks\u00e5 att vara lugnare och mer naturn\u00e4ra \u00e4n den vi hade n\u00e4r vi l\u00e5g mitt i stan.<\/p>\n\n\t\t\t\t\t<\/div>\n\t\t\t\t\t\t\t<\/div>\n\n\t\t\t\t\t<\/div>\n\n\t\t <div class=\"ams-fifty__media u-ratio-square\">\n\t\t \t\t\t\t\t<img loading=\"lazy\" decoding=\"async\" width=\"600\" height=\"467\" src=\"https:\/\/snitz.se\/wp-content\/uploads\/sites\/3\/2026\/04\/mg4182-e1776149580263-600x467.jpg\" class=\"attachment-md size-md\" alt=\"Tre elever som l\u00e4ser tillsammans i biblioteket.\" sizes=\"(min-width: 64em) 600px, calc(100vw - 160px)\" srcset=\"https:\/\/snitz.se\/wp-content\/uploads\/sites\/3\/2026\/04\/mg4182-e1776149580263-600x467.jpg 600w, https:\/\/snitz.se\/wp-content\/uploads\/sites\/3\/2026\/04\/mg4182-e1776149580263-300x233.jpg 300w, https:\/\/snitz.se\/wp-content\/uploads\/sites\/3\/2026\/04\/mg4182-e1776149580263-400x311.jpg 400w, https:\/\/snitz.se\/wp-content\/uploads\/sites\/3\/2026\/04\/mg4182-e1776149580263-800x623.jpg 800w, https:\/\/snitz.se\/wp-content\/uploads\/sites\/3\/2026\/04\/mg4182-e1776149580263-1024x797.jpg 1024w, https:\/\/snitz.se\/wp-content\/uploads\/sites\/3\/2026\/04\/mg4182-e1776149580263-1200x934.jpg 1200w, https:\/\/snitz.se\/wp-content\/uploads\/sites\/3\/2026\/04\/mg4182-e1776149580263.jpg 1285w\" \/>\n\t\t\t\n\t\t\t\n\t\t\t\t\t<\/div>\n\t<\/div>\n\n\t\t\n\n<\/section>\n\n\n\n\t\n\t\n\t\n\n\t\n\t\n\t\t\n<section  class=\"c-block l-stacked  \" data-color-scheme=\"gray\">\n\t<div class=\"ams-fifty ams-fifty--container ams-fifty--left ams-fifty--bottom l-container u-pt-fluid-3xl-6xl u-pb-fluid-3xl-6xl\">\n\t\t<div class=\"ams-fifty__content l-stack l-stack-xl is-left is-left@lg\">\n\t\t\t<div class=\"ams-fifty__text l-stack l-stack-lg\">\n\t\t\t\t\t\n\t<h2\n\tclass=\"c-heading u-font-title-1 \"\n\tstyle=\"\">\n\t\t\n\t\t\t\t\tHemklassrum\n\t\t\t\t\n\t<\/h2>\n\n\t\t\t\t\t\t\t\t\t<div class=\"text l-stack u-font-body\">\n\t\t\t\t\t\t<p>Klassrummen har en stimulifattig milj\u00f6 d\u00e4r eleverna har best\u00e4mda platser med tillg\u00e5ng till avskiljande sk\u00e4rm vid behov. Majoriteten av lektionerna sker i elevens hemklassrum med undantag f\u00f6r kurser som kr\u00e4ver s\u00e4rskild undervisningssal som till exempel bildsalslektioner.<\/p>\n<p>Alla klassrum \u00e4r utrustade med timetimer, tystg\u00e5ende klocka och en visuellt strukturerad whiteboard<\/p>\n\n\t\t\t\t\t<\/div>\n\t\t\t\t\t\t\t<\/div>\n\n\t\t\t\t<div class=\"ams-fifty__action u-inline-items\">\n\t\t\t\t\t\t\t\n\n\n<a href=\"https:\/\/snitz.se\/gymnasium\/om-skolan\/for-dig-med-npf-diagnos\/\"\n\t\n\tclass=\"c-btn \"\n\tdata-style=\"rounded\"\n\tdata-size=\"md\"\n\tdata-width=\"full-mobile\"\n\tdata-variant=\"default\"\n\ttarget=\"_self\">\n\t\t\t<span class=\"label\"> L\u00e4s om v\u00e5r l\u00e4rmilj\u00f6<\/span>\n\t\t\t<\/a>\n\t\t\t<\/div>\n\t\t<\/div>\n\n\t\t <div class=\"ams-fifty__media u-ratio-square\">\n\t\t \t\t\t\t\t<img loading=\"lazy\" decoding=\"async\" width=\"600\" height=\"400\" src=\"https:\/\/snitz.se\/wp-content\/uploads\/sites\/3\/2026\/04\/mg5059-600x400.jpg\" class=\"attachment-md size-md\" alt=\"L\u00e4rare som undervisar och pekar glatt mot tavlan.\" sizes=\"(min-width: 64em) 600px, calc(100vw - 160px)\" srcset=\"https:\/\/snitz.se\/wp-content\/uploads\/sites\/3\/2026\/04\/mg5059-600x400.jpg 600w, https:\/\/snitz.se\/wp-content\/uploads\/sites\/3\/2026\/04\/mg5059-300x200.jpg 300w, https:\/\/snitz.se\/wp-content\/uploads\/sites\/3\/2026\/04\/mg5059-400x267.jpg 400w, https:\/\/snitz.se\/wp-content\/uploads\/sites\/3\/2026\/04\/mg5059-800x533.jpg 800w, https:\/\/snitz.se\/wp-content\/uploads\/sites\/3\/2026\/04\/mg5059-1024x683.jpg 1024w, https:\/\/snitz.se\/wp-content\/uploads\/sites\/3\/2026\/04\/mg5059-1200x800.jpg 1200w, https:\/\/snitz.se\/wp-content\/uploads\/sites\/3\/2026\/04\/mg5059.jpg 1500w\" \/>\n\t\t\t\n\t\t\t\n\t\t\t\t\t<\/div>\n\t<\/div>\n\n\t\t\n\n<\/section>\n\n\n\n\n<section  class=\"ams-cta ams-cta--stacked c-block l-stacked\" data-color-scheme=\"orange\">\n\t<div class=\"l-container-narrow l-stack l-stack-fluid-2xl u-pt-fluid-3xl-6xl u-pb-fluid-3xl-6xl is-center is-center@md\">\n\t\t\t\t\t<div class=\"ams-cta__intro l-stack l-stack-lg\">\n\t\t\t\t\t\n\t<h2\n\tclass=\"c-heading u-font-title-1 \"\n\tstyle=\"\">\n\t\t\n\t\t\t\t\tHar du fr\u00e5gor om v\u00e5ra lokaler?\n\t\t\t\t\n\t<\/h2>\n\n\t\t\t\t\t\t\t\t\t<div class=\"c-text l-stack u-cs-xl u-font-body\">\n\t\t\t\t\t\t<p>Bes\u00f6k oss p\u00e5 \u00f6ppet hus f\u00f6r att se lokalerna med egna \u00f6gon samt tr\u00e4ffa elever och l\u00e4rare som ber\u00e4ttar om v\u00e5ra program. Du kan ocks\u00e5 kontakta oss direkt via mail eller telefon.<\/p>\n\n\t\t\t\t\t<\/div>\n\t\t\t\t\t\t\t<\/div>\n\t\t\n\t\t\n\t\t\t<div class=\"ams-cta__action u-inline-items\">\n\t\t\t\t\t\t\t\n\n\n<a href=\"https:\/\/snitz.se\/gymnasium\/oppet-hus\/\"\n\t\n\tclass=\"c-btn \"\n\tdata-style=\"rounded\"\n\tdata-size=\"md\"\n\tdata-width=\"full-mobile\"\n\tdata-variant=\"default\"\n\ttarget=\"_self\">\n\t\t\t<span class=\"label\"> Kom p\u00e5 \u00f6ppet hus <\/span>\n\t\t\t<\/a>\n\t\t\t\t\t\t\t\n\n\n<a href=\"https:\/\/snitz.se\/gymnasium\/kontakta-oss\/\"\n\t\n\tclass=\"c-btn \"\n\tdata-style=\"rounded\"\n\tdata-size=\"md\"\n\tdata-width=\"full-mobile\"\n\tdata-variant=\"outline\"\n\ttarget=\"_self\">\n\t\t\t<span class=\"label\"> Kontakta oss<\/span>\n\t\t\t<\/a>\n\t\t\t<\/div>\n\t<\/div>\n\n\t\t\n\n<\/section>\n","protected":false},"excerpt":{"rendered":"","protected":false},"author":1,"featured_media":1436,"parent":47,"menu_order":0,"comment_status":"closed","ping_status":"closed","template":"","meta":{"footnotes":""},"yoast_head":"<!-- This site is optimized with the Yoast SEO plugin v22.0 - https:\/\/yoast.com\/wordpress\/plugins\/seo\/ -->\n<title>Snitz Gymnasium<\/title>\n<meta name=\"description\" content=\"Snitz gymnasium har tv\u00e5 v\u00e5ningsplan p\u00e5 centralt bel\u00e4gna Hagagatan. P\u00e5 skolan finns fotostudio, bildsal, el-labb, datorsalar och idrottssal.\" \/>\n<meta name=\"robots\" content=\"index, follow, max-snippet:-1, max-image-preview:large, max-video-preview:-1\" \/>\n<link rel=\"canonical\" href=\"https:\/\/snitz.se\/gymnasium\/om-skolan\/lokaler\/\" \/>\n<meta property=\"og:locale\" content=\"sv_SE\" \/>\n<meta property=\"og:type\" content=\"article\" \/>\n<meta property=\"og:description\" content=\"Snitz gymnasium har tv\u00e5 v\u00e5ningsplan p\u00e5 centralt bel\u00e4gna Hagagatan. P\u00e5 skolan finns fotostudio, bildsal, el-labb, datorsalar och idrottssal.\" \/>\n<meta property=\"og:url\" content=\"https:\/\/snitz.se\/gymnasium\/om-skolan\/lokaler\/\" \/>\n<meta property=\"og:site_name\" content=\"Snitz Gymnasium\" \/>\n<meta property=\"article:modified_time\" content=\"2026-04-14T06:55:26+00:00\" \/>\n<meta property=\"og:image\" content=\"https:\/\/snitz.se\/wp-content\/uploads\/sites\/3\/2026\/04\/mg4182-e1776149580263-1200x630.jpg\" \/>\n\t<meta property=\"og:image:width\" content=\"1200\" \/>\n\t<meta property=\"og:image:height\" content=\"630\" \/>\n\t<meta property=\"og:image:type\" content=\"image\/jpeg\" \/>\n<meta name=\"twitter:card\" content=\"summary_large_image\" \/>\n<meta name=\"twitter:description\" content=\"Snitz gymnasium har tv\u00e5 v\u00e5ningsplan p\u00e5 centralt bel\u00e4gna Hagagatan. P\u00e5 skolan finns fotostudio, bildsal, el-labb, datorsalar och idrottssal.\" \/>\n<meta name=\"twitter:image\" content=\"https:\/\/snitz.se\/wp-content\/uploads\/sites\/3\/2026\/04\/mg4182-e1776149580263-1200x630.jpg\" \/>\n<meta name=\"twitter:label1\" content=\"Ber\u00e4knad l\u00e4stid\" \/>\n\t<meta name=\"twitter:data1\" content=\"2 minuter\" \/>\n<script type=\"application\/ld+json\" class=\"yoast-schema-graph\">{\"@context\":\"https:\/\/schema.org\",\"@graph\":[{\"@type\":\"WebPage\",\"@id\":\"https:\/\/snitz.se\/gymnasium\/om-skolan\/lokaler\/\",\"url\":\"https:\/\/snitz.se\/gymnasium\/om-skolan\/lokaler\/\",\"name\":\"V\u00e5ra lokaler - Snitz Gymnasium\",\"isPartOf\":{\"@id\":\"https:\/\/snitz.se\/gymnasium\/#website\"},\"datePublished\":\"2024-01-15T12:36:37+00:00\",\"dateModified\":\"2026-04-14T06:55:26+00:00\",\"description\":\"Snitz gymnasium har tv\u00e5 v\u00e5ningsplan p\u00e5 centralt bel\u00e4gna Hagagatan. P\u00e5 skolan finns fotostudio, bildsal, el-labb, datorsalar och idrottssal.\",\"breadcrumb\":{\"@id\":\"https:\/\/snitz.se\/gymnasium\/om-skolan\/lokaler\/#breadcrumb\"},\"inLanguage\":\"sv-SE\",\"potentialAction\":[{\"@type\":\"ReadAction\",\"target\":[\"https:\/\/snitz.se\/gymnasium\/om-skolan\/lokaler\/\"]}]},{\"@type\":\"BreadcrumbList\",\"@id\":\"https:\/\/snitz.se\/gymnasium\/om-skolan\/lokaler\/#breadcrumb\",\"itemListElement\":[{\"@type\":\"ListItem\",\"position\":1,\"name\":\"Hem\",\"item\":\"https:\/\/snitz.se\/gymnasium\/\"},{\"@type\":\"ListItem\",\"position\":2,\"name\":\"Om skolan\",\"item\":\"https:\/\/snitz.se\/gymnasium\/om-skolan\/\"},{\"@type\":\"ListItem\",\"position\":3,\"name\":\"V\u00e5ra lokaler\"}]},{\"@type\":\"WebSite\",\"@id\":\"https:\/\/snitz.se\/gymnasium\/#website\",\"url\":\"https:\/\/snitz.se\/gymnasium\/\",\"name\":\"Snitz Gymnasium\",\"description\":\"Just another WordPress site\",\"potentialAction\":[{\"@type\":\"SearchAction\",\"target\":{\"@type\":\"EntryPoint\",\"urlTemplate\":\"https:\/\/snitz.se\/gymnasium\/?s={search_term_string}\"},\"query-input\":\"required name=search_term_string\"}],\"inLanguage\":\"sv-SE\"}]}<\/script>\n<!-- \/ Yoast SEO plugin. -->","yoast_head_json":{"title":"Snitz Gymnasium","description":"Snitz gymnasium har tv\u00e5 v\u00e5ningsplan p\u00e5 centralt bel\u00e4gna Hagagatan. P\u00e5 skolan finns fotostudio, bildsal, el-labb, datorsalar och idrottssal.","robots":{"index":"index","follow":"follow","max-snippet":"max-snippet:-1","max-image-preview":"max-image-preview:large","max-video-preview":"max-video-preview:-1"},"canonical":"https:\/\/snitz.se\/gymnasium\/om-skolan\/lokaler\/","og_locale":"sv_SE","og_type":"article","og_description":"Snitz gymnasium har tv\u00e5 v\u00e5ningsplan p\u00e5 centralt bel\u00e4gna Hagagatan. P\u00e5 skolan finns fotostudio, bildsal, el-labb, datorsalar och idrottssal.","og_url":"https:\/\/snitz.se\/gymnasium\/om-skolan\/lokaler\/","og_site_name":"Snitz Gymnasium","article_modified_time":"2026-04-14T06:55:26+00:00","og_image":[{"width":1200,"height":630,"url":"https:\/\/snitz.se\/wp-content\/uploads\/sites\/3\/2026\/04\/mg4182-e1776149580263-1200x630.jpg","type":"image\/jpeg"}],"twitter_card":"summary_large_image","twitter_description":"Snitz gymnasium har tv\u00e5 v\u00e5ningsplan p\u00e5 centralt bel\u00e4gna Hagagatan. P\u00e5 skolan finns fotostudio, bildsal, el-labb, datorsalar och idrottssal.","twitter_image":"https:\/\/snitz.se\/wp-content\/uploads\/sites\/3\/2026\/04\/mg4182-e1776149580263-1200x630.jpg","twitter_misc":{"Ber\u00e4knad l\u00e4stid":"2 minuter"},"schema":{"@context":"https:\/\/schema.org","@graph":[{"@type":"WebPage","@id":"https:\/\/snitz.se\/gymnasium\/om-skolan\/lokaler\/","url":"https:\/\/snitz.se\/gymnasium\/om-skolan\/lokaler\/","name":"V\u00e5ra lokaler - Snitz Gymnasium","isPartOf":{"@id":"https:\/\/snitz.se\/gymnasium\/#website"},"datePublished":"2024-01-15T12:36:37+00:00","dateModified":"2026-04-14T06:55:26+00:00","description":"Snitz gymnasium har tv\u00e5 v\u00e5ningsplan p\u00e5 centralt bel\u00e4gna Hagagatan. P\u00e5 skolan finns fotostudio, bildsal, el-labb, datorsalar och idrottssal.","breadcrumb":{"@id":"https:\/\/snitz.se\/gymnasium\/om-skolan\/lokaler\/#breadcrumb"},"inLanguage":"sv-SE","potentialAction":[{"@type":"ReadAction","target":["https:\/\/snitz.se\/gymnasium\/om-skolan\/lokaler\/"]}]},{"@type":"BreadcrumbList","@id":"https:\/\/snitz.se\/gymnasium\/om-skolan\/lokaler\/#breadcrumb","itemListElement":[{"@type":"ListItem","position":1,"name":"Hem","item":"https:\/\/snitz.se\/gymnasium\/"},{"@type":"ListItem","position":2,"name":"Om skolan","item":"https:\/\/snitz.se\/gymnasium\/om-skolan\/"},{"@type":"ListItem","position":3,"name":"V\u00e5ra lokaler"}]},{"@type":"WebSite","@id":"https:\/\/snitz.se\/gymnasium\/#website","url":"https:\/\/snitz.se\/gymnasium\/","name":"Snitz Gymnasium","description":"Just another WordPress site","potentialAction":[{"@type":"SearchAction","target":{"@type":"EntryPoint","urlTemplate":"https:\/\/snitz.se\/gymnasium\/?s={search_term_string}"},"query-input":"required name=search_term_string"}],"inLanguage":"sv-SE"}]}},"_links":{"self":[{"href":"https:\/\/snitz.se\/gymnasium\/wp-json\/wp\/v2\/pages\/86"}],"collection":[{"href":"https:\/\/snitz.se\/gymnasium\/wp-json\/wp\/v2\/pages"}],"about":[{"href":"https:\/\/snitz.se\/gymnasium\/wp-json\/wp\/v2\/types\/page"}],"author":[{"embeddable":true,"href":"https:\/\/snitz.se\/gymnasium\/wp-json\/wp\/v2\/users\/1"}],"replies":[{"embeddable":true,"href":"https:\/\/snitz.se\/gymnasium\/wp-json\/wp\/v2\/comments?post=86"}],"version-history":[{"count":9,"href":"https:\/\/snitz.se\/gymnasium\/wp-json\/wp\/v2\/pages\/86\/revisions"}],"predecessor-version":[{"id":1452,"href":"https:\/\/snitz.se\/gymnasium\/wp-json\/wp\/v2\/pages\/86\/revisions\/1452"}],"up":[{"embeddable":true,"href":"https:\/\/snitz.se\/gymnasium\/wp-json\/wp\/v2\/pages\/47"}],"wp:featuredmedia":[{"embeddable":true,"href":"https:\/\/snitz.se\/gymnasium\/wp-json\/wp\/v2\/media\/1436"}],"wp:attachment":[{"href":"https:\/\/snitz.se\/gymnasium\/wp-json\/wp\/v2\/media?parent=86"}],"curies":[{"name":"wp","href":"https:\/\/api.w.org\/{rel}","templated":true}]}}