{"id":91,"date":"2024-01-15T12:39:22","date_gmt":"2024-01-15T12:39:22","guid":{"rendered":"https:\/\/snitz.se\/gymnasium\/?page_id=91"},"modified":"2026-04-14T13:12:35","modified_gmt":"2026-04-14T13:12:35","slug":"lasarstider","status":"publish","type":"page","link":"https:\/\/snitz.se\/gymnasium\/om-skolan\/lasarstider\/","title":{"rendered":"L\u00e4s\u00e5rstider"},"content":{"rendered":"\n\t\n\t\n\t\n\n\t\n\t\n\t\t\n<section  class=\"c-block l-stacked  \" data-color-scheme=\"white\">\n\t<div class=\"ams-fifty ams-fifty--container ams-fifty--right ams-fifty--bottom l-container u-pt-fluid-3xl-6xl u-pb-fluid-3xl-6xl\">\n\t\t<div class=\"ams-fifty__content l-stack l-stack-xl is-left is-left@lg\">\n\t\t\t<div class=\"ams-fifty__text l-stack l-stack-lg\">\n\t\t\t\t\t\n\t<h1\n\tclass=\"c-heading u-font-title-1 \"\n\tstyle=\"\">\n\t\t\n\t\t\t\t\tL\u00e4s\u00e5rstider f\u00f6r dig som g\u00e5r p\u00e5 Snitz\n\t\t\t\t\n\t<\/h1>\n\n\t\t\t\t\t\t\t\t\t<div class=\"text l-stack u-font-body\">\n\t\t\t\t\t\t<p>H\u00e4r hittar du aktuella datum f\u00f6r verksamheten. Mer information om till exempel studiedagar och andra avvikelser finns i <a href=\"https:\/\/sms.schoolsoft.se\/pps\/jsp\/Login.jsp\" target=\"_blank\" rel=\"noopener\">SchoolSoft<\/a>.<\/p>\n<p><strong>V\u00e5rterminen 2026<\/strong><\/p>\n<ul>\n<li>Skolavslutning: 9 juni<\/li>\n<li>Student: 10 juni<\/li>\n<\/ul>\n<p><strong>H\u00f6stterminen 2026<\/strong><\/p>\n<ul>\n<li>Terminsstart: 18 augusti<\/li>\n<li>H\u00f6stlov: v.44 (26-30 oktober)<\/li>\n<li>Jullov: 21 december &#8211; 7 januari<\/li>\n<\/ul>\n<p><strong>V\u00e5rterminen 2027\u00a0<\/strong><\/p>\n<ul>\n<li>Terminsstart: 8 januari<\/li>\n<li>Sportlov: v.9 (1-5 mars)<\/li>\n<li>P\u00e5sklov: 30 mars &#8211; 2 april<\/li>\n<li>Skolavslutning: 10 juni<\/li>\n<li>Student: 11 juni<\/li>\n<\/ul>\n\n\t\t\t\t\t<\/div>\n\t\t\t\t\t\t\t<\/div>\n\n\t\t\t\t\t<\/div>\n\n\t\t <div class=\"ams-fifty__media u-ratio-square\">\n\t\t \t\t\t\t\t<img loading=\"lazy\" decoding=\"async\" width=\"600\" height=\"476\" src=\"https:\/\/snitz.se\/wp-content\/uploads\/sites\/3\/2026\/04\/mg3513-e1776152208424-600x476.jpg\" class=\"attachment-md size-md\" alt=\"Tv\u00e5 elever p\u00e5 promenad vid vattnet.\" sizes=\"(min-width: 64em) 600px, calc(100vw - 160px)\" srcset=\"https:\/\/snitz.se\/wp-content\/uploads\/sites\/3\/2026\/04\/mg3513-e1776152208424-600x476.jpg 600w, https:\/\/snitz.se\/wp-content\/uploads\/sites\/3\/2026\/04\/mg3513-e1776152208424-300x238.jpg 300w, https:\/\/snitz.se\/wp-content\/uploads\/sites\/3\/2026\/04\/mg3513-e1776152208424-400x317.jpg 400w, https:\/\/snitz.se\/wp-content\/uploads\/sites\/3\/2026\/04\/mg3513-e1776152208424-800x635.jpg 800w, https:\/\/snitz.se\/wp-content\/uploads\/sites\/3\/2026\/04\/mg3513-e1776152208424-1024x813.jpg 1024w, https:\/\/snitz.se\/wp-content\/uploads\/sites\/3\/2026\/04\/mg3513-e1776152208424-1200x952.jpg 1200w, https:\/\/snitz.se\/wp-content\/uploads\/sites\/3\/2026\/04\/mg3513-e1776152208424.jpg 1260w\" \/>\n\t\t\t\n\t\t\t\n\t\t\t\t\t<\/div>\n\t<\/div>\n\n\t\t\n\n<\/section>\n\n\n\n\n<section  class=\"ams-cta ams-cta--stacked c-block l-stacked\" data-color-scheme=\"orange\">\n\t<div class=\"l-container-narrow l-stack l-stack-fluid-2xl u-pt-fluid-3xl-6xl u-pb-fluid-3xl-6xl is-center is-center@md\">\n\t\t\t\t\t<div class=\"ams-cta__intro l-stack l-stack-lg\">\n\t\t\t\t\t\n\t<h2\n\tclass=\"c-heading u-font-title-1 \"\n\tstyle=\"\">\n\t\t\n\t\t\t\t\tHar du fr\u00e5gor?\n\t\t\t\t\n\t<\/h2>\n\n\t\t\t\t\t\t\t\t\t<div class=\"c-text l-stack u-cs-xl u-font-body\">\n\t\t\t\t\t\t<p>Du kan alltid kontakta oss direkt eller logga in p\u00e5 SchoolSoft f\u00f6r att se aktuell information f\u00f6r v\u00e5rdnadshavare och elever.<\/p>\n\n\t\t\t\t\t<\/div>\n\t\t\t\t\t\t\t<\/div>\n\t\t\n\t\t\n\t\t\t<div class=\"ams-cta__action u-inline-items\">\n\t\t\t\t\t\t\t\n\n\n<a href=\"https:\/\/snitz.se\/gymnasium\/kontakta-oss\/\"\n\t\n\tclass=\"c-btn \"\n\tdata-style=\"rounded\"\n\tdata-size=\"md\"\n\tdata-width=\"full-mobile\"\n\tdata-variant=\"default\"\n\ttarget=\"_self\">\n\t\t\t<span class=\"label\"> Kontakta oss<\/span>\n\t\t\t<\/a>\n\t\t\t\t\t\t\t\n\n\n<a href=\"https:\/\/sms.schoolsoft.se\/pps\/jsp\/Login.jsp\"\n\t\n\tclass=\"c-btn \"\n\tdata-style=\"rounded\"\n\tdata-size=\"md\"\n\tdata-width=\"full-mobile\"\n\tdata-variant=\"default\"\n\ttarget=\"_blank\">\n\t\t\t<span class=\"label\"> Till SchoolSoft<\/span>\n\t\t\t<\/a>\n\t\t\t<\/div>\n\t<\/div>\n\n\t\t\n\n<\/section>\n","protected":false},"excerpt":{"rendered":"","protected":false},"author":1,"featured_media":1425,"parent":47,"menu_order":0,"comment_status":"closed","ping_status":"closed","template":"","meta":{"footnotes":""},"yoast_head":"<!-- This site is optimized with the Yoast SEO plugin v22.0 - https:\/\/yoast.com\/wordpress\/plugins\/seo\/ -->\n<title>L\u00e4s\u00e5rstider hos Snitz Gymnasium<\/title>\n<meta name=\"description\" content=\"H\u00e4r hittar du aktuella datum f\u00f6r verksamheten. Mer information om till exempel studiedagar och andra avvikelser finns i SchoolSoft.\" \/>\n<meta name=\"robots\" content=\"index, follow, max-snippet:-1, max-image-preview:large, max-video-preview:-1\" \/>\n<link rel=\"canonical\" href=\"https:\/\/snitz.se\/gymnasium\/om-skolan\/lasarstider\/\" \/>\n<meta property=\"og:locale\" content=\"sv_SE\" \/>\n<meta property=\"og:type\" content=\"article\" \/>\n<meta property=\"og:title\" content=\"L\u00e4s\u00e5rstider hos Snitz Gymnasium\" \/>\n<meta property=\"og:description\" content=\"H\u00e4r hittar du aktuella datum f\u00f6r verksamheten. Mer information om till exempel studiedagar och andra avvikelser finns i SchoolSoft.\" \/>\n<meta property=\"og:url\" content=\"https:\/\/snitz.se\/gymnasium\/om-skolan\/lasarstider\/\" \/>\n<meta property=\"og:site_name\" content=\"Snitz Gymnasium\" \/>\n<meta property=\"article:modified_time\" content=\"2026-04-14T13:12:35+00:00\" \/>\n<meta property=\"og:image\" content=\"https:\/\/snitz.se\/wp-content\/uploads\/sites\/3\/2026\/04\/mg3513-e1776152208424-1200x630.jpg\" \/>\n\t<meta property=\"og:image:width\" content=\"1200\" \/>\n\t<meta property=\"og:image:height\" content=\"630\" \/>\n\t<meta property=\"og:image:type\" content=\"image\/jpeg\" \/>\n<meta name=\"twitter:card\" content=\"summary_large_image\" \/>\n<meta name=\"twitter:title\" content=\"L\u00e4s\u00e5rstider hos Snitz Gymnasium\" \/>\n<meta name=\"twitter:description\" content=\"H\u00e4r hittar du aktuella datum f\u00f6r verksamheten. Mer information om till exempel studiedagar och andra avvikelser finns i SchoolSoft.\" \/>\n<meta name=\"twitter:image\" content=\"https:\/\/snitz.se\/wp-content\/uploads\/sites\/3\/2026\/04\/mg3513-e1776152208424-1200x630.jpg\" \/>\n<meta name=\"twitter:label1\" content=\"Ber\u00e4knad l\u00e4stid\" \/>\n\t<meta name=\"twitter:data1\" content=\"1 minut\" \/>\n<script type=\"application\/ld+json\" class=\"yoast-schema-graph\">{\"@context\":\"https:\/\/schema.org\",\"@graph\":[{\"@type\":\"WebPage\",\"@id\":\"https:\/\/snitz.se\/gymnasium\/om-skolan\/lasarstider\/\",\"url\":\"https:\/\/snitz.se\/gymnasium\/om-skolan\/lasarstider\/\",\"name\":\"L\u00e4s\u00e5rstider hos Snitz Gymnasium\",\"isPartOf\":{\"@id\":\"https:\/\/snitz.se\/gymnasium\/#website\"},\"datePublished\":\"2024-01-15T12:39:22+00:00\",\"dateModified\":\"2026-04-14T13:12:35+00:00\",\"description\":\"H\u00e4r hittar du aktuella datum f\u00f6r verksamheten. Mer information om till exempel studiedagar och andra avvikelser finns i SchoolSoft.\",\"breadcrumb\":{\"@id\":\"https:\/\/snitz.se\/gymnasium\/om-skolan\/lasarstider\/#breadcrumb\"},\"inLanguage\":\"sv-SE\",\"potentialAction\":[{\"@type\":\"ReadAction\",\"target\":[\"https:\/\/snitz.se\/gymnasium\/om-skolan\/lasarstider\/\"]}]},{\"@type\":\"BreadcrumbList\",\"@id\":\"https:\/\/snitz.se\/gymnasium\/om-skolan\/lasarstider\/#breadcrumb\",\"itemListElement\":[{\"@type\":\"ListItem\",\"position\":1,\"name\":\"Hem\",\"item\":\"https:\/\/snitz.se\/gymnasium\/\"},{\"@type\":\"ListItem\",\"position\":2,\"name\":\"Om skolan\",\"item\":\"https:\/\/snitz.se\/gymnasium\/om-skolan\/\"},{\"@type\":\"ListItem\",\"position\":3,\"name\":\"L\u00e4s\u00e5rstider\"}]},{\"@type\":\"WebSite\",\"@id\":\"https:\/\/snitz.se\/gymnasium\/#website\",\"url\":\"https:\/\/snitz.se\/gymnasium\/\",\"name\":\"Snitz Gymnasium\",\"description\":\"Just another WordPress site\",\"potentialAction\":[{\"@type\":\"SearchAction\",\"target\":{\"@type\":\"EntryPoint\",\"urlTemplate\":\"https:\/\/snitz.se\/gymnasium\/?s={search_term_string}\"},\"query-input\":\"required name=search_term_string\"}],\"inLanguage\":\"sv-SE\"}]}<\/script>\n<!-- \/ Yoast SEO plugin. -->","yoast_head_json":{"title":"L\u00e4s\u00e5rstider hos Snitz Gymnasium","description":"H\u00e4r hittar du aktuella datum f\u00f6r verksamheten. Mer information om till exempel studiedagar och andra avvikelser finns i SchoolSoft.","robots":{"index":"index","follow":"follow","max-snippet":"max-snippet:-1","max-image-preview":"max-image-preview:large","max-video-preview":"max-video-preview:-1"},"canonical":"https:\/\/snitz.se\/gymnasium\/om-skolan\/lasarstider\/","og_locale":"sv_SE","og_type":"article","og_title":"L\u00e4s\u00e5rstider hos Snitz Gymnasium","og_description":"H\u00e4r hittar du aktuella datum f\u00f6r verksamheten. Mer information om till exempel studiedagar och andra avvikelser finns i SchoolSoft.","og_url":"https:\/\/snitz.se\/gymnasium\/om-skolan\/lasarstider\/","og_site_name":"Snitz Gymnasium","article_modified_time":"2026-04-14T13:12:35+00:00","og_image":[{"width":1200,"height":630,"url":"https:\/\/snitz.se\/wp-content\/uploads\/sites\/3\/2026\/04\/mg3513-e1776152208424-1200x630.jpg","type":"image\/jpeg"}],"twitter_card":"summary_large_image","twitter_title":"L\u00e4s\u00e5rstider hos Snitz Gymnasium","twitter_description":"H\u00e4r hittar du aktuella datum f\u00f6r verksamheten. Mer information om till exempel studiedagar och andra avvikelser finns i SchoolSoft.","twitter_image":"https:\/\/snitz.se\/wp-content\/uploads\/sites\/3\/2026\/04\/mg3513-e1776152208424-1200x630.jpg","twitter_misc":{"Ber\u00e4knad l\u00e4stid":"1 minut"},"schema":{"@context":"https:\/\/schema.org","@graph":[{"@type":"WebPage","@id":"https:\/\/snitz.se\/gymnasium\/om-skolan\/lasarstider\/","url":"https:\/\/snitz.se\/gymnasium\/om-skolan\/lasarstider\/","name":"L\u00e4s\u00e5rstider hos Snitz Gymnasium","isPartOf":{"@id":"https:\/\/snitz.se\/gymnasium\/#website"},"datePublished":"2024-01-15T12:39:22+00:00","dateModified":"2026-04-14T13:12:35+00:00","description":"H\u00e4r hittar du aktuella datum f\u00f6r verksamheten. Mer information om till exempel studiedagar och andra avvikelser finns i SchoolSoft.","breadcrumb":{"@id":"https:\/\/snitz.se\/gymnasium\/om-skolan\/lasarstider\/#breadcrumb"},"inLanguage":"sv-SE","potentialAction":[{"@type":"ReadAction","target":["https:\/\/snitz.se\/gymnasium\/om-skolan\/lasarstider\/"]}]},{"@type":"BreadcrumbList","@id":"https:\/\/snitz.se\/gymnasium\/om-skolan\/lasarstider\/#breadcrumb","itemListElement":[{"@type":"ListItem","position":1,"name":"Hem","item":"https:\/\/snitz.se\/gymnasium\/"},{"@type":"ListItem","position":2,"name":"Om skolan","item":"https:\/\/snitz.se\/gymnasium\/om-skolan\/"},{"@type":"ListItem","position":3,"name":"L\u00e4s\u00e5rstider"}]},{"@type":"WebSite","@id":"https:\/\/snitz.se\/gymnasium\/#website","url":"https:\/\/snitz.se\/gymnasium\/","name":"Snitz Gymnasium","description":"Just another WordPress site","potentialAction":[{"@type":"SearchAction","target":{"@type":"EntryPoint","urlTemplate":"https:\/\/snitz.se\/gymnasium\/?s={search_term_string}"},"query-input":"required name=search_term_string"}],"inLanguage":"sv-SE"}]}},"_links":{"self":[{"href":"https:\/\/snitz.se\/gymnasium\/wp-json\/wp\/v2\/pages\/91"}],"collection":[{"href":"https:\/\/snitz.se\/gymnasium\/wp-json\/wp\/v2\/pages"}],"about":[{"href":"https:\/\/snitz.se\/gymnasium\/wp-json\/wp\/v2\/types\/page"}],"author":[{"embeddable":true,"href":"https:\/\/snitz.se\/gymnasium\/wp-json\/wp\/v2\/users\/1"}],"replies":[{"embeddable":true,"href":"https:\/\/snitz.se\/gymnasium\/wp-json\/wp\/v2\/comments?post=91"}],"version-history":[{"count":10,"href":"https:\/\/snitz.se\/gymnasium\/wp-json\/wp\/v2\/pages\/91\/revisions"}],"predecessor-version":[{"id":1586,"href":"https:\/\/snitz.se\/gymnasium\/wp-json\/wp\/v2\/pages\/91\/revisions\/1586"}],"up":[{"embeddable":true,"href":"https:\/\/snitz.se\/gymnasium\/wp-json\/wp\/v2\/pages\/47"}],"wp:featuredmedia":[{"embeddable":true,"href":"https:\/\/snitz.se\/gymnasium\/wp-json\/wp\/v2\/media\/1425"}],"wp:attachment":[{"href":"https:\/\/snitz.se\/gymnasium\/wp-json\/wp\/v2\/media?parent=91"}],"curies":[{"name":"wp","href":"https:\/\/api.w.org\/{rel}","templated":true}]}}